{"id":10316,"date":"2024-09-04T11:28:10","date_gmt":"2024-09-04T09:28:10","guid":{"rendered":"http:\/\/wordpress.p391076.webspaceconfig.de\/information-et-formulaire-de-retractation\/"},"modified":"2025-03-06T14:43:18","modified_gmt":"2025-03-06T13:43:18","slug":"information-et-formulaire-de-retractation","status":"publish","type":"page","link":"https:\/\/armrelaxpad.com\/fr\/information-et-formulaire-de-retractation\/","title":{"rendered":"Information et formulaire de r\u00e9tractation"},"content":{"rendered":"<section class=\"l-section wpb_row height_small\"><div class=\"l-section-h i-cf\"><div class=\"g-cols vc_row via_grid cols_1 laptops-cols_inherit tablets-cols_inherit mobiles-cols_1 valign_top type_default stacking_default\"><div class=\"wpb_column vc_column_container\"><div class=\"vc_column-inner\"><h2 class=\"w-text\"><span class=\"w-text-h\"><span class=\"w-text-value\">Information et formulaire de r\u00e9tractation<\/span><\/span><\/h2><div class=\"wpb_text_column\"><div class=\"wpb_wrapper\"><h2>Droit de r\u00e9tractation<\/h2>\n<p>Vous avez le droit de vous r\u00e9tracter de ce contrat dans un d\u00e9lai d&rsquo;un mois sans avoir \u00e0 fournir de justification.<br \/>\nLe d\u00e9lai de r\u00e9tractation est d&rsquo;un mois \u00e0 compter du jour o\u00f9 vous, ou un tiers d\u00e9sign\u00e9 par vous qui n&rsquo;est pas le transporteur, avez pris possession des marchandises.<\/p>\n<p>Pour exercer votre droit de r\u00e9tractation, vous devez nous contacter \u00e0 l&rsquo;adresse suivante :<\/p>\n<p>\n<strong>KDL GmbH<\/strong><br \/>\nJulius-C\u00e4sar-Str. 9a<br \/>\n42897 Remscheid<br \/>\nAllemagne<br \/>\nT\u00e9l\u00e9phone mobile : +49 (0)176 51197240<br \/>\nFax : 03212-2524251<br \/>\nE-mail : <a href=\"mailto:kdl.gmbh@email.de\">kdl.gmbh@email.de<\/a>\n<\/p>\n<p>Vous devez nous informer de votre d\u00e9cision de r\u00e9tractation au moyen d&rsquo;une d\u00e9claration claire (par exemple, par lettre envoy\u00e9e par la poste, fax ou e-mail).<br \/>\nPour respecter le d\u00e9lai de r\u00e9tractation, il vous suffit d\u2019envoyer votre notification avant l&rsquo;expiration du d\u00e9lai.<\/p>\n<h3>Cons\u00e9quences de la r\u00e9tractation<\/h3>\n<p>Si vous vous r\u00e9tractez de ce contrat, nous vous rembourserons tous les paiements re\u00e7us de votre part, y compris les frais de livraison<br \/>\n(sauf les co\u00fbts suppl\u00e9mentaires r\u00e9sultant du fait que vous avez choisi un mode de livraison diff\u00e9rent du mode standard le plus \u00e9conomique que nous proposons).<br \/>\nLe remboursement sera effectu\u00e9 sans retard excessif et, en tout \u00e9tat de cause, au plus tard un mois apr\u00e8s la r\u00e9ception de votre notification de r\u00e9tractation.<\/p>\n<p>Nous utiliserons pour ce remboursement le m\u00eame moyen de paiement que celui utilis\u00e9 lors de la transaction initiale, sauf accord contraire expr\u00e8s avec vous.<br \/>\nEn aucun cas des frais ne vous seront factur\u00e9s pour ce remboursement. Nous pouvons diff\u00e9rer le remboursement jusqu&rsquo;\u00e0 la r\u00e9ception des marchandises retourn\u00e9es<br \/>\nou jusqu&rsquo;\u00e0 ce que vous ayez fourni la preuve de leur exp\u00e9dition, la date retenue \u00e9tant celle du premier de ces faits.<\/p>\n<p>Vous devez nous retourner ou nous remettre les marchandises sans retard excessif et, en tout \u00e9tat de cause, au plus tard dans un d\u00e9lai d&rsquo;un mois<br \/>\n\u00e0 compter du jour o\u00f9 vous nous avez inform\u00e9s de votre r\u00e9tractation du contrat. Le d\u00e9lai est respect\u00e9 si vous exp\u00e9diez les marchandises avant l&rsquo;expiration du d\u00e9lai.<\/p>\n<p>Vous supportez les frais directs de retour des marchandises.<\/p>\n<p>Vous \u00eates uniquement responsable d&rsquo;une \u00e9ventuelle perte de valeur des marchandises si cette perte r\u00e9sulte d&rsquo;une manipulation<br \/>\nnon n\u00e9cessaire \u00e0 la v\u00e9rification de la nature, des caract\u00e9ristiques et du bon fonctionnement des produits.<\/p>\n<p><strong>Fin des instructions sur le droit de r\u00e9tractation<\/strong><\/p>\n<p><a class=\"n\" href=\"https:\/\/www.kruegers-armlehne.de\/j\/shop\/withdrawalpdfdownload\">T\u00e9l\u00e9charger le formulaire de r\u00e9tractation<\/a><\/p>\n<\/div><\/div><\/div><\/div><\/div><\/div><\/section>\n","protected":false},"excerpt":{"rendered":"Information et formulaire de r\u00e9tractationDroit de r\u00e9tractation Vous avez le droit de vous r\u00e9tracter de ce contrat dans un d\u00e9lai d&rsquo;un mois sans avoir \u00e0 fournir de justification. Le d\u00e9lai de r\u00e9tractation est d&rsquo;un mois \u00e0 compter du jour o\u00f9 vous, ou un tiers d\u00e9sign\u00e9 par vous qui n&rsquo;est pas le transporteur, avez pris possession...","protected":false},"author":1,"featured_media":0,"parent":0,"menu_order":998,"comment_status":"closed","ping_status":"closed","template":"","meta":{"footnotes":""},"class_list":["post-10316","page","type-page","status-publish","hentry"],"yoast_head":"<!-- This site is optimized with the Yoast SEO plugin v27.4 - https:\/\/yoast.com\/product\/yoast-seo-wordpress\/ -->\n<title>Information et formulaire de r\u00e9tractation - KDL GmbH<\/title>\n<meta name=\"robots\" content=\"index, follow, max-snippet:-1, max-image-preview:large, max-video-preview:-1\" \/>\n<link rel=\"canonical\" href=\"https:\/\/armrelaxpad.com\/fr\/information-et-formulaire-de-retractation\/\" \/>\n<meta property=\"og:locale\" content=\"fr_FR\" \/>\n<meta property=\"og:type\" content=\"article\" \/>\n<meta property=\"og:title\" content=\"Information et formulaire de r\u00e9tractation - KDL GmbH\" \/>\n<meta property=\"og:url\" content=\"https:\/\/armrelaxpad.com\/fr\/information-et-formulaire-de-retractation\/\" \/>\n<meta property=\"og:site_name\" content=\"KDL GmbH\" \/>\n<meta property=\"article:modified_time\" content=\"2025-03-06T13:43:18+00:00\" \/>\n<meta name=\"twitter:card\" content=\"summary_large_image\" \/>\n<meta name=\"twitter:label1\" content=\"Dur\u00e9e de lecture estim\u00e9e\" \/>\n\t<meta name=\"twitter:data1\" content=\"3 minutes\" \/>\n<script type=\"application\/ld+json\" class=\"yoast-schema-graph\">{\"@context\":\"https:\\\/\\\/schema.org\",\"@graph\":[{\"@type\":\"WebPage\",\"@id\":\"https:\\\/\\\/armrelaxpad.com\\\/fr\\\/information-et-formulaire-de-retractation\\\/\",\"url\":\"https:\\\/\\\/armrelaxpad.com\\\/fr\\\/information-et-formulaire-de-retractation\\\/\",\"name\":\"Information et formulaire de r\u00e9tractation - KDL GmbH\",\"isPartOf\":{\"@id\":\"https:\\\/\\\/armrelaxpad.com\\\/fr\\\/#website\"},\"datePublished\":\"2024-09-04T09:28:10+00:00\",\"dateModified\":\"2025-03-06T13:43:18+00:00\",\"breadcrumb\":{\"@id\":\"https:\\\/\\\/armrelaxpad.com\\\/fr\\\/information-et-formulaire-de-retractation\\\/#breadcrumb\"},\"inLanguage\":\"fr-FR\",\"potentialAction\":[{\"@type\":\"ReadAction\",\"target\":[\"https:\\\/\\\/armrelaxpad.com\\\/fr\\\/information-et-formulaire-de-retractation\\\/\"]}]},{\"@type\":\"BreadcrumbList\",\"@id\":\"https:\\\/\\\/armrelaxpad.com\\\/fr\\\/information-et-formulaire-de-retractation\\\/#breadcrumb\",\"itemListElement\":[{\"@type\":\"ListItem\",\"position\":1,\"name\":\"Accueil\",\"item\":\"https:\\\/\\\/armrelaxpad.com\\\/fr\\\/\"},{\"@type\":\"ListItem\",\"position\":2,\"name\":\"Information et formulaire de r\u00e9tractation\"}]},{\"@type\":\"WebSite\",\"@id\":\"https:\\\/\\\/armrelaxpad.com\\\/fr\\\/#website\",\"url\":\"https:\\\/\\\/armrelaxpad.com\\\/fr\\\/\",\"name\":\"KDL GmbH\",\"description\":\"\",\"potentialAction\":[{\"@type\":\"SearchAction\",\"target\":{\"@type\":\"EntryPoint\",\"urlTemplate\":\"https:\\\/\\\/armrelaxpad.com\\\/fr\\\/?s={search_term_string}\"},\"query-input\":{\"@type\":\"PropertyValueSpecification\",\"valueRequired\":true,\"valueName\":\"search_term_string\"}}],\"inLanguage\":\"fr-FR\"}]}<\/script>\n<!-- \/ Yoast SEO plugin. -->","yoast_head_json":{"title":"Information et formulaire de r\u00e9tractation - KDL GmbH","robots":{"index":"index","follow":"follow","max-snippet":"max-snippet:-1","max-image-preview":"max-image-preview:large","max-video-preview":"max-video-preview:-1"},"canonical":"https:\/\/armrelaxpad.com\/fr\/information-et-formulaire-de-retractation\/","og_locale":"fr_FR","og_type":"article","og_title":"Information et formulaire de r\u00e9tractation - KDL GmbH","og_url":"https:\/\/armrelaxpad.com\/fr\/information-et-formulaire-de-retractation\/","og_site_name":"KDL GmbH","article_modified_time":"2025-03-06T13:43:18+00:00","twitter_card":"summary_large_image","twitter_misc":{"Dur\u00e9e de lecture estim\u00e9e":"3 minutes"},"schema":{"@context":"https:\/\/schema.org","@graph":[{"@type":"WebPage","@id":"https:\/\/armrelaxpad.com\/fr\/information-et-formulaire-de-retractation\/","url":"https:\/\/armrelaxpad.com\/fr\/information-et-formulaire-de-retractation\/","name":"Information et formulaire de r\u00e9tractation - KDL GmbH","isPartOf":{"@id":"https:\/\/armrelaxpad.com\/fr\/#website"},"datePublished":"2024-09-04T09:28:10+00:00","dateModified":"2025-03-06T13:43:18+00:00","breadcrumb":{"@id":"https:\/\/armrelaxpad.com\/fr\/information-et-formulaire-de-retractation\/#breadcrumb"},"inLanguage":"fr-FR","potentialAction":[{"@type":"ReadAction","target":["https:\/\/armrelaxpad.com\/fr\/information-et-formulaire-de-retractation\/"]}]},{"@type":"BreadcrumbList","@id":"https:\/\/armrelaxpad.com\/fr\/information-et-formulaire-de-retractation\/#breadcrumb","itemListElement":[{"@type":"ListItem","position":1,"name":"Accueil","item":"https:\/\/armrelaxpad.com\/fr\/"},{"@type":"ListItem","position":2,"name":"Information et formulaire de r\u00e9tractation"}]},{"@type":"WebSite","@id":"https:\/\/armrelaxpad.com\/fr\/#website","url":"https:\/\/armrelaxpad.com\/fr\/","name":"KDL GmbH","description":"","potentialAction":[{"@type":"SearchAction","target":{"@type":"EntryPoint","urlTemplate":"https:\/\/armrelaxpad.com\/fr\/?s={search_term_string}"},"query-input":{"@type":"PropertyValueSpecification","valueRequired":true,"valueName":"search_term_string"}}],"inLanguage":"fr-FR"}]}},"jetpack_sharing_enabled":true,"_links":{"self":[{"href":"https:\/\/armrelaxpad.com\/fr\/wp-json\/wp\/v2\/pages\/10316","targetHints":{"allow":["GET"]}}],"collection":[{"href":"https:\/\/armrelaxpad.com\/fr\/wp-json\/wp\/v2\/pages"}],"about":[{"href":"https:\/\/armrelaxpad.com\/fr\/wp-json\/wp\/v2\/types\/page"}],"author":[{"embeddable":true,"href":"https:\/\/armrelaxpad.com\/fr\/wp-json\/wp\/v2\/users\/1"}],"replies":[{"embeddable":true,"href":"https:\/\/armrelaxpad.com\/fr\/wp-json\/wp\/v2\/comments?post=10316"}],"version-history":[{"count":3,"href":"https:\/\/armrelaxpad.com\/fr\/wp-json\/wp\/v2\/pages\/10316\/revisions"}],"predecessor-version":[{"id":10326,"href":"https:\/\/armrelaxpad.com\/fr\/wp-json\/wp\/v2\/pages\/10316\/revisions\/10326"}],"wp:attachment":[{"href":"https:\/\/armrelaxpad.com\/fr\/wp-json\/wp\/v2\/media?parent=10316"}],"curies":[{"name":"wp","href":"https:\/\/api.w.org\/{rel}","templated":true}]}}