{"id":10322,"date":"2024-09-04T11:29:45","date_gmt":"2024-09-04T09:29:45","guid":{"rendered":"http:\/\/wordpress.p391076.webspaceconfig.de\/conditions-generales-de-vente\/"},"modified":"2025-03-06T16:13:34","modified_gmt":"2025-03-06T15:13:34","slug":"conditions-generales-de-vente","status":"publish","type":"page","link":"https:\/\/armrelaxpad.com\/fr\/conditions-generales-de-vente\/","title":{"rendered":"Conditions g\u00e9n\u00e9rales de vente"},"content":{"rendered":"<section class=\"l-section wpb_row height_small\"><div class=\"l-section-h i-cf\"><div class=\"g-cols vc_row via_grid cols_1 laptops-cols_inherit tablets-cols_inherit mobiles-cols_1 valign_top type_default stacking_default\"><div class=\"wpb_column vc_column_container\"><div class=\"vc_column-inner\"><h2 class=\"w-text\"><span class=\"w-text-h\"><span class=\"w-text-value\">Conditions g\u00e9n\u00e9rales de vente<\/span><\/span><\/h2><div class=\"wpb_text_column\"><div class=\"wpb_wrapper\"><p>Cher client,<\/p>\n<p>Afin de respecter nos obligations l\u00e9gales d&rsquo;information et de conseil, nous mettons \u00e0 votre disposition cette page d&rsquo;information.<br \/>\nNous vous informons ici de toutes les circonstances li\u00e9es \u00e0 la conclusion du contrat r\u00e9sultant de votre commande et \u00e0 son ex\u00e9cution.<\/p>\n<h2>I. Informations sur le fournisseur<\/h2>\n<p>\n<strong>KDL GmbH<\/strong><br \/>\nJulius-C\u00e4sar-Str. 9a<br \/>\n42897 Remscheid<br \/>\nAllemagne<br \/>\nNum\u00e9ro fiscal : 126\/5740\/1036\n<\/p>\n<p>\n<strong>Associ\u00e9 personnellement responsable :<\/strong><br \/>\nKDL GmbH<br \/>\nJulius-C\u00e4sar-Str. 9a<br \/>\n42897 Remscheid<br \/>\nAllemagne\n<\/p>\n<p>\n<strong>G\u00e9rant :<\/strong> Michael Kr\u00fcger<br \/>\nInscription au registre du commerce d&rsquo;Amtsgericht Wuppertal HRB 22474\n<\/p>\n<p>\n<strong>Contact :<\/strong><br \/>\nT\u00e9l\u00e9phone mobile : +49 (0)176 51197240<br \/>\nFax : 03212-2524251\n<\/p>\n<h2>II. Droit de r\u00e9tractation et instructions<\/h2>\n<h3>Droit de r\u00e9tractation<\/h3>\n<p>Vous avez le droit de vous r\u00e9tracter de ce contrat dans un d\u00e9lai d&rsquo;un mois sans fournir de justification.<br \/>\nLe d\u00e9lai de r\u00e9tractation est d&rsquo;un mois \u00e0 compter du jour o\u00f9 vous, ou un tiers d\u00e9sign\u00e9 par vous, qui n&rsquo;est pas le transporteur, avez pris possession des marchandises.<\/p>\n<p>Pour exercer votre droit de r\u00e9tractation, vous devez nous contacter :<\/p>\n<p>\n<strong>KDL GmbH<\/strong><br \/>\nJulius-C\u00e4sar-Str. 9a<br \/>\n42897 Remscheid<br \/>\nAllemagne<br \/>\nT\u00e9l\u00e9phone mobile : +49 (0)176 51197240<br \/>\nFax : 03212-2524251<br \/>\nE-mail : <a href=\"mailto:kdl.gmbh@email.de\">kdl.gmbh@email.de<\/a>\n<\/p>\n<p>Vous devez nous informer de votre d\u00e9cision de r\u00e9tractation au moyen d&rsquo;une d\u00e9claration claire<br \/>\n(par exemple, par lettre envoy\u00e9e par la poste, fax ou e-mail).<br \/>\nPour respecter le d\u00e9lai de r\u00e9tractation, il vous suffit d\u2019envoyer votre notification avant son expiration.<\/p>\n<h3>Cons\u00e9quences de la r\u00e9tractation<\/h3>\n<p>Si vous vous r\u00e9tractez de ce contrat, nous vous rembourserons tous les paiements re\u00e7us de votre part, y compris les frais de livraison<br \/>\n(sauf les co\u00fbts suppl\u00e9mentaires dus \u00e0 un mode de livraison diff\u00e9rent du mode standard le plus \u00e9conomique que nous proposons),<br \/>\nsans retard excessif et au plus tard dans un d\u00e9lai d&rsquo;un mois \u00e0 compter du jour o\u00f9 nous avons re\u00e7u votre notification de r\u00e9tractation.<\/p>\n<p>Pour ce remboursement, nous utiliserons le m\u00eame moyen de paiement que celui utilis\u00e9 lors de la transaction initiale,<br \/>\nsauf accord contraire expr\u00e8s avec vous. En aucun cas des frais ne vous seront factur\u00e9s pour ce remboursement.<\/p>\n<p>Nous pouvons diff\u00e9rer le remboursement jusqu&rsquo;\u00e0 r\u00e9ception des marchandises retourn\u00e9es<br \/>\nou jusqu&rsquo;\u00e0 ce que vous ayez fourni la preuve de leur exp\u00e9dition, selon la premi\u00e8re de ces \u00e9ventualit\u00e9s.<\/p>\n<p>Vous devez nous retourner ou nous remettre les marchandises sans retard excessif et au plus tard dans un d\u00e9lai d&rsquo;un mois<br \/>\n\u00e0 compter du jour o\u00f9 vous nous avez inform\u00e9s de votre r\u00e9tractation. Le d\u00e9lai est respect\u00e9 si vous exp\u00e9diez les marchandises avant son expiration.<\/p>\n<p>Vous supportez les frais directs de retour des marchandises.<\/p>\n<p>Vous \u00eates responsable d\u2019une \u00e9ventuelle perte de valeur des marchandises<br \/>\nseulement si cette perte r\u00e9sulte d\u2019une manipulation non n\u00e9cessaire \u00e0 la v\u00e9rification de leur nature, caract\u00e9ristiques et bon fonctionnement.<\/p>\n<p><strong>Fin des instructions sur le droit de r\u00e9tractation<\/strong><\/p>\n<h2>III. Informations sur vos donn\u00e9es<\/h2>\n<p>Nous utilisons les donn\u00e9es personnelles que vous fournissez lors de la commande exclusivement<br \/>\npour l\u2019ex\u00e9cution et le traitement du contrat.<\/p>\n<p>Nos produits sont exp\u00e9di\u00e9s via Deutsche Post ou DPD. Ces prestataires re\u00e7oivent vos informations<br \/>\nuniquement dans la mesure o\u00f9 cela est n\u00e9cessaire pour la livraison.<\/p>\n<p>En dehors de cela, vos donn\u00e9es ne sont pas transmises \u00e0 des tiers.<br \/>\nUne fois le contrat totalement ex\u00e9cut\u00e9, vos donn\u00e9es seront bloqu\u00e9es pour toute autre utilisation,<br \/>\nsauf obligations l\u00e9gales de conservation (notamment fiscales).<br \/>\nVos donn\u00e9es seront ensuite supprim\u00e9es, sauf si vous avez express\u00e9ment consenti \u00e0 leur traitement ult\u00e9rieur.<\/p>\n<h2>IV. Conditions de vente, livraison, paiement et garantie<\/h2>\n<h3>1. Exp\u00e9dition et livraisons<\/h3>\n<p>Les livraisons partielles sont autoris\u00e9es. En cas de retard de livraison,<br \/>\nl&rsquo;acheteur peut r\u00e9silier le contrat apr\u00e8s avoir accord\u00e9 un d\u00e9lai suppl\u00e9mentaire raisonnable.<\/p>\n<p>Les r\u00e9clamations pour dommages dus \u00e0 des retards ou \u00e0 des livraisons non effectu\u00e9es sont exclues.<\/p>\n<p>Les frais d&rsquo;exp\u00e9dition sont des forfaits. Aucun ajustement ne peut \u00eatre demand\u00e9 ult\u00e9rieurement.<\/p>\n<h3>2. Retours<\/h3>\n<p>Tout retour, quelle qu&rsquo;en soit la raison, doit \u00eatre annonc\u00e9 par t\u00e9l\u00e9phone \u00e0 l&rsquo;avance.<br \/>\nNous d\u00e9terminerons alors les frais de retour.<\/p>\n<h3>3. R\u00e9clamations<\/h3>\n<p>L&rsquo;acheteur doit signaler toute r\u00e9clamation imm\u00e9diatement,<br \/>\nau plus tard dans les 10 jours suivant la r\u00e9ception des marchandises.<\/p>\n<p>Les dommages caus\u00e9s par le transport doivent d&rsquo;abord \u00eatre signal\u00e9s au transporteur concern\u00e9.<\/p>\n<h3>4. Garantie<\/h3>\n<p>Nos produits b\u00e9n\u00e9ficient de la garantie l\u00e9gale en vigueur en Allemagne (BGB).<\/p>\n<h3>5. R\u00e9serve de propri\u00e9t\u00e9<\/h3>\n<p>Les marchandises restent la propri\u00e9t\u00e9 de KDL GmbH jusqu&rsquo;\u00e0 leur paiement int\u00e9gral.<\/p>\n<h3>6. Lieu d&rsquo;ex\u00e9cution et juridiction comp\u00e9tente<\/h3>\n<p>Le lieu d&rsquo;ex\u00e9cution pour toutes les obligations contractuelles est Remscheid.<br \/>\nLe tribunal comp\u00e9tent est celui de Wuppertal.<\/p>\n<h2>Politique de confidentialit\u00e9<\/h2>\n<h3>Fichiers journaux du serveur<\/h3>\n<p>Vous pouvez visiter notre site Web sans fournir d\u2019informations personnelles.<br \/>\n\u00c0 chaque acc\u00e8s, des donn\u00e9es d\u2019utilisation sont enregistr\u00e9es dans des fichiers journaux du serveur (Server-Logfiles).<\/p>\n<h3>Collecte et traitement des donn\u00e9es via le formulaire de contact<\/h3>\n<p>Nous collectons vos donn\u00e9es personnelles (nom, adresse e-mail, message)<br \/>\nuniquement dans la mesure o\u00f9 vous nous les fournissez pour nous contacter.<\/p>\n<h3>Cookies<\/h3>\n<p>Notre site Web utilise des cookies pour rendre l&rsquo;exp\u00e9rience utilisateur plus efficace et s\u00e9curis\u00e9e.<\/p>\n<p>Nous utilisons \u00e9galement des cookies pour analyser le comportement des visiteurs<br \/>\net pour afficher des publicit\u00e9s cibl\u00e9es sur d&rsquo;autres sites Web.<\/p>\n<p>Vous pouvez configurer votre navigateur pour bloquer les cookies.<br \/>\nToutefois, certaines fonctionnalit\u00e9s du site pourraient \u00eatre limit\u00e9es.<\/p>\n<h3>Dur\u00e9e de conservation<\/h3>\n<p>Apr\u00e8s ex\u00e9cution compl\u00e8te du contrat, les donn\u00e9es sont conserv\u00e9es pour la dur\u00e9e l\u00e9gale requise,<br \/>\nnotamment pour les obligations fiscales, puis supprim\u00e9es.<\/p>\n<h3>Vos droits<\/h3>\n<p>Conform\u00e9ment aux articles 15 \u00e0 20 du RGPD, vous disposez des droits suivants :<br \/>\ndroit d&rsquo;acc\u00e8s, de rectification, de suppression, de limitation du traitement et de portabilit\u00e9 des donn\u00e9es.<\/p>\n<p>Vous avez \u00e9galement un droit d&rsquo;opposition au traitement de vos donn\u00e9es \u00e0 des fins de publicit\u00e9 directe<br \/>\nconform\u00e9ment \u00e0 l&rsquo;article 21 (1) du RGPD.<\/p>\n<h3>Droit de recours aupr\u00e8s de l&rsquo;autorit\u00e9 de contr\u00f4le<\/h3>\n<p>Conform\u00e9ment \u00e0 l\u2019article 77 du RGPD, vous avez le droit d\u2019introduire une r\u00e9clamation aupr\u00e8s de l\u2019autorit\u00e9 de contr\u00f4le<br \/>\nsi vous estimez que le traitement de vos donn\u00e9es personnelles n\u2019est pas conforme \u00e0 la l\u00e9gislation.<\/p>\n<p>Chrome Browser : <a href=\"https:\/\/support.google.com\/accounts\/answer\/61416?hl=fr\" target=\"_blank\" rel=\"noopener\">https:\/\/support.google.com\/accounts\/answer\/61416?hl=fr<\/a><br \/>\nInternet Explorer : <a href=\"https:\/\/support.microsoft.com\/fr-fr\/help\/17442\/windows-internet-explorer-delete-manage-cookies\" target=\"_blank\" rel=\"noopener\">https:\/\/support.microsoft.com\/fr-fr\/help\/17442\/windows-internet-explorer-delete-manage-cookies<\/a><br \/>\nMozilla Firefox : <a href=\"https:\/\/support.mozilla.org\/fr\/kb\/activer-desactiver-cookies\" target=\"_blank\" rel=\"noopener\">https:\/\/support.mozilla.org\/fr\/kb\/activer-desactiver-cookies<\/a><br \/>\nSafari : <a href=\"https:\/\/support.apple.com\/fr-fr\/guide\/safari\/manage-cookies-and-website-data-sfri11471\/mac\" target=\"_blank\" rel=\"noopener\">https:\/\/support.apple.com\/fr-fr\/guide\/safari\/manage-cookies-and-website-data-sfri11471\/mac<\/a><\/p>\n<p>Utilisation de Google Analytics<br \/>\nNous utilisons sur notre site Web le service d\u2019analyse Web Google Analytics de Google Inc. (1600 Amphitheatre Parkway, Mountain View, CA 94043, USA ; \u00ab\u00a0Google\u00a0\u00bb).<br \/>\nLe traitement des donn\u00e9es a pour but d\u2019analyser ce site Web et ses visiteurs.<br \/>\n\u00c0 cette fin, Google analysera en notre nom votre utilisation du site, g\u00e9n\u00e9rera des rapports sur l\u2019activit\u00e9 du site et fournira d\u2019autres services li\u00e9s \u00e0 l\u2019utilisation du Web et du site.<br \/>\nL\u2019adresse IP transmise par votre navigateur dans le cadre de Google Analytics ne sera pas fusionn\u00e9e avec d\u2019autres donn\u00e9es de Google.<\/p>\n<p>Google Analytics utilise des cookies qui permettent une analyse de votre utilisation du site Web.<br \/>\nLes informations g\u00e9n\u00e9r\u00e9es par ces cookies sont g\u00e9n\u00e9ralement transmises \u00e0 un serveur de Google aux \u00c9tats-Unis et y sont stock\u00e9es.<br \/>\nSur ce site, l\u2019anonymisation des adresses IP est activ\u00e9e. Cela signifie que votre adresse IP sera raccourcie par Google<br \/>\nau sein des \u00c9tats membres de l\u2019UE ou d\u2019autres pays signataires de l\u2019accord sur l\u2019Espace \u00e9conomique europ\u00e9en avant transmission.<br \/>\nCe n\u2019est que dans des cas exceptionnels que l\u2019adresse IP compl\u00e8te est envoy\u00e9e \u00e0 un serveur Google aux \u00c9tats-Unis et y est raccourcie.<br \/>\nVos donn\u00e9es peuvent \u00eatre transf\u00e9r\u00e9es aux \u00c9tats-Unis. Un accord d\u2019ad\u00e9quation de la Commission europ\u00e9enne est en place pour ces transferts.<br \/>\nLe traitement repose sur l\u2019article 6 (1) lit. f du RGPD, en raison de notre int\u00e9r\u00eat l\u00e9gitime \u00e0 l\u2019adaptation et \u00e0 l\u2019optimisation de notre site Web en fonction des besoins.<\/p>\n<p>Vous avez le droit de vous opposer \u00e0 tout moment, pour des raisons tenant \u00e0 votre situation particuli\u00e8re,<br \/>\nau traitement de vos donn\u00e9es personnelles bas\u00e9 sur l\u2019article 6 (1) lit. f du RGPD.<\/p>\n<p>Vous pouvez emp\u00eacher l&rsquo;enregistrement des cookies en configurant votre navigateur en cons\u00e9quence ;<br \/>\ntoutefois, veuillez noter que cela pourrait limiter certaines fonctionnalit\u00e9s de notre site Web.<br \/>\nVous pouvez \u00e9galement emp\u00eacher la collecte des donn\u00e9es g\u00e9n\u00e9r\u00e9es par les cookies et li\u00e9es \u00e0 votre utilisation du site Web<br \/>\n(incluant votre adresse IP) par Google ainsi que leur traitement par Google, en t\u00e9l\u00e9chargeant et installant le plug-in disponible sous le lien suivant :<br \/>\n<a href=\"https:\/\/tools.google.com\/dlpage\/gaoptout?hl=fr\" target=\"_blank\" rel=\"noopener\">https:\/\/tools.google.com\/dlpage\/gaoptout?hl=fr<\/a>.<\/p>\n<p>Pour emp\u00eacher la collecte de donn\u00e9es via Google Analytics sur tous vos appareils, vous pouvez d\u00e9finir un cookie de d\u00e9sactivation (Opt-Out-Cookie).<br \/>\nCes cookies emp\u00eachent la collecte future de vos donn\u00e9es lors de la visite de ce site Web.<br \/>\nVous devez activer l\u2019option Opt-Out sur tous les syst\u00e8mes et appareils utilis\u00e9s afin que cela soit efficace.<br \/>\nSi vous cliquez ici, le cookie de d\u00e9sactivation sera d\u00e9fini : D\u00e9sactiver Google Analytics (javascript:gaOptout()).<\/p>\n<p>Vous trouverez plus d\u2019informations sur les conditions d\u2019utilisation et la politique de confidentialit\u00e9 de Google sous :<br \/>\n<a href=\"https:\/\/www.google.com\/analytics\/terms\/fr.html\" target=\"_blank\" rel=\"noopener\">https:\/\/www.google.com\/analytics\/terms\/fr.html<\/a><br \/>\nou <a href=\"https:\/\/www.google.fr\/intl\/fr\/policies\/\" target=\"_blank\" rel=\"noopener\">https:\/\/www.google.fr\/intl\/fr\/policies\/<\/a>.<\/p>\n<p>Utilisation du suivi des conversions Google Adwords<br \/>\nNous utilisons sur notre site Web le programme de publicit\u00e9 en ligne \u00ab\u00a0Google AdWords\u00a0\u00bb et, dans ce cadre, le suivi des conversions (\u00e9valuation des actions des visiteurs).<br \/>\nLe suivi des conversions Google est un service d\u2019analyse de Google Inc. (1600 Amphitheatre Parkway, Mountain View, CA 94043, USA ; \u00ab\u00a0Google\u00a0\u00bb).<br \/>\nLorsque vous cliquez sur une annonce Google, un cookie de suivi des conversions est plac\u00e9 sur votre ordinateur.<br \/>\nCes cookies ont une dur\u00e9e de validit\u00e9 limit\u00e9e, ne contiennent aucune donn\u00e9e personnelle et ne permettent pas d\u2019identifier les utilisateurs personnellement.<\/p>\n<p>Si vous visitez certaines pages de notre site Web et que le cookie n\u2019a pas encore expir\u00e9, Google et nous-m\u00eames pouvons d\u00e9tecter<br \/>\nque vous avez cliqu\u00e9 sur l\u2019annonce et que vous avez \u00e9t\u00e9 redirig\u00e9 vers cette page.<br \/>\nChaque client Google AdWords re\u00e7oit un cookie diff\u00e9rent. Ainsi, aucun suivi des cookies ne peut \u00eatre effectu\u00e9 sur plusieurs sites Web d\u2019annonceurs AdWords.<\/p>\n<p>Les informations recueillies \u00e0 l\u2019aide du cookie de conversion servent \u00e0 \u00e9tablir des statistiques de conversion.<br \/>\nNous obtenons ainsi le nombre total d\u2019utilisateurs ayant cliqu\u00e9 sur une de nos annonces et ayant \u00e9t\u00e9 redirig\u00e9s vers une page contenant une balise de suivi des conversions.<br \/>\nCependant, nous ne recevons aucune information permettant d\u2019identifier personnellement les utilisateurs.<\/p>\n<p>Le traitement repose sur l\u2019article 6 (1) lit. f du RGPD, en raison de notre int\u00e9r\u00eat l\u00e9gitime \u00e0 diffuser des annonces publicitaires cibl\u00e9es<br \/>\net \u00e0 analyser l\u2019efficacit\u00e9 de ces annonces.<\/p>\n<p>Vous avez le droit de vous opposer \u00e0 tout moment, pour des raisons tenant \u00e0 votre situation particuli\u00e8re,<br \/>\nau traitement de vos donn\u00e9es personnelles bas\u00e9 sur l\u2019article 6 (1) lit. f du RGPD.<\/p>\n<p>Vous pouvez emp\u00eacher l\u2019enregistrement des cookies en s\u00e9lectionnant les param\u00e8tres appropri\u00e9s dans votre navigateur.<br \/>\nToutefois, veuillez noter que cela pourrait limiter certaines fonctionnalit\u00e9s de notre site Web.<br \/>\nVous ne serez alors pas inclus dans les statistiques de suivi des conversions.<\/p>\n<p>De plus, vous pouvez d\u00e9sactiver les annonces personnalis\u00e9es dans les param\u00e8tres de publicit\u00e9 Google.<br \/>\nUne instruction \u00e0 ce sujet est disponible sous :<br \/>\n<a href=\"https:\/\/support.google.com\/ads\/answer\/2662922?hl=fr\" target=\"_blank\" rel=\"noopener\">https:\/\/support.google.com\/ads\/answer\/2662922?hl=fr<\/a>.<\/p>\n<p>Vous pouvez \u00e9galement d\u00e9sactiver l\u2019utilisation de cookies par des fournisseurs tiers<br \/>\nen visitant la page de d\u00e9sactivation de la Network Advertising Initiative :<br \/>\n<a href=\"https:\/\/www.networkadvertising.org\/choices\/\" target=\"_blank\" rel=\"noopener\">https:\/\/www.networkadvertising.org\/choices\/<\/a>.<\/p>\n<p>Vous trouverez plus d\u2019informations ainsi que la politique de confidentialit\u00e9 de Google sous :<br \/>\n<a href=\"https:\/\/www.google.fr\/policies\/privacy\/\" target=\"_blank\" rel=\"noopener\">https:\/\/www.google.fr\/policies\/privacy\/<\/a>.<\/p>\n<\/div><\/div><\/div><\/div><\/div><\/div><\/section>\n","protected":false},"excerpt":{"rendered":"Conditions g\u00e9n\u00e9rales de venteCher client, Afin de respecter nos obligations l\u00e9gales d&rsquo;information et de conseil, nous mettons \u00e0 votre disposition cette page d&rsquo;information. Nous vous informons ici de toutes les circonstances li\u00e9es \u00e0 la conclusion du contrat r\u00e9sultant de votre commande et \u00e0 son ex\u00e9cution. I. Informations sur le fournisseur KDL GmbH Julius-C\u00e4sar-Str. 9a 42897...","protected":false},"author":1,"featured_media":0,"parent":0,"menu_order":998,"comment_status":"closed","ping_status":"closed","template":"","meta":{"footnotes":""},"class_list":["post-10322","page","type-page","status-publish","hentry"],"yoast_head":"<!-- This site is optimized with the Yoast SEO plugin v27.4 - https:\/\/yoast.com\/product\/yoast-seo-wordpress\/ -->\n<title>Conditions g\u00e9n\u00e9rales de vente - KDL GmbH<\/title>\n<meta name=\"robots\" content=\"index, follow, max-snippet:-1, max-image-preview:large, max-video-preview:-1\" \/>\n<link rel=\"canonical\" href=\"https:\/\/armrelaxpad.com\/fr\/conditions-generales-de-vente\/\" \/>\n<meta property=\"og:locale\" content=\"fr_FR\" \/>\n<meta property=\"og:type\" content=\"article\" \/>\n<meta property=\"og:title\" content=\"Conditions g\u00e9n\u00e9rales de vente - KDL GmbH\" \/>\n<meta property=\"og:url\" content=\"https:\/\/armrelaxpad.com\/fr\/conditions-generales-de-vente\/\" \/>\n<meta property=\"og:site_name\" content=\"KDL GmbH\" \/>\n<meta property=\"article:modified_time\" content=\"2025-03-06T15:13:34+00:00\" \/>\n<meta name=\"twitter:card\" content=\"summary_large_image\" \/>\n<meta name=\"twitter:label1\" content=\"Dur\u00e9e de lecture estim\u00e9e\" \/>\n\t<meta name=\"twitter:data1\" content=\"10 minutes\" \/>\n<script type=\"application\/ld+json\" class=\"yoast-schema-graph\">{\"@context\":\"https:\\\/\\\/schema.org\",\"@graph\":[{\"@type\":\"WebPage\",\"@id\":\"https:\\\/\\\/armrelaxpad.com\\\/fr\\\/conditions-generales-de-vente\\\/\",\"url\":\"https:\\\/\\\/armrelaxpad.com\\\/fr\\\/conditions-generales-de-vente\\\/\",\"name\":\"Conditions g\u00e9n\u00e9rales de vente - KDL GmbH\",\"isPartOf\":{\"@id\":\"https:\\\/\\\/armrelaxpad.com\\\/fr\\\/#website\"},\"datePublished\":\"2024-09-04T09:29:45+00:00\",\"dateModified\":\"2025-03-06T15:13:34+00:00\",\"breadcrumb\":{\"@id\":\"https:\\\/\\\/armrelaxpad.com\\\/fr\\\/conditions-generales-de-vente\\\/#breadcrumb\"},\"inLanguage\":\"fr-FR\",\"potentialAction\":[{\"@type\":\"ReadAction\",\"target\":[\"https:\\\/\\\/armrelaxpad.com\\\/fr\\\/conditions-generales-de-vente\\\/\"]}]},{\"@type\":\"BreadcrumbList\",\"@id\":\"https:\\\/\\\/armrelaxpad.com\\\/fr\\\/conditions-generales-de-vente\\\/#breadcrumb\",\"itemListElement\":[{\"@type\":\"ListItem\",\"position\":1,\"name\":\"Accueil\",\"item\":\"https:\\\/\\\/armrelaxpad.com\\\/fr\\\/\"},{\"@type\":\"ListItem\",\"position\":2,\"name\":\"Conditions g\u00e9n\u00e9rales de vente\"}]},{\"@type\":\"WebSite\",\"@id\":\"https:\\\/\\\/armrelaxpad.com\\\/fr\\\/#website\",\"url\":\"https:\\\/\\\/armrelaxpad.com\\\/fr\\\/\",\"name\":\"KDL GmbH\",\"description\":\"\",\"potentialAction\":[{\"@type\":\"SearchAction\",\"target\":{\"@type\":\"EntryPoint\",\"urlTemplate\":\"https:\\\/\\\/armrelaxpad.com\\\/fr\\\/?s={search_term_string}\"},\"query-input\":{\"@type\":\"PropertyValueSpecification\",\"valueRequired\":true,\"valueName\":\"search_term_string\"}}],\"inLanguage\":\"fr-FR\"}]}<\/script>\n<!-- \/ Yoast SEO plugin. -->","yoast_head_json":{"title":"Conditions g\u00e9n\u00e9rales de vente - KDL GmbH","robots":{"index":"index","follow":"follow","max-snippet":"max-snippet:-1","max-image-preview":"max-image-preview:large","max-video-preview":"max-video-preview:-1"},"canonical":"https:\/\/armrelaxpad.com\/fr\/conditions-generales-de-vente\/","og_locale":"fr_FR","og_type":"article","og_title":"Conditions g\u00e9n\u00e9rales de vente - KDL GmbH","og_url":"https:\/\/armrelaxpad.com\/fr\/conditions-generales-de-vente\/","og_site_name":"KDL GmbH","article_modified_time":"2025-03-06T15:13:34+00:00","twitter_card":"summary_large_image","twitter_misc":{"Dur\u00e9e de lecture estim\u00e9e":"10 minutes"},"schema":{"@context":"https:\/\/schema.org","@graph":[{"@type":"WebPage","@id":"https:\/\/armrelaxpad.com\/fr\/conditions-generales-de-vente\/","url":"https:\/\/armrelaxpad.com\/fr\/conditions-generales-de-vente\/","name":"Conditions g\u00e9n\u00e9rales de vente - KDL GmbH","isPartOf":{"@id":"https:\/\/armrelaxpad.com\/fr\/#website"},"datePublished":"2024-09-04T09:29:45+00:00","dateModified":"2025-03-06T15:13:34+00:00","breadcrumb":{"@id":"https:\/\/armrelaxpad.com\/fr\/conditions-generales-de-vente\/#breadcrumb"},"inLanguage":"fr-FR","potentialAction":[{"@type":"ReadAction","target":["https:\/\/armrelaxpad.com\/fr\/conditions-generales-de-vente\/"]}]},{"@type":"BreadcrumbList","@id":"https:\/\/armrelaxpad.com\/fr\/conditions-generales-de-vente\/#breadcrumb","itemListElement":[{"@type":"ListItem","position":1,"name":"Accueil","item":"https:\/\/armrelaxpad.com\/fr\/"},{"@type":"ListItem","position":2,"name":"Conditions g\u00e9n\u00e9rales de vente"}]},{"@type":"WebSite","@id":"https:\/\/armrelaxpad.com\/fr\/#website","url":"https:\/\/armrelaxpad.com\/fr\/","name":"KDL GmbH","description":"","potentialAction":[{"@type":"SearchAction","target":{"@type":"EntryPoint","urlTemplate":"https:\/\/armrelaxpad.com\/fr\/?s={search_term_string}"},"query-input":{"@type":"PropertyValueSpecification","valueRequired":true,"valueName":"search_term_string"}}],"inLanguage":"fr-FR"}]}},"jetpack_sharing_enabled":true,"_links":{"self":[{"href":"https:\/\/armrelaxpad.com\/fr\/wp-json\/wp\/v2\/pages\/10322","targetHints":{"allow":["GET"]}}],"collection":[{"href":"https:\/\/armrelaxpad.com\/fr\/wp-json\/wp\/v2\/pages"}],"about":[{"href":"https:\/\/armrelaxpad.com\/fr\/wp-json\/wp\/v2\/types\/page"}],"author":[{"embeddable":true,"href":"https:\/\/armrelaxpad.com\/fr\/wp-json\/wp\/v2\/users\/1"}],"replies":[{"embeddable":true,"href":"https:\/\/armrelaxpad.com\/fr\/wp-json\/wp\/v2\/comments?post=10322"}],"version-history":[{"count":4,"href":"https:\/\/armrelaxpad.com\/fr\/wp-json\/wp\/v2\/pages\/10322\/revisions"}],"predecessor-version":[{"id":10334,"href":"https:\/\/armrelaxpad.com\/fr\/wp-json\/wp\/v2\/pages\/10322\/revisions\/10334"}],"wp:attachment":[{"href":"https:\/\/armrelaxpad.com\/fr\/wp-json\/wp\/v2\/media?parent=10322"}],"curies":[{"name":"wp","href":"https:\/\/api.w.org\/{rel}","templated":true}]}}