{"id":9134,"date":"2016-08-31T12:38:04","date_gmt":"2016-08-31T10:38:04","guid":{"rendered":"http:\/\/wordpress.p391076.webspaceconfig.de\/a-propos-de-nous\/"},"modified":"2025-03-07T11:54:08","modified_gmt":"2025-03-07T10:54:08","slug":"a-propos-de-nous","status":"publish","type":"page","link":"https:\/\/armrelaxpad.com\/fr\/a-propos-de-nous\/","title":{"rendered":"\u00c0 propos de nous"},"content":{"rendered":"<section class=\"l-section wpb_row height_small\"><div class=\"l-section-h i-cf\"><div class=\"g-cols vc_row via_grid cols_1 laptops-cols_inherit tablets-cols_inherit mobiles-cols_1 valign_top type_default stacking_default\"><div class=\"wpb_column vc_column_container\"><div class=\"vc_column-inner\">\n\t\t\t<!-- START Slider 1 1 REVOLUTION SLIDER 6.7.31 --><p class=\"rs-p-wp-fix\"><\/p>\n\t\t\t<rs-module-wrap id=\"rev_slider_3_1_wrapper\" data-source=\"gallery\" style=\"visibility:hidden;background:transparent;padding:0;margin:0px auto;margin-top:0;margin-bottom:0;\">\n\t\t\t\t<rs-module id=\"rev_slider_3_1\" style=\"\" data-version=\"6.7.31\">\n\t\t\t\t\t<rs-slides style=\"overflow: hidden; position: absolute;\">\n\t\t\t\t\t\t<rs-slide style=\"position: absolute;\" data-key=\"rs-11\" data-title=\"FR - 1\" data-in=\"o:0;\" data-out=\"a:false;\">\n\t\t\t\t\t\t\t<img decoding=\"async\" src=\"\/\/armrelaxpad.com\/wp-content\/plugins\/revslider\/sr6\/assets\/assets\/dummy.png\" alt=\"\" title=\"armrelaxpad_Produktfoto_ (11)\" width=\"999\" height=\"666\" class=\"rev-slidebg tp-rs-img rs-lazyload\" data-lazyload=\"\/\/armrelaxpad.com\/wp-content\/uploads\/armrelaxpad_Produktfoto_-11.jpg\" data-bg=\"p:right center;\" data-no-retina>\n<!--\n\t\t\t\t\t\t\t--><rs-layer\n\t\t\t\t\t\t\t\tid=\"slider-3-slide-11-layer-0\" \n\t\t\t\t\t\t\t\tdata-type=\"text\"\n\t\t\t\t\t\t\t\tdata-color=\"#fff\"\n\t\t\t\t\t\t\t\tdata-rsp_ch=\"on\"\n\t\t\t\t\t\t\t\tdata-xy=\"x:c;y:200px;\"\n\t\t\t\t\t\t\t\tdata-text=\"w:normal;s:40;l:50;fw:900;\"\n\t\t\t\t\t\t\t\tdata-dim=\"w:1136px;minh:0px;\"\n\t\t\t\t\t\t\t\tdata-frame_999=\"o:0;st:w;\"\n\t\t\t\t\t\t\t\tstyle=\"z-index:5;font-family:'Roboto';text-transform:uppercase;\"\n\t\t\t\t\t\t\t>Armrelaxpad - L'accoudoir pour votre voiture<br \/>\n\u00cates-vous assis d\u00e9tendu et confortable dans votre voiture ? \n\t\t\t\t\t\t\t<\/rs-layer><!--\n-->\t\t\t\t\t<\/rs-slide>\n\t\t\t\t\t\t<rs-slide style=\"position: absolute;\" data-key=\"rs-12\" data-title=\"FR -2\" data-in=\"o:0;\" data-out=\"a:false;\">\n\t\t\t\t\t\t\t<img decoding=\"async\" src=\"\/\/armrelaxpad.com\/wp-content\/plugins\/revslider\/sr6\/assets\/assets\/dummy.png\" alt=\"\" title=\"slider-2\" width=\"1506\" height=\"1004\" class=\"rev-slidebg tp-rs-img rs-lazyload\" data-lazyload=\"\/\/armrelaxpad.com\/wp-content\/uploads\/slider-2.jpg\" data-no-retina>\n<!--\n\t\t\t\t\t\t\t--><rs-layer\n\t\t\t\t\t\t\t\tid=\"slider-3-slide-12-layer-1\" \n\t\t\t\t\t\t\t\tdata-type=\"text\"\n\t\t\t\t\t\t\t\tdata-color=\"#fff\"\n\t\t\t\t\t\t\t\tdata-rsp_ch=\"on\"\n\t\t\t\t\t\t\t\tdata-xy=\"x:60px;y:200px;\"\n\t\t\t\t\t\t\t\tdata-text=\"w:normal;s:40;l:50;fw:900;\"\n\t\t\t\t\t\t\t\tdata-dim=\"w:1125px;minh:0px;\"\n\t\t\t\t\t\t\t\tdata-frame_999=\"o:0;st:w;\"\n\t\t\t\t\t\t\t\tstyle=\"z-index:5;font-family:'Roboto';text-transform:uppercase;\"\n\t\t\t\t\t\t\t>Armrelaxpad - L'accoudoir pour votre voiture<br \/>\n\u00cates-vous assis d\u00e9tendu et confortable dans votre voiture ? \n\t\t\t\t\t\t\t<\/rs-layer><!--\n-->\t\t\t\t\t<\/rs-slide>\n\t\t\t\t\t\t<rs-slide style=\"position: absolute;\" data-key=\"rs-13\" data-title=\"FR - 3\" data-in=\"o:0;\" data-out=\"a:false;\">\n\t\t\t\t\t\t\t<img decoding=\"async\" src=\"\/\/armrelaxpad.com\/wp-content\/plugins\/revslider\/sr6\/assets\/assets\/dummy.png\" alt=\"\" title=\"IMG_4058-2s\" width=\"2215\" height=\"1476\" class=\"rev-slidebg tp-rs-img rs-lazyload\" data-lazyload=\"\/\/armrelaxpad.com\/wp-content\/uploads\/IMG_4058-2s-2.jpg\" data-no-retina>\n<!--\n\t\t\t\t\t\t\t--><rs-layer\n\t\t\t\t\t\t\t\tid=\"slider-3-slide-13-layer-2\" \n\t\t\t\t\t\t\t\tdata-type=\"text\"\n\t\t\t\t\t\t\t\tdata-color=\"#ffffff\"\n\t\t\t\t\t\t\t\tdata-rsp_ch=\"on\"\n\t\t\t\t\t\t\t\tdata-xy=\"x:60px;y:200px;\"\n\t\t\t\t\t\t\t\tdata-text=\"w:normal;s:40;l:50;ls:0px;fw:900;\"\n\t\t\t\t\t\t\t\tdata-dim=\"w:1128px;minh:0px;\"\n\t\t\t\t\t\t\t\tdata-frame_999=\"o:0;st:w;\"\n\t\t\t\t\t\t\t\tstyle=\"z-index:6;font-family:'Roboto';text-transform:uppercase;\"\n\t\t\t\t\t\t\t>Armrelaxpad - L'accoudoir pour votre voiture<br \/>\n\u00cates-vous assis d\u00e9tendu et confortable dans votre voiture ? \n\t\t\t\t\t\t\t<\/rs-layer><!--\n-->\t\t\t\t\t<\/rs-slide>\n\t\t\t\t\t<\/rs-slides>\n\t\t\t\t<\/rs-module>\n\t\t\t\t<script data-jetpack-boost=\"ignore\">\n\t\t\t\t\tsetREVStartSize({c: 'rev_slider_3_1',rl:[1240,1024,768,480],el:[460],gw:[1240],gh:[460],type:'standard',justify:'',layout:'fullwidth',mh:\"0\"});if (window.RS_MODULES!==undefined && window.RS_MODULES.modules!==undefined && window.RS_MODULES.modules[\"revslider31\"]!==undefined) {window.RS_MODULES.modules[\"revslider31\"].once = false;window.revapi3 = undefined;if (window.RS_MODULES.checkMinimal!==undefined) window.RS_MODULES.checkMinimal()}\n\t\t\t\t<\/script>\n\t\t\t<\/rs-module-wrap>\n\t\t\t<!-- END REVOLUTION SLIDER -->\n<\/div><\/div><\/div><\/div><\/section><section class=\"l-section wpb_row height_small\"><div class=\"l-section-h i-cf\"><div class=\"g-cols vc_row via_grid cols_2-1 laptops-cols_inherit tablets-cols_inherit mobiles-cols_1 valign_top type_default stacking_default\"><div class=\"wpb_column vc_column_container\"><div class=\"vc_column-inner\"><h1 class=\"w-text\"><span class=\"w-text-h\"><span class=\"w-text-value\">Pr\u00e9sentation de notre \u00e9quipe<\/span><\/span><\/h1><h2 class=\"w-text\"><span class=\"w-text-h\"><span class=\"w-text-value\">Nous produisons dans notre petite manufacture<\/span><\/span><\/h2><div class=\"wpb_text_column\"><div class=\"wpb_wrapper\"><div id=\"cc-m-10874860071\" class=\"j-module n j-text \">\n<p>Notre \u00e9quipe se compose d&rsquo;un petit groupe engag\u00e9 et dou\u00e9 pour le travail manuel.<\/p>\n<p>Depuis des ann\u00e9es, nous nous penchons sur le probl\u00e8me de l&rsquo;accoudoir inadapt\u00e9 dans la porte du conducteur. Comment y rem\u00e9dier ? &#8211; Et de surcro\u00eet, en beaut\u00e9 !<\/p>\n<p>Nous avons beaucoup essay\u00e9, bricol\u00e9, rejet\u00e9 et perfectionn\u00e9. Aujourd&rsquo;hui, nous sommes fiers de notre produit !<\/p>\n<\/div>\n<\/div><\/div><div class=\"w-separator size_small\"><\/div><h2 class=\"w-text\"><span class=\"w-text-h\"><span class=\"w-text-value\">T\u00e9moignages de clients<\/span><\/span><\/h2><div class=\"wpb_text_column\"><div class=\"wpb_wrapper\"><p>Lisez les avis et les \u00e9valuations de nos clients qui ont d\u00e9j\u00e0 d\u00e9couvert les avantages de notre accoudoir.<\/p>\n<\/div><\/div><div class=\"w-separator size_small\"><\/div><div class=\"w-btn-wrapper align_left\"><a class=\"w-btn us-btn-style_1\" href=\"\/fr\/evaluations\/\"><span class=\"w-btn-label\">Ce que disent nos clients<\/span><\/a><\/div><div class=\"w-separator size_large\"><\/div><div class=\"w-image align_none meta_simple\"><div class=\"w-image-h\"><img decoding=\"async\" width=\"1024\" height=\"682\" src=\"https:\/\/armrelaxpad.com\/wp-content\/uploads\/IMG_4058-2s-1-1024x682.jpg\" class=\"attachment-large size-large\" alt=\"\" loading=\"lazy\" srcset=\"https:\/\/armrelaxpad.com\/wp-content\/uploads\/IMG_4058-2s-1-1024x682.jpg 1024w, https:\/\/armrelaxpad.com\/wp-content\/uploads\/IMG_4058-2s-1-320x213.jpg 320w, https:\/\/armrelaxpad.com\/wp-content\/uploads\/IMG_4058-2s-1-600x400.jpg 600w\" sizes=\"auto, (max-width: 1024px) 100vw, 1024px\" \/><\/div><div class=\"w-image-meta\"><div class=\"w-image-title\">Accoudoirs en diff\u00e9rentes tailles<\/div><\/div><\/div><div class=\"w-separator size_small\"><\/div><div class=\"wpb_text_column\"><div class=\"wpb_wrapper\"><p>Nous nous ferons un plaisir de vous convaincre des avantages de nos accoudoirs. Lisez comment vous pouvez profiter de notre accoudoir.<\/p>\n<\/div><\/div><div class=\"w-separator size_small\"><\/div><div class=\"w-btn-wrapper align_left\"><a class=\"w-btn us-btn-style_1 icon_atleft\" href=\"http:\/\/armrelaxpad.com\/fr\/douleurs-a-lepaule-et-problemes-de-coude\/\"><i class=\"fas fa-users-medical\"><\/i><span class=\"w-btn-label\">Douleurs \u00e0 l&rsquo;\u00e9paule et probl\u00e8mes de coude<\/span><\/a><\/div><div class=\"w-separator size_large\"><\/div><div class=\"w-image align_none meta_simple\"><div class=\"w-image-h\"><img decoding=\"async\" width=\"1024\" height=\"682\" src=\"https:\/\/armrelaxpad.com\/wp-content\/uploads\/IMG_4034-2hs-1-1024x682.jpg\" class=\"attachment-large size-large\" alt=\"\" loading=\"lazy\" srcset=\"https:\/\/armrelaxpad.com\/wp-content\/uploads\/IMG_4034-2hs-1-1024x682.jpg 1024w, https:\/\/armrelaxpad.com\/wp-content\/uploads\/IMG_4034-2hs-1-320x213.jpg 320w, https:\/\/armrelaxpad.com\/wp-content\/uploads\/IMG_4034-2hs-1-600x400.jpg 600w\" sizes=\"auto, (max-width: 1024px) 100vw, 1024px\" \/><\/div><div class=\"w-image-meta\"><div class=\"w-image-title\">Accoudoirs sur mesure pour des trajets en voiture confortables. Disponibles \u00e9galement en diff\u00e9rentes hauteurs.<\/div><\/div><\/div><div class=\"w-separator size_small\"><\/div><div class=\"w-btn-wrapper align_left\"><a class=\"w-btn us-btn-style_1 icon_atleft\" href=\"\/fr\/commander-un-accoudoir\"><i class=\"fas fa-shopping-cart\"><\/i><span class=\"w-btn-label\">Acheter un accoudoir<\/span><\/a><\/div><\/div><\/div><div class=\"wpb_column vc_column_container\"><div class=\"vc_column-inner\"><nav class=\"w-menu us_custom_492179a4 layout_ver style_links us_menu_1\" style=\"--main-gap:0rem;--main-ver-indent:0.8em;--main-hor-indent:0.8em;--main-color:var(--color-header-middle-bg);--main-hover-color:var(--color-header-middle-text-hover);--main-active-color:var(--color-header-middle-text-hover);\"><ul id=\"menu-side-menu\" class=\"menu\"><li id=\"menu-item-9035\" class=\"menu-item menu-item-type-post_type menu-item-object-page menu-item-9035\"><a href=\"https:\/\/armrelaxpad.com\/ueber-uns\/\">\u00c0 propos de nous<\/a><\/li><li id=\"menu-item-9033\" class=\"menu-item menu-item-type-post_type menu-item-object-page menu-item-9033\"><a href=\"https:\/\/armrelaxpad.com\/von-der-idee-bis-zum-produkt\/\">De l&rsquo;id\u00e9e au produit<\/a><\/li><li id=\"menu-item-9032\" class=\"menu-item menu-item-type-post_type menu-item-object-page menu-item-9032\"><a href=\"https:\/\/armrelaxpad.com\/unser-produkt-stellt-sich-vor\/\">Faites confiance \u00e0 la qualit\u00e9!<\/a><\/li><li id=\"menu-item-9030\" class=\"menu-item menu-item-type-post_type menu-item-object-page menu-item-9030\"><a href=\"https:\/\/armrelaxpad.com\/schulterschmerzen-beim-autofahren\/\">Douleurs \u00e0 l&rsquo;\u00e9paule et probl\u00e8mes de coude<\/a><\/li><li id=\"menu-item-9029\" class=\"menu-item menu-item-type-post_type menu-item-object-page menu-item-9029\"><a href=\"https:\/\/armrelaxpad.com\/gaestebuch-produktbewertung\/\">\u00c9valuations<\/a><\/li><li id=\"menu-item-9031\" class=\"menu-item menu-item-type-post_type menu-item-object-page menu-item-9031\"><a href=\"https:\/\/armrelaxpad.com\/armlehne-nachruesten\/\">Instructions de montage<\/a><\/li><li id=\"menu-item-9028\" class=\"menu-item menu-item-type-post_type menu-item-object-page menu-item-9028\"><a href=\"https:\/\/armrelaxpad.com\/armlehne-universal\/\">nous proposons les tailles suivantes<\/a><\/li><li id=\"menu-item-9027\" class=\"menu-item menu-item-type-post_type menu-item-object-page menu-item-9027\"><a href=\"https:\/\/armrelaxpad.com\/armlehne-kaufen-fuer-ihre-autotuer\/\">Commander un accoudoir<\/a><\/li><li id=\"menu-item-9036\" class=\"menu-item menu-item-type-post_type menu-item-object-page menu-item-9036\"><a href=\"https:\/\/armrelaxpad.com\/kontakt\/\">Contact<\/a><\/li><\/ul><style>@media ( max-width:600px ){.us_menu_1 .menu{display:block!important}.us_menu_1 .menu>li{margin:0 0 var(--main-gap,0rem)!important}}<\/style><\/nav><\/div><\/div><\/div><\/div><\/section>\n","protected":false},"excerpt":{"rendered":"Armrelaxpad - L'accoudoir pour votre voiture \u00cates-vous assis d\u00e9tendu et confortable dans votre voiture ? Armrelaxpad - L'accoudoir pour votre voiture \u00cates-vous assis d\u00e9tendu et confortable dans votre voiture ? Armrelaxpad - L'accoudoir pour votre voiture \u00cates-vous assis d\u00e9tendu et confortable dans votre voiture ? Pr\u00e9sentation de notre \u00e9quipeNous produisons dans notre petite manufacture Notre...","protected":false},"author":1,"featured_media":0,"parent":0,"menu_order":102,"comment_status":"closed","ping_status":"closed","template":"","meta":{"footnotes":""},"class_list":["post-9134","page","type-page","status-publish","hentry"],"yoast_head":"<!-- This site is optimized with the Yoast SEO plugin v27.4 - https:\/\/yoast.com\/product\/yoast-seo-wordpress\/ -->\n<title>\u00c0 propos de nous - Nous sommes derri\u00e8re notre produit<\/title>\n<meta name=\"description\" content=\"Dans notre petite \u00e9quipe, nous fabriquons \u00e0 la main les accoudoirs de haute qualit\u00e9 de Kr\u00fcger dans notre petite manufacture situ\u00e9e ici en Allemagne.\" \/>\n<meta name=\"robots\" content=\"index, follow, max-snippet:-1, max-image-preview:large, max-video-preview:-1\" \/>\n<link rel=\"canonical\" href=\"https:\/\/armrelaxpad.com\/fr\/a-propos-de-nous\/\" \/>\n<meta property=\"og:locale\" content=\"fr_FR\" \/>\n<meta property=\"og:type\" content=\"article\" \/>\n<meta property=\"og:title\" content=\"\u00c0 propos de nous - Nous sommes derri\u00e8re notre produit\" \/>\n<meta property=\"og:description\" content=\"Dans notre petite \u00e9quipe, nous fabriquons \u00e0 la main les accoudoirs de haute qualit\u00e9 de Kr\u00fcger dans notre petite manufacture situ\u00e9e ici en Allemagne.\" \/>\n<meta property=\"og:url\" content=\"https:\/\/armrelaxpad.com\/fr\/a-propos-de-nous\/\" \/>\n<meta property=\"og:site_name\" content=\"KDL GmbH\" \/>\n<meta property=\"article:modified_time\" content=\"2025-03-07T10:54:08+00:00\" \/>\n<meta name=\"twitter:card\" content=\"summary_large_image\" \/>\n<meta name=\"twitter:label1\" content=\"Dur\u00e9e de lecture estim\u00e9e\" \/>\n\t<meta name=\"twitter:data1\" content=\"1 minute\" \/>\n<script type=\"application\/ld+json\" class=\"yoast-schema-graph\">{\"@context\":\"https:\\\/\\\/schema.org\",\"@graph\":[{\"@type\":\"WebPage\",\"@id\":\"https:\\\/\\\/armrelaxpad.com\\\/fr\\\/a-propos-de-nous\\\/\",\"url\":\"https:\\\/\\\/armrelaxpad.com\\\/fr\\\/a-propos-de-nous\\\/\",\"name\":\"\u00c0 propos de nous - Nous sommes derri\u00e8re notre produit\",\"isPartOf\":{\"@id\":\"https:\\\/\\\/armrelaxpad.com\\\/fr\\\/#website\"},\"datePublished\":\"2016-08-31T10:38:04+00:00\",\"dateModified\":\"2025-03-07T10:54:08+00:00\",\"description\":\"Dans notre petite \u00e9quipe, nous fabriquons \u00e0 la main les accoudoirs de haute qualit\u00e9 de Kr\u00fcger dans notre petite manufacture situ\u00e9e ici en Allemagne.\",\"breadcrumb\":{\"@id\":\"https:\\\/\\\/armrelaxpad.com\\\/fr\\\/a-propos-de-nous\\\/#breadcrumb\"},\"inLanguage\":\"fr-FR\",\"potentialAction\":[{\"@type\":\"ReadAction\",\"target\":[\"https:\\\/\\\/armrelaxpad.com\\\/fr\\\/a-propos-de-nous\\\/\"]}]},{\"@type\":\"BreadcrumbList\",\"@id\":\"https:\\\/\\\/armrelaxpad.com\\\/fr\\\/a-propos-de-nous\\\/#breadcrumb\",\"itemListElement\":[{\"@type\":\"ListItem\",\"position\":1,\"name\":\"Accueil\",\"item\":\"https:\\\/\\\/armrelaxpad.com\\\/fr\\\/\"},{\"@type\":\"ListItem\",\"position\":2,\"name\":\"\u00c0 propos de nous\"}]},{\"@type\":\"WebSite\",\"@id\":\"https:\\\/\\\/armrelaxpad.com\\\/fr\\\/#website\",\"url\":\"https:\\\/\\\/armrelaxpad.com\\\/fr\\\/\",\"name\":\"KDL GmbH\",\"description\":\"\",\"potentialAction\":[{\"@type\":\"SearchAction\",\"target\":{\"@type\":\"EntryPoint\",\"urlTemplate\":\"https:\\\/\\\/armrelaxpad.com\\\/fr\\\/?s={search_term_string}\"},\"query-input\":{\"@type\":\"PropertyValueSpecification\",\"valueRequired\":true,\"valueName\":\"search_term_string\"}}],\"inLanguage\":\"fr-FR\"}]}<\/script>\n<!-- \/ Yoast SEO plugin. -->","yoast_head_json":{"title":"\u00c0 propos de nous - Nous sommes derri\u00e8re notre produit","description":"Dans notre petite \u00e9quipe, nous fabriquons \u00e0 la main les accoudoirs de haute qualit\u00e9 de Kr\u00fcger dans notre petite manufacture situ\u00e9e ici en Allemagne.","robots":{"index":"index","follow":"follow","max-snippet":"max-snippet:-1","max-image-preview":"max-image-preview:large","max-video-preview":"max-video-preview:-1"},"canonical":"https:\/\/armrelaxpad.com\/fr\/a-propos-de-nous\/","og_locale":"fr_FR","og_type":"article","og_title":"\u00c0 propos de nous - Nous sommes derri\u00e8re notre produit","og_description":"Dans notre petite \u00e9quipe, nous fabriquons \u00e0 la main les accoudoirs de haute qualit\u00e9 de Kr\u00fcger dans notre petite manufacture situ\u00e9e ici en Allemagne.","og_url":"https:\/\/armrelaxpad.com\/fr\/a-propos-de-nous\/","og_site_name":"KDL GmbH","article_modified_time":"2025-03-07T10:54:08+00:00","twitter_card":"summary_large_image","twitter_misc":{"Dur\u00e9e de lecture estim\u00e9e":"1 minute"},"schema":{"@context":"https:\/\/schema.org","@graph":[{"@type":"WebPage","@id":"https:\/\/armrelaxpad.com\/fr\/a-propos-de-nous\/","url":"https:\/\/armrelaxpad.com\/fr\/a-propos-de-nous\/","name":"\u00c0 propos de nous - Nous sommes derri\u00e8re notre produit","isPartOf":{"@id":"https:\/\/armrelaxpad.com\/fr\/#website"},"datePublished":"2016-08-31T10:38:04+00:00","dateModified":"2025-03-07T10:54:08+00:00","description":"Dans notre petite \u00e9quipe, nous fabriquons \u00e0 la main les accoudoirs de haute qualit\u00e9 de Kr\u00fcger dans notre petite manufacture situ\u00e9e ici en Allemagne.","breadcrumb":{"@id":"https:\/\/armrelaxpad.com\/fr\/a-propos-de-nous\/#breadcrumb"},"inLanguage":"fr-FR","potentialAction":[{"@type":"ReadAction","target":["https:\/\/armrelaxpad.com\/fr\/a-propos-de-nous\/"]}]},{"@type":"BreadcrumbList","@id":"https:\/\/armrelaxpad.com\/fr\/a-propos-de-nous\/#breadcrumb","itemListElement":[{"@type":"ListItem","position":1,"name":"Accueil","item":"https:\/\/armrelaxpad.com\/fr\/"},{"@type":"ListItem","position":2,"name":"\u00c0 propos de nous"}]},{"@type":"WebSite","@id":"https:\/\/armrelaxpad.com\/fr\/#website","url":"https:\/\/armrelaxpad.com\/fr\/","name":"KDL GmbH","description":"","potentialAction":[{"@type":"SearchAction","target":{"@type":"EntryPoint","urlTemplate":"https:\/\/armrelaxpad.com\/fr\/?s={search_term_string}"},"query-input":{"@type":"PropertyValueSpecification","valueRequired":true,"valueName":"search_term_string"}}],"inLanguage":"fr-FR"}]}},"jetpack_sharing_enabled":true,"_links":{"self":[{"href":"https:\/\/armrelaxpad.com\/fr\/wp-json\/wp\/v2\/pages\/9134","targetHints":{"allow":["GET"]}}],"collection":[{"href":"https:\/\/armrelaxpad.com\/fr\/wp-json\/wp\/v2\/pages"}],"about":[{"href":"https:\/\/armrelaxpad.com\/fr\/wp-json\/wp\/v2\/types\/page"}],"author":[{"embeddable":true,"href":"https:\/\/armrelaxpad.com\/fr\/wp-json\/wp\/v2\/users\/1"}],"replies":[{"embeddable":true,"href":"https:\/\/armrelaxpad.com\/fr\/wp-json\/wp\/v2\/comments?post=9134"}],"version-history":[{"count":46,"href":"https:\/\/armrelaxpad.com\/fr\/wp-json\/wp\/v2\/pages\/9134\/revisions"}],"predecessor-version":[{"id":10470,"href":"https:\/\/armrelaxpad.com\/fr\/wp-json\/wp\/v2\/pages\/9134\/revisions\/10470"}],"wp:attachment":[{"href":"https:\/\/armrelaxpad.com\/fr\/wp-json\/wp\/v2\/media?parent=9134"}],"curies":[{"name":"wp","href":"https:\/\/api.w.org\/{rel}","templated":true}]}}