{"id":9220,"date":"2024-09-03T15:58:29","date_gmt":"2024-09-03T13:58:29","guid":{"rendered":"http:\/\/wordpress.p391076.webspaceconfig.de\/douleurs-a-lepaule-et-problemes-de-coude\/"},"modified":"2025-04-11T11:38:57","modified_gmt":"2025-04-11T09:38:57","slug":"douleurs-a-lepaule-et-problemes-de-coude","status":"publish","type":"page","link":"https:\/\/armrelaxpad.com\/fr\/douleurs-a-lepaule-et-problemes-de-coude\/","title":{"rendered":"Douleurs \u00e0 l&rsquo;\u00e9paule et probl\u00e8mes de coude"},"content":{"rendered":"<section class=\"l-section wpb_row height_small\"><div class=\"l-section-h i-cf\"><div class=\"g-cols vc_row via_grid cols_1 laptops-cols_inherit tablets-cols_inherit mobiles-cols_1 valign_top type_default stacking_default\"><div class=\"wpb_column vc_column_container\"><div class=\"vc_column-inner\">\n\t\t\t<!-- START Slider 1 1 REVOLUTION SLIDER 6.7.31 --><p class=\"rs-p-wp-fix\"><\/p>\n\t\t\t<rs-module-wrap id=\"rev_slider_3_1_wrapper\" data-source=\"gallery\" style=\"visibility:hidden;background:transparent;padding:0;margin:0px auto;margin-top:0;margin-bottom:0;\">\n\t\t\t\t<rs-module id=\"rev_slider_3_1\" style=\"\" data-version=\"6.7.31\">\n\t\t\t\t\t<rs-slides style=\"overflow: hidden; position: absolute;\">\n\t\t\t\t\t\t<rs-slide style=\"position: absolute;\" data-key=\"rs-11\" data-title=\"FR - 1\" data-in=\"o:0;\" data-out=\"a:false;\">\n\t\t\t\t\t\t\t<img decoding=\"async\" src=\"\/\/armrelaxpad.com\/wp-content\/plugins\/revslider\/sr6\/assets\/assets\/dummy.png\" alt=\"\" title=\"armrelaxpad_Produktfoto_ (11)\" width=\"999\" height=\"666\" class=\"rev-slidebg tp-rs-img rs-lazyload\" data-lazyload=\"\/\/armrelaxpad.com\/wp-content\/uploads\/armrelaxpad_Produktfoto_-11.jpg\" data-bg=\"p:right center;\" data-no-retina>\n<!--\n\t\t\t\t\t\t\t--><rs-layer\n\t\t\t\t\t\t\t\tid=\"slider-3-slide-11-layer-0\" \n\t\t\t\t\t\t\t\tdata-type=\"text\"\n\t\t\t\t\t\t\t\tdata-color=\"#fff\"\n\t\t\t\t\t\t\t\tdata-rsp_ch=\"on\"\n\t\t\t\t\t\t\t\tdata-xy=\"x:c;y:200px;\"\n\t\t\t\t\t\t\t\tdata-text=\"w:normal;s:40;l:50;fw:900;\"\n\t\t\t\t\t\t\t\tdata-dim=\"w:1136px;minh:0px;\"\n\t\t\t\t\t\t\t\tdata-frame_999=\"o:0;st:w;\"\n\t\t\t\t\t\t\t\tstyle=\"z-index:5;font-family:'Roboto';text-transform:uppercase;\"\n\t\t\t\t\t\t\t>Armrelaxpad - L'accoudoir pour votre voiture<br \/>\n\u00cates-vous assis d\u00e9tendu et confortable dans votre voiture ? \n\t\t\t\t\t\t\t<\/rs-layer><!--\n-->\t\t\t\t\t<\/rs-slide>\n\t\t\t\t\t\t<rs-slide style=\"position: absolute;\" data-key=\"rs-12\" data-title=\"FR -2\" data-in=\"o:0;\" data-out=\"a:false;\">\n\t\t\t\t\t\t\t<img decoding=\"async\" src=\"\/\/armrelaxpad.com\/wp-content\/plugins\/revslider\/sr6\/assets\/assets\/dummy.png\" alt=\"\" title=\"slider-2\" width=\"1506\" height=\"1004\" class=\"rev-slidebg tp-rs-img rs-lazyload\" data-lazyload=\"\/\/armrelaxpad.com\/wp-content\/uploads\/slider-2.jpg\" data-no-retina>\n<!--\n\t\t\t\t\t\t\t--><rs-layer\n\t\t\t\t\t\t\t\tid=\"slider-3-slide-12-layer-1\" \n\t\t\t\t\t\t\t\tdata-type=\"text\"\n\t\t\t\t\t\t\t\tdata-color=\"#fff\"\n\t\t\t\t\t\t\t\tdata-rsp_ch=\"on\"\n\t\t\t\t\t\t\t\tdata-xy=\"x:60px;y:200px;\"\n\t\t\t\t\t\t\t\tdata-text=\"w:normal;s:40;l:50;fw:900;\"\n\t\t\t\t\t\t\t\tdata-dim=\"w:1125px;minh:0px;\"\n\t\t\t\t\t\t\t\tdata-frame_999=\"o:0;st:w;\"\n\t\t\t\t\t\t\t\tstyle=\"z-index:5;font-family:'Roboto';text-transform:uppercase;\"\n\t\t\t\t\t\t\t>Armrelaxpad - L'accoudoir pour votre voiture<br \/>\n\u00cates-vous assis d\u00e9tendu et confortable dans votre voiture ? \n\t\t\t\t\t\t\t<\/rs-layer><!--\n-->\t\t\t\t\t<\/rs-slide>\n\t\t\t\t\t\t<rs-slide style=\"position: absolute;\" data-key=\"rs-13\" data-title=\"FR - 3\" data-in=\"o:0;\" data-out=\"a:false;\">\n\t\t\t\t\t\t\t<img decoding=\"async\" src=\"\/\/armrelaxpad.com\/wp-content\/plugins\/revslider\/sr6\/assets\/assets\/dummy.png\" alt=\"\" title=\"IMG_4058-2s\" width=\"2215\" height=\"1476\" class=\"rev-slidebg tp-rs-img rs-lazyload\" data-lazyload=\"\/\/armrelaxpad.com\/wp-content\/uploads\/IMG_4058-2s-2.jpg\" data-no-retina>\n<!--\n\t\t\t\t\t\t\t--><rs-layer\n\t\t\t\t\t\t\t\tid=\"slider-3-slide-13-layer-2\" \n\t\t\t\t\t\t\t\tdata-type=\"text\"\n\t\t\t\t\t\t\t\tdata-color=\"#ffffff\"\n\t\t\t\t\t\t\t\tdata-rsp_ch=\"on\"\n\t\t\t\t\t\t\t\tdata-xy=\"x:60px;y:200px;\"\n\t\t\t\t\t\t\t\tdata-text=\"w:normal;s:40;l:50;ls:0px;fw:900;\"\n\t\t\t\t\t\t\t\tdata-dim=\"w:1128px;minh:0px;\"\n\t\t\t\t\t\t\t\tdata-frame_999=\"o:0;st:w;\"\n\t\t\t\t\t\t\t\tstyle=\"z-index:6;font-family:'Roboto';text-transform:uppercase;\"\n\t\t\t\t\t\t\t>Armrelaxpad - L'accoudoir pour votre voiture<br \/>\n\u00cates-vous assis d\u00e9tendu et confortable dans votre voiture ? \n\t\t\t\t\t\t\t<\/rs-layer><!--\n-->\t\t\t\t\t<\/rs-slide>\n\t\t\t\t\t<\/rs-slides>\n\t\t\t\t<\/rs-module>\n\t\t\t\t<script data-jetpack-boost=\"ignore\">\n\t\t\t\t\tsetREVStartSize({c: 'rev_slider_3_1',rl:[1240,1024,768,480],el:[460],gw:[1240],gh:[460],type:'standard',justify:'',layout:'fullwidth',mh:\"0\"});if (window.RS_MODULES!==undefined && window.RS_MODULES.modules!==undefined && window.RS_MODULES.modules[\"revslider31\"]!==undefined) {window.RS_MODULES.modules[\"revslider31\"].once = false;window.revapi3 = undefined;if (window.RS_MODULES.checkMinimal!==undefined) window.RS_MODULES.checkMinimal()}\n\t\t\t\t<\/script>\n\t\t\t<\/rs-module-wrap>\n\t\t\t<!-- END REVOLUTION SLIDER -->\n<\/div><\/div><\/div><\/div><\/section><section class=\"l-section wpb_row height_small\"><div class=\"l-section-h i-cf\"><div class=\"g-cols vc_row via_grid cols_2-1 laptops-cols_inherit tablets-cols_inherit mobiles-cols_1 valign_top type_default stacking_default\"><div class=\"wpb_column vc_column_container\"><div class=\"vc_column-inner\"><h1 class=\"w-text\"><span class=\"w-text-h\"><span class=\"w-text-value\">Douleurs \u00e0 l&rsquo;\u00e9paule en conduisant<\/span><\/span><\/h1><h2 class=\"w-text\"><span class=\"w-text-h\"><span class=\"w-text-value\">Vous souffrez de rhumatismes ou votre \u00e9paule vous fait souffrir?<\/span><\/span><\/h2><h2 class=\"w-text\"><span class=\"w-text-h\"><span class=\"w-text-value\">Comment profiter de notre accoudoir<\/span><\/span><\/h2><div class=\"wpb_text_column\"><div class=\"wpb_wrapper\"><p>Une mauvaise position assise en voiture peut entra\u00eener des tensions dans la nuque et des douleurs dans les \u00e9paules, surtout lors de longs trajets, car certains muscles de la nuque et des \u00e9paules sont soumis \u00e0 une charge excessive et deviennent tendus avec le temps. Les personnes qui font souvent de longs trajets en voiture ne connaissent que trop bien ce probl\u00e8me. Les accoudoirs existants dans la porti\u00e8re du conducteur sont g\u00e9n\u00e9ralement plac\u00e9s beaucoup trop bas, de sorte que le fait de poser le bras provoque une position assise totalement anormale au volant. Souvent, l&rsquo;avant-bras et le coude gauches ne sont m\u00eame pas appuy\u00e9s. Ou alors, le bras est positionn\u00e9 sur le \u00ab rebord de la fen\u00eatre \u00bb, bien que la hauteur ne soit pas adapt\u00e9e. Les douleurs \u00e0 l&rsquo;\u00e9paule en conduisant sont in\u00e9vitables.<\/p>\n<\/div><\/div><div class=\"w-separator size_small\"><\/div><div class=\"wpb_text_column\"><div class=\"wpb_wrapper\"><p>Un accoudoir pour la porte de la voiture peut y rem\u00e9dier rapidement et facilement. Plac\u00e9 sur l&rsquo;accoudoir existant, il offre un soutien suppl\u00e9mentaire pour le bras et l&rsquo;\u00e9paule et peut pr\u00e9venir les tensions dans l&rsquo;\u00e9paule et la nuque. Le bras gauche peut \u00eatre confortablement pos\u00e9 sur l&rsquo;accoudoir, ce qui soulage la musculature et favorise une position assise correcte en voiture. Un accoudoir peut donc contribuer \u00e0 ce que vous arriviez d\u00e9tendu et sans douleur \u00e0 destination, surtout lors de longs trajets.<\/p>\n<\/div><\/div><div class=\"w-separator size_small\"><\/div><div class=\"w-image align_none meta_simple\"><div class=\"w-image-h\"><img decoding=\"async\" width=\"734\" height=\"489\" src=\"https:\/\/armrelaxpad.com\/wp-content\/uploads\/tuer-armlehne-2.jpg\" class=\"attachment-large size-large\" alt=\"\" loading=\"lazy\" srcset=\"https:\/\/armrelaxpad.com\/wp-content\/uploads\/tuer-armlehne-2.jpg 734w, https:\/\/armrelaxpad.com\/wp-content\/uploads\/tuer-armlehne-2-320x213.jpg 320w, https:\/\/armrelaxpad.com\/wp-content\/uploads\/tuer-armlehne-2-600x400.jpg 600w\" sizes=\"auto, (max-width: 734px) 100vw, 734px\" \/><\/div><div class=\"w-image-meta\"><div class=\"w-image-title\">Armrelaxpad pour le c\u00f4t\u00e9 gauche du conducteur<\/div><\/div><\/div><div class=\"w-separator size_small\"><\/div><div class=\"wpb_text_column\"><div class=\"wpb_wrapper\"><p><span>Il est important de veiller \u00e0 ce que l&rsquo;accoudoir soit adapt\u00e9 individuellement \u00e0 la taille du conducteur. En effet, un accoudoir trop haut peut aussi provoquer des tensions au niveau de la nuque et des \u00e9paules. C\u2019est pourquoi les Armrelaxpads sont disponibles en trois hauteurs diff\u00e9rentes.<\/span><\/p>\n<\/div><\/div><div class=\"w-separator size_small\"><\/div><div class=\"wpb_text_column\"><div class=\"wpb_wrapper\"><p><span>De plus, un accoudoir trop dur peut provoquer des douleurs extr\u00eamement d\u00e9sagr\u00e9ables chez les personnes souffrant de rhumatismes ou de probl\u00e8mes de coude. Les Armrelaxpads sont fabriqu\u00e9s en mousse composite ind\u00e9formable et recouverts de cuir automobile Imola souple. L&rsquo;accoudoir conserve sa forme m\u00eame apr\u00e8s de nombreuses ann\u00e9es et assure une sensation agr\u00e9able et indolore au volant. <\/span><\/p>\n<\/div><\/div><div class=\"w-separator size_small\"><\/div><div class=\"w-btn-wrapper align_left\"><a class=\"w-btn us-btn-style_1 icon_atleft\" href=\"\/fr\/commander-un-accoudoir\"><i class=\"fas fa-shopping-cart\"><\/i><span class=\"w-btn-label\">Acheter un accoudoir<\/span><\/a><\/div><div class=\"w-separator size_medium\"><\/div><h2 class=\"w-text\"><span class=\"w-text-h\"><span class=\"w-text-value\">T\u00e9moignages de clients<\/span><\/span><\/h2><div class=\"wpb_text_column\"><div class=\"wpb_wrapper\"><p>Lisez volontiers les avis et les \u00e9valuations de nos clients dont nous avons pu soulager consid\u00e9rablement les douleurs au volant.<\/p>\n<\/div><\/div><div class=\"w-separator size_small\"><\/div><div class=\"w-btn-wrapper align_left\"><a class=\"w-btn us-btn-style_1\" href=\"\/fr\/evaluations\/\"><span class=\"w-btn-label\">\u00c9valuations<\/span><\/a><\/div><div class=\"w-separator size_medium\"><\/div><h2 class=\"w-text\"><span class=\"w-text-h\"><span class=\"w-text-value\">Instructions de montage<\/span><\/span><\/h2><div class=\"wpb_text_column\"><div class=\"wpb_wrapper\"><p>Le montage de nos accoudoirs est tr\u00e8s simple. Pas besoin d&rsquo;un atelier sp\u00e9cialis\u00e9, il suffit de coller soi-m\u00eame les accoudoirs chez soi.<\/p>\n<\/div><\/div><div class=\"w-separator size_medium\"><\/div><div class=\"w-image align_none meta_simple\"><div class=\"w-image-h\"><img decoding=\"async\" width=\"1024\" height=\"682\" src=\"https:\/\/armrelaxpad.com\/wp-content\/uploads\/IMG_4054-2s-1-1024x682.jpg\" class=\"attachment-large size-large\" alt=\"\" loading=\"lazy\" srcset=\"https:\/\/armrelaxpad.com\/wp-content\/uploads\/IMG_4054-2s-1-1024x682.jpg 1024w, https:\/\/armrelaxpad.com\/wp-content\/uploads\/IMG_4054-2s-1-320x213.jpg 320w, https:\/\/armrelaxpad.com\/wp-content\/uploads\/IMG_4054-2s-1-600x400.jpg 600w\" sizes=\"auto, (max-width: 1024px) 100vw, 1024px\" \/><\/div><div class=\"w-image-meta\"><div class=\"w-image-title\">Les dessous des accoudoirs sont \u00e9quip\u00e9s d'une coque en plastique rigide et d'un ruban adh\u00e9sif de haute qualit\u00e9<\/div><\/div><\/div><div class=\"w-separator size_small\"><\/div><div class=\"w-btn-wrapper align_left\"><a class=\"w-btn us-btn-style_1 icon_atleft\" href=\"\/fr\/instructions-de-montage\/\"><i class=\"fas fa-tools\"><\/i><span class=\"w-btn-label\">Instructions de montage<\/span><\/a><\/div><\/div><\/div><div class=\"wpb_column vc_column_container\"><div class=\"vc_column-inner\"><nav class=\"w-menu us_custom_492179a4 layout_ver style_links us_menu_1\" style=\"--main-gap:0rem;--main-ver-indent:0.8em;--main-hor-indent:0.8em;--main-color:var(--color-header-middle-bg);--main-hover-color:var(--color-header-middle-text-hover);--main-active-color:var(--color-header-middle-text-hover);\"><ul id=\"menu-side-menu\" class=\"menu\"><li id=\"menu-item-9035\" class=\"menu-item menu-item-type-post_type menu-item-object-page menu-item-9035\"><a href=\"https:\/\/armrelaxpad.com\/ueber-uns\/\">\u00c0 propos de nous<\/a><\/li><li id=\"menu-item-9033\" class=\"menu-item menu-item-type-post_type menu-item-object-page menu-item-9033\"><a href=\"https:\/\/armrelaxpad.com\/von-der-idee-bis-zum-produkt\/\">De l&rsquo;id\u00e9e au produit<\/a><\/li><li id=\"menu-item-9032\" class=\"menu-item menu-item-type-post_type menu-item-object-page menu-item-9032\"><a href=\"https:\/\/armrelaxpad.com\/unser-produkt-stellt-sich-vor\/\">Faites confiance \u00e0 la qualit\u00e9!<\/a><\/li><li id=\"menu-item-9030\" class=\"menu-item menu-item-type-post_type menu-item-object-page menu-item-9030\"><a href=\"https:\/\/armrelaxpad.com\/schulterschmerzen-beim-autofahren\/\">Douleurs \u00e0 l&rsquo;\u00e9paule et probl\u00e8mes de coude<\/a><\/li><li id=\"menu-item-9029\" class=\"menu-item menu-item-type-post_type menu-item-object-page menu-item-9029\"><a href=\"https:\/\/armrelaxpad.com\/gaestebuch-produktbewertung\/\">\u00c9valuations<\/a><\/li><li id=\"menu-item-9031\" class=\"menu-item menu-item-type-post_type menu-item-object-page menu-item-9031\"><a href=\"https:\/\/armrelaxpad.com\/armlehne-nachruesten\/\">Instructions de montage<\/a><\/li><li id=\"menu-item-9028\" class=\"menu-item menu-item-type-post_type menu-item-object-page menu-item-9028\"><a href=\"https:\/\/armrelaxpad.com\/armlehne-universal\/\">nous proposons les tailles suivantes<\/a><\/li><li id=\"menu-item-9027\" class=\"menu-item menu-item-type-post_type menu-item-object-page menu-item-9027\"><a href=\"https:\/\/armrelaxpad.com\/armlehne-kaufen-fuer-ihre-autotuer\/\">Commander un accoudoir<\/a><\/li><li id=\"menu-item-9036\" class=\"menu-item menu-item-type-post_type menu-item-object-page menu-item-9036\"><a href=\"https:\/\/armrelaxpad.com\/kontakt\/\">Contact<\/a><\/li><\/ul><style>@media ( max-width:600px ){.us_menu_1 .menu{display:block!important}.us_menu_1 .menu>li{margin:0 0 var(--main-gap,0rem)!important}}<\/style><\/nav><\/div><\/div><\/div><\/div><\/section>\n","protected":false},"excerpt":{"rendered":"Armrelaxpad - L'accoudoir pour votre voiture \u00cates-vous assis d\u00e9tendu et confortable dans votre voiture ? Armrelaxpad - L'accoudoir pour votre voiture \u00cates-vous assis d\u00e9tendu et confortable dans votre voiture ? Armrelaxpad - L'accoudoir pour votre voiture \u00cates-vous assis d\u00e9tendu et confortable dans votre voiture ? Douleurs \u00e0 l&rsquo;\u00e9paule en conduisantVous souffrez de rhumatismes ou votre...","protected":false},"author":1,"featured_media":0,"parent":0,"menu_order":104,"comment_status":"closed","ping_status":"closed","template":"","meta":{"footnotes":""},"class_list":["post-9220","page","type-page","status-publish","hentry"],"yoast_head":"<!-- This site is optimized with the Yoast SEO plugin v27.4 - https:\/\/yoast.com\/product\/yoast-seo-wordpress\/ -->\n<title>Douleurs \u00e0 l\u2019\u00e9paule en conduisant<\/title>\n<meta name=\"description\" content=\"Vous souffrez de douleurs \u00e0 l\u2019\u00e9paule en voiture ? Un accoudoir adapt\u00e9 peut les pr\u00e9venir.\" \/>\n<meta name=\"robots\" content=\"index, follow, max-snippet:-1, max-image-preview:large, max-video-preview:-1\" \/>\n<link rel=\"canonical\" href=\"https:\/\/armrelaxpad.com\/fr\/douleurs-a-lepaule-et-problemes-de-coude\/\" \/>\n<meta property=\"og:locale\" content=\"fr_FR\" \/>\n<meta property=\"og:type\" content=\"article\" \/>\n<meta property=\"og:title\" content=\"Douleurs \u00e0 l\u2019\u00e9paule en conduisant\" \/>\n<meta property=\"og:description\" content=\"Vous souffrez de douleurs \u00e0 l\u2019\u00e9paule en voiture ? Un accoudoir adapt\u00e9 peut les pr\u00e9venir.\" \/>\n<meta property=\"og:url\" content=\"https:\/\/armrelaxpad.com\/fr\/douleurs-a-lepaule-et-problemes-de-coude\/\" \/>\n<meta property=\"og:site_name\" content=\"KDL GmbH\" \/>\n<meta property=\"article:modified_time\" content=\"2025-04-11T09:38:57+00:00\" \/>\n<meta name=\"twitter:card\" content=\"summary_large_image\" \/>\n<meta name=\"twitter:label1\" content=\"Dur\u00e9e de lecture estim\u00e9e\" \/>\n\t<meta name=\"twitter:data1\" content=\"3 minutes\" \/>\n<script type=\"application\/ld+json\" class=\"yoast-schema-graph\">{\"@context\":\"https:\\\/\\\/schema.org\",\"@graph\":[{\"@type\":\"WebPage\",\"@id\":\"https:\\\/\\\/armrelaxpad.com\\\/fr\\\/douleurs-a-lepaule-et-problemes-de-coude\\\/\",\"url\":\"https:\\\/\\\/armrelaxpad.com\\\/fr\\\/douleurs-a-lepaule-et-problemes-de-coude\\\/\",\"name\":\"Douleurs \u00e0 l\u2019\u00e9paule en conduisant\",\"isPartOf\":{\"@id\":\"https:\\\/\\\/armrelaxpad.com\\\/fr\\\/#website\"},\"datePublished\":\"2024-09-03T13:58:29+00:00\",\"dateModified\":\"2025-04-11T09:38:57+00:00\",\"description\":\"Vous souffrez de douleurs \u00e0 l\u2019\u00e9paule en voiture ? Un accoudoir adapt\u00e9 peut les pr\u00e9venir.\",\"breadcrumb\":{\"@id\":\"https:\\\/\\\/armrelaxpad.com\\\/fr\\\/douleurs-a-lepaule-et-problemes-de-coude\\\/#breadcrumb\"},\"inLanguage\":\"fr-FR\",\"potentialAction\":[{\"@type\":\"ReadAction\",\"target\":[\"https:\\\/\\\/armrelaxpad.com\\\/fr\\\/douleurs-a-lepaule-et-problemes-de-coude\\\/\"]}]},{\"@type\":\"BreadcrumbList\",\"@id\":\"https:\\\/\\\/armrelaxpad.com\\\/fr\\\/douleurs-a-lepaule-et-problemes-de-coude\\\/#breadcrumb\",\"itemListElement\":[{\"@type\":\"ListItem\",\"position\":1,\"name\":\"Accueil\",\"item\":\"https:\\\/\\\/armrelaxpad.com\\\/fr\\\/\"},{\"@type\":\"ListItem\",\"position\":2,\"name\":\"Douleurs \u00e0 l&#8217;\u00e9paule et probl\u00e8mes de coude\"}]},{\"@type\":\"WebSite\",\"@id\":\"https:\\\/\\\/armrelaxpad.com\\\/fr\\\/#website\",\"url\":\"https:\\\/\\\/armrelaxpad.com\\\/fr\\\/\",\"name\":\"KDL GmbH\",\"description\":\"\",\"potentialAction\":[{\"@type\":\"SearchAction\",\"target\":{\"@type\":\"EntryPoint\",\"urlTemplate\":\"https:\\\/\\\/armrelaxpad.com\\\/fr\\\/?s={search_term_string}\"},\"query-input\":{\"@type\":\"PropertyValueSpecification\",\"valueRequired\":true,\"valueName\":\"search_term_string\"}}],\"inLanguage\":\"fr-FR\"}]}<\/script>\n<!-- \/ Yoast SEO plugin. -->","yoast_head_json":{"title":"Douleurs \u00e0 l\u2019\u00e9paule en conduisant","description":"Vous souffrez de douleurs \u00e0 l\u2019\u00e9paule en voiture ? Un accoudoir adapt\u00e9 peut les pr\u00e9venir.","robots":{"index":"index","follow":"follow","max-snippet":"max-snippet:-1","max-image-preview":"max-image-preview:large","max-video-preview":"max-video-preview:-1"},"canonical":"https:\/\/armrelaxpad.com\/fr\/douleurs-a-lepaule-et-problemes-de-coude\/","og_locale":"fr_FR","og_type":"article","og_title":"Douleurs \u00e0 l\u2019\u00e9paule en conduisant","og_description":"Vous souffrez de douleurs \u00e0 l\u2019\u00e9paule en voiture ? Un accoudoir adapt\u00e9 peut les pr\u00e9venir.","og_url":"https:\/\/armrelaxpad.com\/fr\/douleurs-a-lepaule-et-problemes-de-coude\/","og_site_name":"KDL GmbH","article_modified_time":"2025-04-11T09:38:57+00:00","twitter_card":"summary_large_image","twitter_misc":{"Dur\u00e9e de lecture estim\u00e9e":"3 minutes"},"schema":{"@context":"https:\/\/schema.org","@graph":[{"@type":"WebPage","@id":"https:\/\/armrelaxpad.com\/fr\/douleurs-a-lepaule-et-problemes-de-coude\/","url":"https:\/\/armrelaxpad.com\/fr\/douleurs-a-lepaule-et-problemes-de-coude\/","name":"Douleurs \u00e0 l\u2019\u00e9paule en conduisant","isPartOf":{"@id":"https:\/\/armrelaxpad.com\/fr\/#website"},"datePublished":"2024-09-03T13:58:29+00:00","dateModified":"2025-04-11T09:38:57+00:00","description":"Vous souffrez de douleurs \u00e0 l\u2019\u00e9paule en voiture ? Un accoudoir adapt\u00e9 peut les pr\u00e9venir.","breadcrumb":{"@id":"https:\/\/armrelaxpad.com\/fr\/douleurs-a-lepaule-et-problemes-de-coude\/#breadcrumb"},"inLanguage":"fr-FR","potentialAction":[{"@type":"ReadAction","target":["https:\/\/armrelaxpad.com\/fr\/douleurs-a-lepaule-et-problemes-de-coude\/"]}]},{"@type":"BreadcrumbList","@id":"https:\/\/armrelaxpad.com\/fr\/douleurs-a-lepaule-et-problemes-de-coude\/#breadcrumb","itemListElement":[{"@type":"ListItem","position":1,"name":"Accueil","item":"https:\/\/armrelaxpad.com\/fr\/"},{"@type":"ListItem","position":2,"name":"Douleurs \u00e0 l&#8217;\u00e9paule et probl\u00e8mes de coude"}]},{"@type":"WebSite","@id":"https:\/\/armrelaxpad.com\/fr\/#website","url":"https:\/\/armrelaxpad.com\/fr\/","name":"KDL GmbH","description":"","potentialAction":[{"@type":"SearchAction","target":{"@type":"EntryPoint","urlTemplate":"https:\/\/armrelaxpad.com\/fr\/?s={search_term_string}"},"query-input":{"@type":"PropertyValueSpecification","valueRequired":true,"valueName":"search_term_string"}}],"inLanguage":"fr-FR"}]}},"jetpack_sharing_enabled":true,"_links":{"self":[{"href":"https:\/\/armrelaxpad.com\/fr\/wp-json\/wp\/v2\/pages\/9220","targetHints":{"allow":["GET"]}}],"collection":[{"href":"https:\/\/armrelaxpad.com\/fr\/wp-json\/wp\/v2\/pages"}],"about":[{"href":"https:\/\/armrelaxpad.com\/fr\/wp-json\/wp\/v2\/types\/page"}],"author":[{"embeddable":true,"href":"https:\/\/armrelaxpad.com\/fr\/wp-json\/wp\/v2\/users\/1"}],"replies":[{"embeddable":true,"href":"https:\/\/armrelaxpad.com\/fr\/wp-json\/wp\/v2\/comments?post=9220"}],"version-history":[{"count":22,"href":"https:\/\/armrelaxpad.com\/fr\/wp-json\/wp\/v2\/pages\/9220\/revisions"}],"predecessor-version":[{"id":10468,"href":"https:\/\/armrelaxpad.com\/fr\/wp-json\/wp\/v2\/pages\/9220\/revisions\/10468"}],"wp:attachment":[{"href":"https:\/\/armrelaxpad.com\/fr\/wp-json\/wp\/v2\/media?parent=9220"}],"curies":[{"name":"wp","href":"https:\/\/api.w.org\/{rel}","templated":true}]}}