{"id":9316,"date":"2024-09-03T08:46:20","date_gmt":"2024-09-03T06:46:20","guid":{"rendered":"http:\/\/wordpress.p391076.webspaceconfig.de\/instructions-de-montage\/"},"modified":"2025-04-11T11:43:26","modified_gmt":"2025-04-11T09:43:26","slug":"instructions-de-montage","status":"publish","type":"page","link":"https:\/\/armrelaxpad.com\/fr\/instructions-de-montage\/","title":{"rendered":"Instructions de montage"},"content":{"rendered":"<section class=\"l-section wpb_row height_small\"><div class=\"l-section-h i-cf\"><div class=\"g-cols vc_row via_grid cols_1 laptops-cols_inherit tablets-cols_inherit mobiles-cols_1 valign_top type_default stacking_default\"><div class=\"wpb_column vc_column_container\"><div class=\"vc_column-inner\">\n\t\t\t<!-- START Slider 1 1 REVOLUTION SLIDER 6.7.31 --><p class=\"rs-p-wp-fix\"><\/p>\n\t\t\t<rs-module-wrap id=\"rev_slider_3_1_wrapper\" data-source=\"gallery\" style=\"visibility:hidden;background:transparent;padding:0;margin:0px auto;margin-top:0;margin-bottom:0;\">\n\t\t\t\t<rs-module id=\"rev_slider_3_1\" style=\"\" data-version=\"6.7.31\">\n\t\t\t\t\t<rs-slides style=\"overflow: hidden; position: absolute;\">\n\t\t\t\t\t\t<rs-slide style=\"position: absolute;\" data-key=\"rs-11\" data-title=\"FR - 1\" data-in=\"o:0;\" data-out=\"a:false;\">\n\t\t\t\t\t\t\t<img decoding=\"async\" src=\"\/\/armrelaxpad.com\/wp-content\/plugins\/revslider\/sr6\/assets\/assets\/dummy.png\" alt=\"\" title=\"armrelaxpad_Produktfoto_ (11)\" width=\"999\" height=\"666\" class=\"rev-slidebg tp-rs-img rs-lazyload\" data-lazyload=\"\/\/armrelaxpad.com\/wp-content\/uploads\/armrelaxpad_Produktfoto_-11.jpg\" data-bg=\"p:right center;\" data-no-retina>\n<!--\n\t\t\t\t\t\t\t--><rs-layer\n\t\t\t\t\t\t\t\tid=\"slider-3-slide-11-layer-0\" \n\t\t\t\t\t\t\t\tdata-type=\"text\"\n\t\t\t\t\t\t\t\tdata-color=\"#fff\"\n\t\t\t\t\t\t\t\tdata-rsp_ch=\"on\"\n\t\t\t\t\t\t\t\tdata-xy=\"x:c;y:200px;\"\n\t\t\t\t\t\t\t\tdata-text=\"w:normal;s:40;l:50;fw:900;\"\n\t\t\t\t\t\t\t\tdata-dim=\"w:1136px;minh:0px;\"\n\t\t\t\t\t\t\t\tdata-frame_999=\"o:0;st:w;\"\n\t\t\t\t\t\t\t\tstyle=\"z-index:5;font-family:'Roboto';text-transform:uppercase;\"\n\t\t\t\t\t\t\t>Armrelaxpad - L'accoudoir pour votre voiture<br \/>\n\u00cates-vous assis d\u00e9tendu et confortable dans votre voiture ? \n\t\t\t\t\t\t\t<\/rs-layer><!--\n-->\t\t\t\t\t<\/rs-slide>\n\t\t\t\t\t\t<rs-slide style=\"position: absolute;\" data-key=\"rs-12\" data-title=\"FR -2\" data-in=\"o:0;\" data-out=\"a:false;\">\n\t\t\t\t\t\t\t<img decoding=\"async\" src=\"\/\/armrelaxpad.com\/wp-content\/plugins\/revslider\/sr6\/assets\/assets\/dummy.png\" alt=\"\" title=\"slider-2\" width=\"1506\" height=\"1004\" class=\"rev-slidebg tp-rs-img rs-lazyload\" data-lazyload=\"\/\/armrelaxpad.com\/wp-content\/uploads\/slider-2.jpg\" data-no-retina>\n<!--\n\t\t\t\t\t\t\t--><rs-layer\n\t\t\t\t\t\t\t\tid=\"slider-3-slide-12-layer-1\" \n\t\t\t\t\t\t\t\tdata-type=\"text\"\n\t\t\t\t\t\t\t\tdata-color=\"#fff\"\n\t\t\t\t\t\t\t\tdata-rsp_ch=\"on\"\n\t\t\t\t\t\t\t\tdata-xy=\"x:60px;y:200px;\"\n\t\t\t\t\t\t\t\tdata-text=\"w:normal;s:40;l:50;fw:900;\"\n\t\t\t\t\t\t\t\tdata-dim=\"w:1125px;minh:0px;\"\n\t\t\t\t\t\t\t\tdata-frame_999=\"o:0;st:w;\"\n\t\t\t\t\t\t\t\tstyle=\"z-index:5;font-family:'Roboto';text-transform:uppercase;\"\n\t\t\t\t\t\t\t>Armrelaxpad - L'accoudoir pour votre voiture<br \/>\n\u00cates-vous assis d\u00e9tendu et confortable dans votre voiture ? \n\t\t\t\t\t\t\t<\/rs-layer><!--\n-->\t\t\t\t\t<\/rs-slide>\n\t\t\t\t\t\t<rs-slide style=\"position: absolute;\" data-key=\"rs-13\" data-title=\"FR - 3\" data-in=\"o:0;\" data-out=\"a:false;\">\n\t\t\t\t\t\t\t<img decoding=\"async\" src=\"\/\/armrelaxpad.com\/wp-content\/plugins\/revslider\/sr6\/assets\/assets\/dummy.png\" alt=\"\" title=\"IMG_4058-2s\" width=\"2215\" height=\"1476\" class=\"rev-slidebg tp-rs-img rs-lazyload\" data-lazyload=\"\/\/armrelaxpad.com\/wp-content\/uploads\/IMG_4058-2s-2.jpg\" data-no-retina>\n<!--\n\t\t\t\t\t\t\t--><rs-layer\n\t\t\t\t\t\t\t\tid=\"slider-3-slide-13-layer-2\" \n\t\t\t\t\t\t\t\tdata-type=\"text\"\n\t\t\t\t\t\t\t\tdata-color=\"#ffffff\"\n\t\t\t\t\t\t\t\tdata-rsp_ch=\"on\"\n\t\t\t\t\t\t\t\tdata-xy=\"x:60px;y:200px;\"\n\t\t\t\t\t\t\t\tdata-text=\"w:normal;s:40;l:50;ls:0px;fw:900;\"\n\t\t\t\t\t\t\t\tdata-dim=\"w:1128px;minh:0px;\"\n\t\t\t\t\t\t\t\tdata-frame_999=\"o:0;st:w;\"\n\t\t\t\t\t\t\t\tstyle=\"z-index:6;font-family:'Roboto';text-transform:uppercase;\"\n\t\t\t\t\t\t\t>Armrelaxpad - L'accoudoir pour votre voiture<br \/>\n\u00cates-vous assis d\u00e9tendu et confortable dans votre voiture ? \n\t\t\t\t\t\t\t<\/rs-layer><!--\n-->\t\t\t\t\t<\/rs-slide>\n\t\t\t\t\t<\/rs-slides>\n\t\t\t\t<\/rs-module>\n\t\t\t\t<script data-jetpack-boost=\"ignore\">\n\t\t\t\t\tsetREVStartSize({c: 'rev_slider_3_1',rl:[1240,1024,768,480],el:[460],gw:[1240],gh:[460],type:'standard',justify:'',layout:'fullwidth',mh:\"0\"});if (window.RS_MODULES!==undefined && window.RS_MODULES.modules!==undefined && window.RS_MODULES.modules[\"revslider31\"]!==undefined) {window.RS_MODULES.modules[\"revslider31\"].once = false;window.revapi3 = undefined;if (window.RS_MODULES.checkMinimal!==undefined) window.RS_MODULES.checkMinimal()}\n\t\t\t\t<\/script>\n\t\t\t<\/rs-module-wrap>\n\t\t\t<!-- END REVOLUTION SLIDER -->\n<\/div><\/div><\/div><\/div><\/section><section class=\"l-section wpb_row height_small\"><div class=\"l-section-h i-cf\"><div class=\"g-cols vc_row via_grid cols_2-1 laptops-cols_inherit tablets-cols_inherit mobiles-cols_1 valign_top type_default stacking_default\"><div class=\"wpb_column vc_column_container\"><div class=\"vc_column-inner\"><h1 class=\"w-text\"><span class=\"w-text-h\"><span class=\"w-text-value\">Ajouter un accoudoir<\/span><\/span><\/h1><div class=\"w-separator size_small\"><\/div><h2 class=\"w-text\"><span class=\"w-text-h\"><span class=\"w-text-value\">Instructions de montage<\/span><\/span><\/h2><div class=\"wpb_text_column\"><div class=\"wpb_wrapper\"><p>Pour que vous puissiez profiter longtemps de votre accoudoir, il y a quelques points \u00e0 respecter lors du montage. Avant de retirer le film de protection, il convient de faire un essai d&rsquo;ajustement, c&rsquo;est-\u00e0-dire de poser le coussin sur l&rsquo;accoudoir de la porte int\u00e9rieure \u00e0 l&rsquo;endroit pr\u00e9vu et de le marquer si n\u00e9cessaire. Il est important que le collage soit effectu\u00e9 en une seule fois, c&rsquo;est-\u00e0-dire que vous devez presser fermement l&rsquo;accoudoir sur l&rsquo;accoudoir existant. Ouvrez la porte du conducteur, placez-vous devant et mettez tout le poids de votre corps dans le processus de collage, en comprimant l&rsquo;accoudoir par le haut avec une force maximale. L&rsquo;accoudoir reprend sa forme initiale apr\u00e8s le collage.<\/p>\n<\/div><\/div><div class=\"wpb_text_column\"><div class=\"wpb_wrapper\"><p>Il ne faut pas corriger apr\u00e8s le collage. Cela pourrait entra\u00eener un d\u00e9tachement du rembourrage du bras.<\/p>\n<p>En principe, il faut tenir compte des points suivants : L&rsquo;accoudoir existant dans la porte doit \u00eatre <strong>exempt de poussi\u00e8re<\/strong>, <strong>de graisse<\/strong> et <strong>sec<\/strong>. Pour nettoyer l&rsquo;accoudoir existant, le nettoyant pour vitres a fait ses preuves<strong> (ne pas utiliser de nettoyant pour freins).<\/strong> Si votre accoudoir est recouvert de tissu, il faut l&rsquo;imbiber de nettoyant pour vitres, le tamponner avec un chiffon sec et le s\u00e9cher au s\u00e8che-cheveux.<\/p>\n<\/div><\/div><div class=\"w-separator size_medium\"><\/div><h2 class=\"w-text\"><span class=\"w-text-h\"><span class=\"w-text-value\">T\u00e9moignages de clients<\/span><\/span><\/h2><div class=\"wpb_text_column\"><div class=\"wpb_wrapper\"><p><span>Lisez les avis et les \u00e9valuations de nos clients qui ont d\u00e9j\u00e0 d\u00e9couvert les avantages de notre accoudoir.<\/span><\/p>\n<\/div><\/div><div class=\"w-separator size_small\"><\/div><div class=\"w-btn-wrapper align_left\"><a class=\"w-btn us-btn-style_1\" href=\"http:\/\/armrelaxpad.com\/fr\/evaluations\/\"><span class=\"w-btn-label\">\u00c9valuations<\/span><\/a><\/div><div class=\"w-separator size_small\"><\/div><div class=\"wpb_text_column\"><div class=\"wpb_wrapper\"><p>Si nous vous avons convaincu de notre produit, il vous suffit de choisir la taille adapt\u00e9e \u00e0 votre voiture et de voyager \u00e0 nouveau en toute s\u00e9r\u00e9nit\u00e9 et confort avec votre voiture.<\/p>\n<\/div><\/div><div class=\"w-separator size_small\"><\/div><div class=\"w-btn-wrapper align_left\"><a class=\"w-btn us-btn-style_1 icon_atleft\" href=\"\/fr\/commander-un-accoudoir\"><i class=\"fas fa-shopping-cart\"><\/i><span class=\"w-btn-label\">Acheter un accoudoir<\/span><\/a><\/div><\/div><\/div><div class=\"wpb_column vc_column_container\"><div class=\"vc_column-inner\"><nav class=\"w-menu us_custom_492179a4 layout_ver style_links us_menu_1\" style=\"--main-gap:0rem;--main-ver-indent:0.8em;--main-hor-indent:0.8em;--main-color:var(--color-header-middle-bg);--main-hover-color:var(--color-header-middle-text-hover);--main-active-color:var(--color-header-middle-text-hover);\"><ul id=\"menu-side-menu\" class=\"menu\"><li id=\"menu-item-9035\" class=\"menu-item menu-item-type-post_type menu-item-object-page menu-item-9035\"><a href=\"https:\/\/armrelaxpad.com\/ueber-uns\/\">\u00c0 propos de nous<\/a><\/li><li id=\"menu-item-9033\" class=\"menu-item menu-item-type-post_type menu-item-object-page menu-item-9033\"><a href=\"https:\/\/armrelaxpad.com\/von-der-idee-bis-zum-produkt\/\">De l&rsquo;id\u00e9e au produit<\/a><\/li><li id=\"menu-item-9032\" class=\"menu-item menu-item-type-post_type menu-item-object-page menu-item-9032\"><a href=\"https:\/\/armrelaxpad.com\/unser-produkt-stellt-sich-vor\/\">Faites confiance \u00e0 la qualit\u00e9!<\/a><\/li><li id=\"menu-item-9030\" class=\"menu-item menu-item-type-post_type menu-item-object-page menu-item-9030\"><a href=\"https:\/\/armrelaxpad.com\/schulterschmerzen-beim-autofahren\/\">Douleurs \u00e0 l&rsquo;\u00e9paule et probl\u00e8mes de coude<\/a><\/li><li id=\"menu-item-9029\" class=\"menu-item menu-item-type-post_type menu-item-object-page menu-item-9029\"><a href=\"https:\/\/armrelaxpad.com\/gaestebuch-produktbewertung\/\">\u00c9valuations<\/a><\/li><li id=\"menu-item-9031\" class=\"menu-item menu-item-type-post_type menu-item-object-page menu-item-9031\"><a href=\"https:\/\/armrelaxpad.com\/armlehne-nachruesten\/\">Instructions de montage<\/a><\/li><li id=\"menu-item-9028\" class=\"menu-item menu-item-type-post_type menu-item-object-page menu-item-9028\"><a href=\"https:\/\/armrelaxpad.com\/armlehne-universal\/\">nous proposons les tailles suivantes<\/a><\/li><li id=\"menu-item-9027\" class=\"menu-item menu-item-type-post_type menu-item-object-page menu-item-9027\"><a href=\"https:\/\/armrelaxpad.com\/armlehne-kaufen-fuer-ihre-autotuer\/\">Commander un accoudoir<\/a><\/li><li id=\"menu-item-9036\" class=\"menu-item menu-item-type-post_type menu-item-object-page menu-item-9036\"><a href=\"https:\/\/armrelaxpad.com\/kontakt\/\">Contact<\/a><\/li><\/ul><style>@media ( max-width:600px ){.us_menu_1 .menu{display:block!important}.us_menu_1 .menu>li{margin:0 0 var(--main-gap,0rem)!important}}<\/style><\/nav><\/div><\/div><\/div><\/div><\/section>\n","protected":false},"excerpt":{"rendered":"Armrelaxpad - L'accoudoir pour votre voiture \u00cates-vous assis d\u00e9tendu et confortable dans votre voiture ? Armrelaxpad - L'accoudoir pour votre voiture \u00cates-vous assis d\u00e9tendu et confortable dans votre voiture ? Armrelaxpad - L'accoudoir pour votre voiture \u00cates-vous assis d\u00e9tendu et confortable dans votre voiture ? Ajouter un accoudoirInstructions de montagePour que vous puissiez profiter longtemps...","protected":false},"author":1,"featured_media":0,"parent":0,"menu_order":106,"comment_status":"closed","ping_status":"closed","template":"","meta":{"footnotes":""},"class_list":["post-9316","page","type-page","status-publish","hentry"],"yoast_head":"<!-- This site is optimized with the Yoast SEO plugin v27.4 - https:\/\/yoast.com\/product\/yoast-seo-wordpress\/ -->\n<title>Ajouter un accoudoir \u00e0 votre voiture pour plus de confort<\/title>\n<meta name=\"description\" content=\"Vous souffrez de douleurs en conduisant ? Il suffit d\u2019ajouter un accoudoir dans votre voiture. \u25ba C\u2019est aussi simple que \u00e7a !\" \/>\n<meta name=\"robots\" content=\"index, follow, max-snippet:-1, max-image-preview:large, max-video-preview:-1\" \/>\n<link rel=\"canonical\" href=\"https:\/\/armrelaxpad.com\/fr\/instructions-de-montage\/\" \/>\n<meta property=\"og:locale\" content=\"fr_FR\" \/>\n<meta property=\"og:type\" content=\"article\" \/>\n<meta property=\"og:title\" content=\"Ajouter un accoudoir \u00e0 votre voiture pour plus de confort\" \/>\n<meta property=\"og:description\" content=\"Vous souffrez de douleurs en conduisant ? Il suffit d\u2019ajouter un accoudoir dans votre voiture. \u25ba C\u2019est aussi simple que \u00e7a !\" \/>\n<meta property=\"og:url\" content=\"https:\/\/armrelaxpad.com\/fr\/instructions-de-montage\/\" \/>\n<meta property=\"og:site_name\" content=\"KDL GmbH\" \/>\n<meta property=\"article:modified_time\" content=\"2025-04-11T09:43:26+00:00\" \/>\n<meta name=\"twitter:card\" content=\"summary_large_image\" \/>\n<meta name=\"twitter:label1\" content=\"Dur\u00e9e de lecture estim\u00e9e\" \/>\n\t<meta name=\"twitter:data1\" content=\"2 minutes\" \/>\n<script type=\"application\/ld+json\" class=\"yoast-schema-graph\">{\"@context\":\"https:\\\/\\\/schema.org\",\"@graph\":[{\"@type\":\"WebPage\",\"@id\":\"https:\\\/\\\/armrelaxpad.com\\\/fr\\\/instructions-de-montage\\\/\",\"url\":\"https:\\\/\\\/armrelaxpad.com\\\/fr\\\/instructions-de-montage\\\/\",\"name\":\"Ajouter un accoudoir \u00e0 votre voiture pour plus de confort\",\"isPartOf\":{\"@id\":\"https:\\\/\\\/armrelaxpad.com\\\/fr\\\/#website\"},\"datePublished\":\"2024-09-03T06:46:20+00:00\",\"dateModified\":\"2025-04-11T09:43:26+00:00\",\"description\":\"Vous souffrez de douleurs en conduisant ? Il suffit d\u2019ajouter un accoudoir dans votre voiture. \u25ba C\u2019est aussi simple que \u00e7a !\",\"breadcrumb\":{\"@id\":\"https:\\\/\\\/armrelaxpad.com\\\/fr\\\/instructions-de-montage\\\/#breadcrumb\"},\"inLanguage\":\"fr-FR\",\"potentialAction\":[{\"@type\":\"ReadAction\",\"target\":[\"https:\\\/\\\/armrelaxpad.com\\\/fr\\\/instructions-de-montage\\\/\"]}]},{\"@type\":\"BreadcrumbList\",\"@id\":\"https:\\\/\\\/armrelaxpad.com\\\/fr\\\/instructions-de-montage\\\/#breadcrumb\",\"itemListElement\":[{\"@type\":\"ListItem\",\"position\":1,\"name\":\"Accueil\",\"item\":\"https:\\\/\\\/armrelaxpad.com\\\/fr\\\/\"},{\"@type\":\"ListItem\",\"position\":2,\"name\":\"Instructions de montage\"}]},{\"@type\":\"WebSite\",\"@id\":\"https:\\\/\\\/armrelaxpad.com\\\/fr\\\/#website\",\"url\":\"https:\\\/\\\/armrelaxpad.com\\\/fr\\\/\",\"name\":\"KDL GmbH\",\"description\":\"\",\"potentialAction\":[{\"@type\":\"SearchAction\",\"target\":{\"@type\":\"EntryPoint\",\"urlTemplate\":\"https:\\\/\\\/armrelaxpad.com\\\/fr\\\/?s={search_term_string}\"},\"query-input\":{\"@type\":\"PropertyValueSpecification\",\"valueRequired\":true,\"valueName\":\"search_term_string\"}}],\"inLanguage\":\"fr-FR\"}]}<\/script>\n<!-- \/ Yoast SEO plugin. -->","yoast_head_json":{"title":"Ajouter un accoudoir \u00e0 votre voiture pour plus de confort","description":"Vous souffrez de douleurs en conduisant ? Il suffit d\u2019ajouter un accoudoir dans votre voiture. \u25ba C\u2019est aussi simple que \u00e7a !","robots":{"index":"index","follow":"follow","max-snippet":"max-snippet:-1","max-image-preview":"max-image-preview:large","max-video-preview":"max-video-preview:-1"},"canonical":"https:\/\/armrelaxpad.com\/fr\/instructions-de-montage\/","og_locale":"fr_FR","og_type":"article","og_title":"Ajouter un accoudoir \u00e0 votre voiture pour plus de confort","og_description":"Vous souffrez de douleurs en conduisant ? Il suffit d\u2019ajouter un accoudoir dans votre voiture. \u25ba C\u2019est aussi simple que \u00e7a !","og_url":"https:\/\/armrelaxpad.com\/fr\/instructions-de-montage\/","og_site_name":"KDL GmbH","article_modified_time":"2025-04-11T09:43:26+00:00","twitter_card":"summary_large_image","twitter_misc":{"Dur\u00e9e de lecture estim\u00e9e":"2 minutes"},"schema":{"@context":"https:\/\/schema.org","@graph":[{"@type":"WebPage","@id":"https:\/\/armrelaxpad.com\/fr\/instructions-de-montage\/","url":"https:\/\/armrelaxpad.com\/fr\/instructions-de-montage\/","name":"Ajouter un accoudoir \u00e0 votre voiture pour plus de confort","isPartOf":{"@id":"https:\/\/armrelaxpad.com\/fr\/#website"},"datePublished":"2024-09-03T06:46:20+00:00","dateModified":"2025-04-11T09:43:26+00:00","description":"Vous souffrez de douleurs en conduisant ? Il suffit d\u2019ajouter un accoudoir dans votre voiture. \u25ba C\u2019est aussi simple que \u00e7a !","breadcrumb":{"@id":"https:\/\/armrelaxpad.com\/fr\/instructions-de-montage\/#breadcrumb"},"inLanguage":"fr-FR","potentialAction":[{"@type":"ReadAction","target":["https:\/\/armrelaxpad.com\/fr\/instructions-de-montage\/"]}]},{"@type":"BreadcrumbList","@id":"https:\/\/armrelaxpad.com\/fr\/instructions-de-montage\/#breadcrumb","itemListElement":[{"@type":"ListItem","position":1,"name":"Accueil","item":"https:\/\/armrelaxpad.com\/fr\/"},{"@type":"ListItem","position":2,"name":"Instructions de montage"}]},{"@type":"WebSite","@id":"https:\/\/armrelaxpad.com\/fr\/#website","url":"https:\/\/armrelaxpad.com\/fr\/","name":"KDL GmbH","description":"","potentialAction":[{"@type":"SearchAction","target":{"@type":"EntryPoint","urlTemplate":"https:\/\/armrelaxpad.com\/fr\/?s={search_term_string}"},"query-input":{"@type":"PropertyValueSpecification","valueRequired":true,"valueName":"search_term_string"}}],"inLanguage":"fr-FR"}]}},"jetpack_sharing_enabled":true,"_links":{"self":[{"href":"https:\/\/armrelaxpad.com\/fr\/wp-json\/wp\/v2\/pages\/9316","targetHints":{"allow":["GET"]}}],"collection":[{"href":"https:\/\/armrelaxpad.com\/fr\/wp-json\/wp\/v2\/pages"}],"about":[{"href":"https:\/\/armrelaxpad.com\/fr\/wp-json\/wp\/v2\/types\/page"}],"author":[{"embeddable":true,"href":"https:\/\/armrelaxpad.com\/fr\/wp-json\/wp\/v2\/users\/1"}],"replies":[{"embeddable":true,"href":"https:\/\/armrelaxpad.com\/fr\/wp-json\/wp\/v2\/comments?post=9316"}],"version-history":[{"count":11,"href":"https:\/\/armrelaxpad.com\/fr\/wp-json\/wp\/v2\/pages\/9316\/revisions"}],"predecessor-version":[{"id":10017,"href":"https:\/\/armrelaxpad.com\/fr\/wp-json\/wp\/v2\/pages\/9316\/revisions\/10017"}],"wp:attachment":[{"href":"https:\/\/armrelaxpad.com\/fr\/wp-json\/wp\/v2\/media?parent=9316"}],"curies":[{"name":"wp","href":"https:\/\/api.w.org\/{rel}","templated":true}]}}