{"id":9991,"date":"2016-09-29T06:39:35","date_gmt":"2016-09-29T04:39:35","guid":{"rendered":"http:\/\/wordpress.p391076.webspaceconfig.de\/conditions-de-livraison-et-de-paiement\/"},"modified":"2025-03-06T12:02:12","modified_gmt":"2025-03-06T11:02:12","slug":"conditions-de-livraison-et-de-paiement","status":"publish","type":"page","link":"https:\/\/armrelaxpad.com\/fr\/conditions-de-livraison-et-de-paiement\/","title":{"rendered":"Conditions de livraison et de paiement"},"content":{"rendered":"<section class=\"l-section wpb_row height_small\"><div class=\"l-section-h i-cf\"><div class=\"g-cols vc_row via_grid cols_1 laptops-cols_inherit tablets-cols_inherit mobiles-cols_1 valign_top type_default stacking_default\"><div class=\"wpb_column vc_column_container\"><div class=\"vc_column-inner\"><h2 class=\"w-text\"><span class=\"w-text-h\"><span class=\"w-text-value\">Indications sp\u00e9ciales pour l&rsquo;envoi \u00e0 l&rsquo;\u00e9tranger:<\/span><\/span><\/h2><div class=\"wpb_text_column\"><div class=\"wpb_wrapper\"><p>Les livraisons \u00e0 l&rsquo;\u00e9tranger peuvent \u00eatre soumises \u00e0 des droits de douane, des taxes et des frais qui ne sont pas inclus dans le prix total affich\u00e9.<\/p>\n<\/div><\/div><\/div><\/div><\/div><\/div><\/section><section class=\"l-section wpb_row height_small\"><div class=\"l-section-h i-cf\"><div class=\"g-cols vc_row via_grid cols_2 laptops-cols_inherit tablets-cols_inherit mobiles-cols_1 valign_top type_default stacking_default\" style=\"--columns-gap:65px;\"><div class=\"wpb_column vc_column_container\"><div class=\"vc_column-inner\"><div class=\"wpb_text_column\"><div class=\"wpb_wrapper\"><h2>Livraison<\/h2>\n<p>Pays vers lesquels l&rsquo;envoi est effectu\u00e9:<\/p>\n<table class=\"j-delivery-info\">\n<thead>\n<tr>\n<th>\u00a0<\/th>\n<th>Frais d&rsquo;envoi standard<\/th>\n<\/tr>\n<\/thead>\n<tbody>\n<tr>\n<td>\u00d6sterreich<\/td>\n<td>15,00 \u20ac<\/td>\n<\/tr>\n<tr>\n<td>Belgique<\/td>\n<td>15,00 \u20ac<\/td>\n<\/tr>\n<tr>\n<td>R\u00e9publique tch\u00e8que<\/td>\n<td>15,00 \u20ac<\/td>\n<\/tr>\n<tr>\n<td>Allemagne<\/td>\n<td>5,00 \u20ac<\/td>\n<\/tr>\n<tr>\n<td>Espagne<\/td>\n<td>15,00 \u20ac<\/td>\n<\/tr>\n<tr>\n<td>France<\/td>\n<td>15,00 \u20ac<\/td>\n<\/tr>\n<tr>\n<td>Italie<\/td>\n<td>15,00 \u20ac<\/td>\n<\/tr>\n<tr>\n<td>Luxembourg<\/td>\n<td>15,00 \u20ac<\/td>\n<\/tr>\n<tr>\n<td>Pays-Bas<\/td>\n<td>15,00 \u20ac<\/td>\n<\/tr>\n<tr>\n<td>Pologne<\/td>\n<td>15,00 \u20ac<\/td>\n<\/tr>\n<tr>\n<td>Portugal<\/td>\n<td>15,00 \u20ac<\/td>\n<\/tr>\n<\/tbody>\n<\/table>\n<\/div><\/div><div class=\"w-separator size_large\"><\/div><\/div><\/div><div class=\"wpb_column vc_column_container\"><div class=\"vc_column-inner\"><div class=\"wpb_text_column\"><div class=\"wpb_wrapper\"><h2 class=\"n\">M\u00e9thodes de paiement<\/h2>\n<p>Actuellement, nous acceptons les modes de paiement suivants (vous avez la possibilit\u00e9 de choisir votre mode de paiement lors de la commande):<\/p>\n<ul>\n<li><strong>Paiement anticip\u00e9<\/strong><\/li>\n<li><strong>PayPal (carte de cr\u00e9dit, note de d\u00e9bit, virement) Si tu choisis ce mode de paiement, tu seras redirig\u00e9 vers PayPal \u00e0 l&rsquo;\u00e9tape suivante. Une fois que les donn\u00e9es n\u00e9cessaires ont \u00e9t\u00e9 saisies, tu retournes automatiquement dans cette boutique pour finaliser ta commande.<\/strong> <strong><br \/>\n<\/strong><\/li>\n<\/ul>\n<\/div><\/div><div class=\"w-separator size_large\"><\/div><\/div><\/div><\/div><\/div><\/section>\n","protected":false},"excerpt":{"rendered":"Indications sp\u00e9ciales pour l&rsquo;envoi \u00e0 l&rsquo;\u00e9tranger:Les livraisons \u00e0 l&rsquo;\u00e9tranger peuvent \u00eatre soumises \u00e0 des droits de douane, des taxes et des frais qui ne sont pas inclus dans le prix total affich\u00e9. Livraison Pays vers lesquels l&rsquo;envoi est effectu\u00e9: \u00a0 Frais d&rsquo;envoi standard \u00d6sterreich 15,00 \u20ac Belgique 15,00 \u20ac R\u00e9publique tch\u00e8que 15,00 \u20ac Allemagne 5,00...","protected":false},"author":1,"featured_media":0,"parent":0,"menu_order":950,"comment_status":"closed","ping_status":"closed","template":"","meta":{"footnotes":""},"class_list":["post-9991","page","type-page","status-publish","hentry"],"yoast_head":"<!-- This site is optimized with the Yoast SEO plugin v27.4 - https:\/\/yoast.com\/product\/yoast-seo-wordpress\/ -->\n<title>Conditions de livraison et de paiement - KDL GmbH<\/title>\n<meta name=\"robots\" content=\"index, follow, max-snippet:-1, max-image-preview:large, max-video-preview:-1\" \/>\n<link rel=\"canonical\" href=\"https:\/\/armrelaxpad.com\/fr\/conditions-de-livraison-et-de-paiement\/\" \/>\n<meta property=\"og:locale\" content=\"fr_FR\" \/>\n<meta property=\"og:type\" content=\"article\" \/>\n<meta property=\"og:title\" content=\"Conditions de livraison et de paiement - KDL GmbH\" \/>\n<meta property=\"og:url\" content=\"https:\/\/armrelaxpad.com\/fr\/conditions-de-livraison-et-de-paiement\/\" \/>\n<meta property=\"og:site_name\" content=\"KDL GmbH\" \/>\n<meta property=\"article:modified_time\" content=\"2025-03-06T11:02:12+00:00\" \/>\n<meta name=\"twitter:card\" content=\"summary_large_image\" \/>\n<meta name=\"twitter:label1\" content=\"Dur\u00e9e de lecture estim\u00e9e\" \/>\n\t<meta name=\"twitter:data1\" content=\"3 minutes\" \/>\n<script type=\"application\/ld+json\" class=\"yoast-schema-graph\">{\"@context\":\"https:\\\/\\\/schema.org\",\"@graph\":[{\"@type\":\"WebPage\",\"@id\":\"https:\\\/\\\/armrelaxpad.com\\\/fr\\\/conditions-de-livraison-et-de-paiement\\\/\",\"url\":\"https:\\\/\\\/armrelaxpad.com\\\/fr\\\/conditions-de-livraison-et-de-paiement\\\/\",\"name\":\"Conditions de livraison et de paiement - KDL GmbH\",\"isPartOf\":{\"@id\":\"https:\\\/\\\/armrelaxpad.com\\\/fr\\\/#website\"},\"datePublished\":\"2016-09-29T04:39:35+00:00\",\"dateModified\":\"2025-03-06T11:02:12+00:00\",\"breadcrumb\":{\"@id\":\"https:\\\/\\\/armrelaxpad.com\\\/fr\\\/conditions-de-livraison-et-de-paiement\\\/#breadcrumb\"},\"inLanguage\":\"fr-FR\",\"potentialAction\":[{\"@type\":\"ReadAction\",\"target\":[\"https:\\\/\\\/armrelaxpad.com\\\/fr\\\/conditions-de-livraison-et-de-paiement\\\/\"]}]},{\"@type\":\"BreadcrumbList\",\"@id\":\"https:\\\/\\\/armrelaxpad.com\\\/fr\\\/conditions-de-livraison-et-de-paiement\\\/#breadcrumb\",\"itemListElement\":[{\"@type\":\"ListItem\",\"position\":1,\"name\":\"Accueil\",\"item\":\"https:\\\/\\\/armrelaxpad.com\\\/fr\\\/\"},{\"@type\":\"ListItem\",\"position\":2,\"name\":\"Conditions de livraison et de paiement\"}]},{\"@type\":\"WebSite\",\"@id\":\"https:\\\/\\\/armrelaxpad.com\\\/fr\\\/#website\",\"url\":\"https:\\\/\\\/armrelaxpad.com\\\/fr\\\/\",\"name\":\"KDL GmbH\",\"description\":\"\",\"potentialAction\":[{\"@type\":\"SearchAction\",\"target\":{\"@type\":\"EntryPoint\",\"urlTemplate\":\"https:\\\/\\\/armrelaxpad.com\\\/fr\\\/?s={search_term_string}\"},\"query-input\":{\"@type\":\"PropertyValueSpecification\",\"valueRequired\":true,\"valueName\":\"search_term_string\"}}],\"inLanguage\":\"fr-FR\"}]}<\/script>\n<!-- \/ Yoast SEO plugin. -->","yoast_head_json":{"title":"Conditions de livraison et de paiement - KDL GmbH","robots":{"index":"index","follow":"follow","max-snippet":"max-snippet:-1","max-image-preview":"max-image-preview:large","max-video-preview":"max-video-preview:-1"},"canonical":"https:\/\/armrelaxpad.com\/fr\/conditions-de-livraison-et-de-paiement\/","og_locale":"fr_FR","og_type":"article","og_title":"Conditions de livraison et de paiement - KDL GmbH","og_url":"https:\/\/armrelaxpad.com\/fr\/conditions-de-livraison-et-de-paiement\/","og_site_name":"KDL GmbH","article_modified_time":"2025-03-06T11:02:12+00:00","twitter_card":"summary_large_image","twitter_misc":{"Dur\u00e9e de lecture estim\u00e9e":"3 minutes"},"schema":{"@context":"https:\/\/schema.org","@graph":[{"@type":"WebPage","@id":"https:\/\/armrelaxpad.com\/fr\/conditions-de-livraison-et-de-paiement\/","url":"https:\/\/armrelaxpad.com\/fr\/conditions-de-livraison-et-de-paiement\/","name":"Conditions de livraison et de paiement - KDL GmbH","isPartOf":{"@id":"https:\/\/armrelaxpad.com\/fr\/#website"},"datePublished":"2016-09-29T04:39:35+00:00","dateModified":"2025-03-06T11:02:12+00:00","breadcrumb":{"@id":"https:\/\/armrelaxpad.com\/fr\/conditions-de-livraison-et-de-paiement\/#breadcrumb"},"inLanguage":"fr-FR","potentialAction":[{"@type":"ReadAction","target":["https:\/\/armrelaxpad.com\/fr\/conditions-de-livraison-et-de-paiement\/"]}]},{"@type":"BreadcrumbList","@id":"https:\/\/armrelaxpad.com\/fr\/conditions-de-livraison-et-de-paiement\/#breadcrumb","itemListElement":[{"@type":"ListItem","position":1,"name":"Accueil","item":"https:\/\/armrelaxpad.com\/fr\/"},{"@type":"ListItem","position":2,"name":"Conditions de livraison et de paiement"}]},{"@type":"WebSite","@id":"https:\/\/armrelaxpad.com\/fr\/#website","url":"https:\/\/armrelaxpad.com\/fr\/","name":"KDL GmbH","description":"","potentialAction":[{"@type":"SearchAction","target":{"@type":"EntryPoint","urlTemplate":"https:\/\/armrelaxpad.com\/fr\/?s={search_term_string}"},"query-input":{"@type":"PropertyValueSpecification","valueRequired":true,"valueName":"search_term_string"}}],"inLanguage":"fr-FR"}]}},"jetpack_sharing_enabled":true,"_links":{"self":[{"href":"https:\/\/armrelaxpad.com\/fr\/wp-json\/wp\/v2\/pages\/9991","targetHints":{"allow":["GET"]}}],"collection":[{"href":"https:\/\/armrelaxpad.com\/fr\/wp-json\/wp\/v2\/pages"}],"about":[{"href":"https:\/\/armrelaxpad.com\/fr\/wp-json\/wp\/v2\/types\/page"}],"author":[{"embeddable":true,"href":"https:\/\/armrelaxpad.com\/fr\/wp-json\/wp\/v2\/users\/1"}],"replies":[{"embeddable":true,"href":"https:\/\/armrelaxpad.com\/fr\/wp-json\/wp\/v2\/comments?post=9991"}],"version-history":[{"count":5,"href":"https:\/\/armrelaxpad.com\/fr\/wp-json\/wp\/v2\/pages\/9991\/revisions"}],"predecessor-version":[{"id":10313,"href":"https:\/\/armrelaxpad.com\/fr\/wp-json\/wp\/v2\/pages\/9991\/revisions\/10313"}],"wp:attachment":[{"href":"https:\/\/armrelaxpad.com\/fr\/wp-json\/wp\/v2\/media?parent=9991"}],"curies":[{"name":"wp","href":"https:\/\/api.w.org\/{rel}","templated":true}]}}