{"id":9238,"date":"2024-09-02T08:22:01","date_gmt":"2024-09-02T06:22:01","guid":{"rendered":"http:\/\/wordpress.p391076.webspaceconfig.de\/dallidea-al-prodotto\/"},"modified":"2025-04-11T11:24:27","modified_gmt":"2025-04-11T09:24:27","slug":"dallidea-al-prodotto","status":"publish","type":"page","link":"https:\/\/armrelaxpad.com\/it\/dallidea-al-prodotto\/","title":{"rendered":"Dall&#8217;idea al prodotto"},"content":{"rendered":"<section class=\"l-section wpb_row height_small\"><div class=\"l-section-h i-cf\"><div class=\"g-cols vc_row via_grid cols_1 laptops-cols_inherit tablets-cols_inherit mobiles-cols_1 valign_top type_default stacking_default\"><div class=\"wpb_column vc_column_container\"><div class=\"vc_column-inner\">\n\t\t\t<!-- START Slider 1 1 REVOLUTION SLIDER 6.7.31 --><p class=\"rs-p-wp-fix\"><\/p>\n\t\t\t<rs-module-wrap id=\"rev_slider_3_1_wrapper\" data-source=\"gallery\" style=\"visibility:hidden;background:transparent;padding:0;margin:0px auto;margin-top:0;margin-bottom:0;\">\n\t\t\t\t<rs-module id=\"rev_slider_3_1\" style=\"\" data-version=\"6.7.31\">\n\t\t\t\t\t<rs-slides style=\"overflow: hidden; position: absolute;\">\n\t\t\t\t\t\t<rs-slide style=\"position: absolute;\" data-key=\"rs-8\" data-title=\"IT -1\" data-in=\"o:0;\" data-out=\"a:false;\">\n\t\t\t\t\t\t\t<img decoding=\"async\" src=\"\/\/armrelaxpad.com\/wp-content\/plugins\/revslider\/sr6\/assets\/assets\/dummy.png\" alt=\"\" title=\"armrelaxpad_Produktfoto_ (11)\" width=\"999\" height=\"666\" class=\"rev-slidebg tp-rs-img rs-lazyload\" data-lazyload=\"\/\/armrelaxpad.com\/wp-content\/uploads\/armrelaxpad_Produktfoto_-11.jpg\" data-bg=\"p:right center;\" data-no-retina>\n<!--\n\t\t\t\t\t\t\t--><rs-layer\n\t\t\t\t\t\t\t\tid=\"slider-3-slide-8-layer-0\" \n\t\t\t\t\t\t\t\tdata-type=\"text\"\n\t\t\t\t\t\t\t\tdata-color=\"#fff\"\n\t\t\t\t\t\t\t\tdata-rsp_ch=\"on\"\n\t\t\t\t\t\t\t\tdata-xy=\"x:c;y:200px;\"\n\t\t\t\t\t\t\t\tdata-text=\"w:normal;s:40;l:50;fw:900;\"\n\t\t\t\t\t\t\t\tdata-dim=\"w:1126px;h:150px;minh:0px;\"\n\t\t\t\t\t\t\t\tdata-frame_999=\"o:0;st:w;\"\n\t\t\t\t\t\t\t\tstyle=\"z-index:6;font-family:'Roboto';text-transform:uppercase;\"\n\t\t\t\t\t\t\t>Armrelaxpad - Il poggiabraccio per la tua auto<br \/>\nSei seduto rilassato e comodo nella tua macchina? \n\t\t\t\t\t\t\t<\/rs-layer><!--\n-->\t\t\t\t\t<\/rs-slide>\n\t\t\t\t\t\t<rs-slide style=\"position: absolute;\" data-key=\"rs-9\" data-title=\"IT - 2\" data-in=\"o:0;\" data-out=\"a:false;\">\n\t\t\t\t\t\t\t<img decoding=\"async\" src=\"\/\/armrelaxpad.com\/wp-content\/plugins\/revslider\/sr6\/assets\/assets\/dummy.png\" alt=\"\" title=\"IMG_4067-3s\" width=\"2215\" height=\"1476\" class=\"rev-slidebg tp-rs-img rs-lazyload\" data-lazyload=\"\/\/armrelaxpad.com\/wp-content\/uploads\/IMG_4067-3s-4.jpg\" data-no-retina>\n<!--\n\t\t\t\t\t\t\t--><rs-layer\n\t\t\t\t\t\t\t\tid=\"slider-3-slide-9-layer-1\" \n\t\t\t\t\t\t\t\tdata-type=\"text\"\n\t\t\t\t\t\t\t\tdata-color=\"#fff\"\n\t\t\t\t\t\t\t\tdata-rsp_ch=\"on\"\n\t\t\t\t\t\t\t\tdata-xy=\"x:60px;y:201px;\"\n\t\t\t\t\t\t\t\tdata-text=\"w:normal;s:40;l:50;fw:900;\"\n\t\t\t\t\t\t\t\tdata-dim=\"w:1120px;minh:0px;\"\n\t\t\t\t\t\t\t\tdata-frame_999=\"o:0;st:w;\"\n\t\t\t\t\t\t\t\tstyle=\"z-index:5;font-family:'Roboto';text-transform:uppercase;\"\n\t\t\t\t\t\t\t>Armrelaxpad - Il poggiabraccio per la tua auto<br \/>\nSei seduto rilassato e comodo nella tua macchina? \n\t\t\t\t\t\t\t<\/rs-layer><!--\n-->\t\t\t\t\t<\/rs-slide>\n\t\t\t\t\t\t<rs-slide style=\"position: absolute;\" data-key=\"rs-10\" data-title=\"IT - 3\" data-in=\"o:0;\" data-out=\"a:false;\">\n\t\t\t\t\t\t\t<img decoding=\"async\" src=\"\/\/armrelaxpad.com\/wp-content\/plugins\/revslider\/sr6\/assets\/assets\/dummy.png\" alt=\"\" title=\"IMG_4058-2s\" width=\"2215\" height=\"1476\" class=\"rev-slidebg tp-rs-img rs-lazyload\" data-lazyload=\"\/\/armrelaxpad.com\/wp-content\/uploads\/IMG_4058-2s-4.jpg\" data-no-retina>\n<!--\n\t\t\t\t\t\t\t--><rs-layer\n\t\t\t\t\t\t\t\tid=\"slider-3-slide-10-layer-2\" \n\t\t\t\t\t\t\t\tdata-type=\"text\"\n\t\t\t\t\t\t\t\tdata-color=\"#ffffff\"\n\t\t\t\t\t\t\t\tdata-rsp_ch=\"on\"\n\t\t\t\t\t\t\t\tdata-xy=\"x:60px;y:203px;\"\n\t\t\t\t\t\t\t\tdata-text=\"w:normal;s:40;l:50;ls:0px;fw:900;\"\n\t\t\t\t\t\t\t\tdata-dim=\"w:1137px;minh:0px;\"\n\t\t\t\t\t\t\t\tdata-frame_999=\"o:0;st:w;\"\n\t\t\t\t\t\t\t\tstyle=\"z-index:5;font-family:'Roboto';text-transform:uppercase;\"\n\t\t\t\t\t\t\t>Armrelaxpad \u2013 Il poggiabraccio per la tua auto<br \/>\nSei seduto rilassato e comodo nella tua macchina? \n\t\t\t\t\t\t\t<\/rs-layer><!--\n-->\t\t\t\t\t<\/rs-slide>\n\t\t\t\t\t<\/rs-slides>\n\t\t\t\t<\/rs-module>\n\t\t\t\t<script data-jetpack-boost=\"ignore\">\n\t\t\t\t\tsetREVStartSize({c: 'rev_slider_3_1',rl:[1240,1024,768,480],el:[460],gw:[1240],gh:[460],type:'standard',justify:'',layout:'fullwidth',mh:\"0\"});if (window.RS_MODULES!==undefined && window.RS_MODULES.modules!==undefined && window.RS_MODULES.modules[\"revslider31\"]!==undefined) {window.RS_MODULES.modules[\"revslider31\"].once = false;window.revapi3 = undefined;if (window.RS_MODULES.checkMinimal!==undefined) window.RS_MODULES.checkMinimal()}\n\t\t\t\t<\/script>\n\t\t\t<\/rs-module-wrap>\n\t\t\t<!-- END REVOLUTION SLIDER -->\n<\/div><\/div><\/div><\/div><\/section><section class=\"l-section wpb_row height_small\"><div class=\"l-section-h i-cf\"><div class=\"g-cols vc_row via_grid cols_2-1 laptops-cols_inherit tablets-cols_inherit mobiles-cols_1 valign_top type_default stacking_default\"><div class=\"wpb_column vc_column_container\"><div class=\"vc_column-inner\"><h1 class=\"w-text\"><span class=\"w-text-h\"><span class=\"w-text-value\">Costruite il vostro bracciolo per la vostra auto: La nostra storia<\/span><\/span><\/h1><div class=\"w-separator size_small\"><\/div><h2 class=\"w-text\"><span class=\"w-text-h\"><span class=\"w-text-value\">All&#8217;inizio c&#8217;era il problema. Abbiamo sviluppato la soluzione<\/span><\/span><\/h2><div class=\"wpb_text_column\"><div class=\"wpb_wrapper\"><p>Vorrei presentarmi brevemente. Mi chiamo Michael Kr\u00fcger e da molti anni viaggio spesso in auto. Durante i lunghi viaggi in autostrada, spesso desideravo tenere il volante con la mano sinistra e appoggiarvi comodamente il braccio. Ma questo non era possibile perch\u00e9 il bracciolo della portiera \u00e8 troppo basso e il bordo inferiore del finestrino \u00e8 troppo alto e duro.<\/p>\n<\/div><\/div><div class=\"w-separator size_small\"><\/div><div class=\"wpb_text_column\"><div class=\"wpb_wrapper\"><p>Ho cercato questo problema su Internet e ho cercato tra gli accessori per auto, ma non ho trovato nulla. Inizialmente ho realizzato un bracciolo in schiuma da imballaggio, che ovviamente aveva un aspetto terribile, ma che ha risolto immediatamente il mio problema. Come posso rivestire il bracciolo della mia portiera con una soluzione durevole ed esteticamente accattivante?<\/p>\n<\/div><\/div><div class=\"w-separator size_small\"><\/div><div class=\"wpb_text_column\"><div class=\"wpb_wrapper\"><p>Non potevo abbandonare l&#8217;idea di sviluppare un bracciolo sensato. Insieme a un piccolo team di amici, ho lavorato a un bracciolo funzionale e visivamente accattivante. Abbiamo fatto molte prove nel corso degli anni e oggi siamo orgogliosi del nostro bracciolo di alta qualit\u00e0.<\/p>\n<\/div><\/div><div class=\"w-separator size_small\"><\/div><div class=\"w-image align_none meta_simple\"><div class=\"w-image-h\"><img decoding=\"async\" width=\"1024\" height=\"682\" src=\"https:\/\/armrelaxpad.com\/wp-content\/uploads\/IMG_4044-2s-2-1024x682.jpg\" class=\"attachment-large size-large\" alt=\"\" loading=\"lazy\" srcset=\"https:\/\/armrelaxpad.com\/wp-content\/uploads\/IMG_4044-2s-2-1024x682.jpg 1024w, https:\/\/armrelaxpad.com\/wp-content\/uploads\/IMG_4044-2s-2-320x213.jpg 320w, https:\/\/armrelaxpad.com\/wp-content\/uploads\/IMG_4044-2s-2-600x400.jpg 600w\" sizes=\"auto, (max-width: 1024px) 100vw, 1024px\" \/><\/div><div class=\"w-image-meta\"><div class=\"w-image-title\">La parte inferiore dei braccioli \u00e8 dotata di guscio in plastica rigida e nastro adesivo di alta qualit\u00e0<\/div><\/div><\/div><div class=\"w-separator size_small\"><\/div><div class=\"w-btn-wrapper align_center\"><a class=\"w-btn us-btn-style_1 icon_atleft\" href=\"\/it\/fidatevi-della-qualita\/\"><i class=\"fas fa-award\"><\/i><span class=\"w-btn-label\">Qualit\u00e0 Made in Germany<\/span><\/a><\/div><div class=\"w-separator size_medium\"><\/div><div class=\"wpb_text_column\"><div class=\"wpb_wrapper\"><div id=\"cc-m-10958208771\" class=\"j-module n j-text \">\n<p>Verificate l&#8217;altezza del bracciolo di cui avete bisogno e scegliete tra 5 cm, 8 cm o 10 cm.<\/p>\n<\/div>\n<div id=\"cc-m-10958208871\" class=\"j-module n j-text \">\n<p>Se desiderate viaggiare comodamente in auto, saremo lieti di aiutarvi.<\/p>\n<\/div>\n<\/div><\/div><div class=\"w-separator size_medium\"><\/div><div class=\"w-btn-wrapper align_center\"><a class=\"w-btn us-btn-style_1 icon_atleft\" href=\"\/it\/ordina-il-bracciolo\"><i class=\"fas fa-shopping-cart\"><\/i><span class=\"w-btn-label\">Acquista il bracciolo<\/span><\/a><\/div><\/div><\/div><div class=\"wpb_column vc_column_container\"><div class=\"vc_column-inner\"><nav class=\"w-menu us_custom_492179a4 layout_ver style_links us_menu_1\" style=\"--main-gap:0rem;--main-ver-indent:0.8em;--main-hor-indent:0.8em;--main-color:var(--color-header-middle-bg);--main-hover-color:var(--color-header-middle-text-hover);--main-active-color:var(--color-header-middle-text-hover);\"><ul id=\"menu-side-menu\" class=\"menu\"><li id=\"menu-item-9035\" class=\"menu-item menu-item-type-post_type menu-item-object-page menu-item-9035\"><a href=\"https:\/\/armrelaxpad.com\/ueber-uns\/\">Chi siamo<\/a><\/li><li id=\"menu-item-9033\" class=\"menu-item menu-item-type-post_type menu-item-object-page menu-item-9033\"><a href=\"https:\/\/armrelaxpad.com\/von-der-idee-bis-zum-produkt\/\">Dall&#8217;idea al prodotto<\/a><\/li><li id=\"menu-item-9032\" class=\"menu-item menu-item-type-post_type menu-item-object-page menu-item-9032\"><a href=\"https:\/\/armrelaxpad.com\/unser-produkt-stellt-sich-vor\/\">Fidatevi della qualit\u00e0!<\/a><\/li><li id=\"menu-item-9030\" class=\"menu-item menu-item-type-post_type menu-item-object-page menu-item-9030\"><a href=\"https:\/\/armrelaxpad.com\/schulterschmerzen-beim-autofahren\/\">Dolore alla spalla e problemi al gomito<\/a><\/li><li id=\"menu-item-9029\" class=\"menu-item menu-item-type-post_type menu-item-object-page menu-item-9029\"><a href=\"https:\/\/armrelaxpad.com\/gaestebuch-produktbewertung\/\">Valutazioni<\/a><\/li><li id=\"menu-item-9031\" class=\"menu-item menu-item-type-post_type menu-item-object-page menu-item-9031\"><a href=\"https:\/\/armrelaxpad.com\/armlehne-nachruesten\/\">Istruzioni di montaggio<\/a><\/li><li id=\"menu-item-9028\" class=\"menu-item menu-item-type-post_type menu-item-object-page menu-item-9028\"><a href=\"https:\/\/armrelaxpad.com\/armlehne-universal\/\">Offriamo i seguenti formati<\/a><\/li><li id=\"menu-item-9027\" class=\"menu-item menu-item-type-post_type menu-item-object-page menu-item-9027\"><a href=\"https:\/\/armrelaxpad.com\/armlehne-kaufen-fuer-ihre-autotuer\/\">Ordina il bracciolo<\/a><\/li><li id=\"menu-item-9036\" class=\"menu-item menu-item-type-post_type menu-item-object-page menu-item-9036\"><a href=\"https:\/\/armrelaxpad.com\/kontakt\/\">Contattaci<\/a><\/li><\/ul><style>@media ( max-width:600px ){.us_menu_1 .menu{display:block!important}.us_menu_1 .menu>li{margin:0 0 var(--main-gap,0rem)!important}}<\/style><\/nav><\/div><\/div><\/div><\/div><\/section>\n","protected":false},"excerpt":{"rendered":"Armrelaxpad - Il poggiabraccio per la tua auto Sei seduto rilassato e comodo nella tua macchina? Armrelaxpad - Il poggiabraccio per la tua auto Sei seduto rilassato e comodo nella tua macchina? Armrelaxpad \u2013 Il poggiabraccio per la tua auto Sei seduto rilassato e comodo nella tua macchina? Costruite il vostro bracciolo per la vostra...","protected":false},"author":1,"featured_media":0,"parent":0,"menu_order":102,"comment_status":"closed","ping_status":"closed","template":"","meta":{"footnotes":""},"class_list":["post-9238","page","type-page","status-publish","hentry"],"yoast_head":"<!-- This site is optimized with the Yoast SEO plugin v27.4 - https:\/\/yoast.com\/product\/yoast-seo-wordpress\/ -->\n<title>Costruisci da solo un bracciolo per l\u2019auto<\/title>\n<meta name=\"description\" content=\"Vuoi costruire da solo un bracciolo per la tua auto? L\u2019abbiamo gi\u00e0 fatto per te \u25ba Scopri di pi\u00f9.\" \/>\n<meta name=\"robots\" content=\"index, follow, max-snippet:-1, max-image-preview:large, max-video-preview:-1\" \/>\n<link rel=\"canonical\" href=\"https:\/\/armrelaxpad.com\/it\/dallidea-al-prodotto\/\" \/>\n<meta property=\"og:locale\" content=\"it_IT\" \/>\n<meta property=\"og:type\" content=\"article\" \/>\n<meta property=\"og:title\" content=\"Costruisci da solo un bracciolo per l\u2019auto\" \/>\n<meta property=\"og:description\" content=\"Vuoi costruire da solo un bracciolo per la tua auto? L\u2019abbiamo gi\u00e0 fatto per te \u25ba Scopri di pi\u00f9.\" \/>\n<meta property=\"og:url\" content=\"https:\/\/armrelaxpad.com\/it\/dallidea-al-prodotto\/\" \/>\n<meta property=\"og:site_name\" content=\"KDL GmbH\" \/>\n<meta property=\"article:modified_time\" content=\"2025-04-11T09:24:27+00:00\" \/>\n<meta name=\"twitter:card\" content=\"summary_large_image\" \/>\n<meta name=\"twitter:label1\" content=\"Tempo di lettura stimato\" \/>\n\t<meta name=\"twitter:data1\" content=\"2 minuti\" \/>\n<script type=\"application\/ld+json\" class=\"yoast-schema-graph\">{\"@context\":\"https:\\\/\\\/schema.org\",\"@graph\":[{\"@type\":\"WebPage\",\"@id\":\"https:\\\/\\\/armrelaxpad.com\\\/it\\\/dallidea-al-prodotto\\\/\",\"url\":\"https:\\\/\\\/armrelaxpad.com\\\/it\\\/dallidea-al-prodotto\\\/\",\"name\":\"Costruisci da solo un bracciolo per l\u2019auto\",\"isPartOf\":{\"@id\":\"https:\\\/\\\/armrelaxpad.com\\\/it\\\/#website\"},\"datePublished\":\"2024-09-02T06:22:01+00:00\",\"dateModified\":\"2025-04-11T09:24:27+00:00\",\"description\":\"Vuoi costruire da solo un bracciolo per la tua auto? L\u2019abbiamo gi\u00e0 fatto per te \u25ba Scopri di pi\u00f9.\",\"breadcrumb\":{\"@id\":\"https:\\\/\\\/armrelaxpad.com\\\/it\\\/dallidea-al-prodotto\\\/#breadcrumb\"},\"inLanguage\":\"it-IT\",\"potentialAction\":[{\"@type\":\"ReadAction\",\"target\":[\"https:\\\/\\\/armrelaxpad.com\\\/it\\\/dallidea-al-prodotto\\\/\"]}]},{\"@type\":\"BreadcrumbList\",\"@id\":\"https:\\\/\\\/armrelaxpad.com\\\/it\\\/dallidea-al-prodotto\\\/#breadcrumb\",\"itemListElement\":[{\"@type\":\"ListItem\",\"position\":1,\"name\":\"Home\",\"item\":\"https:\\\/\\\/armrelaxpad.com\\\/it\\\/\"},{\"@type\":\"ListItem\",\"position\":2,\"name\":\"Dall&#8217;idea al prodotto\"}]},{\"@type\":\"WebSite\",\"@id\":\"https:\\\/\\\/armrelaxpad.com\\\/it\\\/#website\",\"url\":\"https:\\\/\\\/armrelaxpad.com\\\/it\\\/\",\"name\":\"KDL GmbH\",\"description\":\"\",\"potentialAction\":[{\"@type\":\"SearchAction\",\"target\":{\"@type\":\"EntryPoint\",\"urlTemplate\":\"https:\\\/\\\/armrelaxpad.com\\\/it\\\/?s={search_term_string}\"},\"query-input\":{\"@type\":\"PropertyValueSpecification\",\"valueRequired\":true,\"valueName\":\"search_term_string\"}}],\"inLanguage\":\"it-IT\"}]}<\/script>\n<!-- \/ Yoast SEO plugin. -->","yoast_head_json":{"title":"Costruisci da solo un bracciolo per l\u2019auto","description":"Vuoi costruire da solo un bracciolo per la tua auto? L\u2019abbiamo gi\u00e0 fatto per te \u25ba Scopri di pi\u00f9.","robots":{"index":"index","follow":"follow","max-snippet":"max-snippet:-1","max-image-preview":"max-image-preview:large","max-video-preview":"max-video-preview:-1"},"canonical":"https:\/\/armrelaxpad.com\/it\/dallidea-al-prodotto\/","og_locale":"it_IT","og_type":"article","og_title":"Costruisci da solo un bracciolo per l\u2019auto","og_description":"Vuoi costruire da solo un bracciolo per la tua auto? L\u2019abbiamo gi\u00e0 fatto per te \u25ba Scopri di pi\u00f9.","og_url":"https:\/\/armrelaxpad.com\/it\/dallidea-al-prodotto\/","og_site_name":"KDL GmbH","article_modified_time":"2025-04-11T09:24:27+00:00","twitter_card":"summary_large_image","twitter_misc":{"Tempo di lettura stimato":"2 minuti"},"schema":{"@context":"https:\/\/schema.org","@graph":[{"@type":"WebPage","@id":"https:\/\/armrelaxpad.com\/it\/dallidea-al-prodotto\/","url":"https:\/\/armrelaxpad.com\/it\/dallidea-al-prodotto\/","name":"Costruisci da solo un bracciolo per l\u2019auto","isPartOf":{"@id":"https:\/\/armrelaxpad.com\/it\/#website"},"datePublished":"2024-09-02T06:22:01+00:00","dateModified":"2025-04-11T09:24:27+00:00","description":"Vuoi costruire da solo un bracciolo per la tua auto? L\u2019abbiamo gi\u00e0 fatto per te \u25ba Scopri di pi\u00f9.","breadcrumb":{"@id":"https:\/\/armrelaxpad.com\/it\/dallidea-al-prodotto\/#breadcrumb"},"inLanguage":"it-IT","potentialAction":[{"@type":"ReadAction","target":["https:\/\/armrelaxpad.com\/it\/dallidea-al-prodotto\/"]}]},{"@type":"BreadcrumbList","@id":"https:\/\/armrelaxpad.com\/it\/dallidea-al-prodotto\/#breadcrumb","itemListElement":[{"@type":"ListItem","position":1,"name":"Home","item":"https:\/\/armrelaxpad.com\/it\/"},{"@type":"ListItem","position":2,"name":"Dall&#8217;idea al prodotto"}]},{"@type":"WebSite","@id":"https:\/\/armrelaxpad.com\/it\/#website","url":"https:\/\/armrelaxpad.com\/it\/","name":"KDL GmbH","description":"","potentialAction":[{"@type":"SearchAction","target":{"@type":"EntryPoint","urlTemplate":"https:\/\/armrelaxpad.com\/it\/?s={search_term_string}"},"query-input":{"@type":"PropertyValueSpecification","valueRequired":true,"valueName":"search_term_string"}}],"inLanguage":"it-IT"}]}},"jetpack_sharing_enabled":true,"_links":{"self":[{"href":"https:\/\/armrelaxpad.com\/it\/wp-json\/wp\/v2\/pages\/9238","targetHints":{"allow":["GET"]}}],"collection":[{"href":"https:\/\/armrelaxpad.com\/it\/wp-json\/wp\/v2\/pages"}],"about":[{"href":"https:\/\/armrelaxpad.com\/it\/wp-json\/wp\/v2\/types\/page"}],"author":[{"embeddable":true,"href":"https:\/\/armrelaxpad.com\/it\/wp-json\/wp\/v2\/users\/1"}],"replies":[{"embeddable":true,"href":"https:\/\/armrelaxpad.com\/it\/wp-json\/wp\/v2\/comments?post=9238"}],"version-history":[{"count":22,"href":"https:\/\/armrelaxpad.com\/it\/wp-json\/wp\/v2\/pages\/9238\/revisions"}],"predecessor-version":[{"id":10643,"href":"https:\/\/armrelaxpad.com\/it\/wp-json\/wp\/v2\/pages\/9238\/revisions\/10643"}],"wp:attachment":[{"href":"https:\/\/armrelaxpad.com\/it\/wp-json\/wp\/v2\/media?parent=9238"}],"curies":[{"name":"wp","href":"https:\/\/api.w.org\/{rel}","templated":true}]}}