{"id":9288,"date":"2024-09-04T11:29:45","date_gmt":"2024-09-04T09:29:45","guid":{"rendered":"http:\/\/wordpress.p391076.webspaceconfig.de\/termini-e-condizioni-generali\/"},"modified":"2025-03-06T15:53:22","modified_gmt":"2025-03-06T14:53:22","slug":"termini-e-condizioni-generali","status":"publish","type":"page","link":"https:\/\/armrelaxpad.com\/it\/termini-e-condizioni-generali\/","title":{"rendered":"Termini e condizioni generali"},"content":{"rendered":"<section class=\"l-section wpb_row height_small\"><div class=\"l-section-h i-cf\"><div class=\"g-cols vc_row via_grid cols_1 laptops-cols_inherit tablets-cols_inherit mobiles-cols_1 valign_top type_default stacking_default\"><div class=\"wpb_column vc_column_container\"><div class=\"vc_column-inner\"><h2 class=\"w-text\"><span class=\"w-text-h\"><span class=\"w-text-value\">Termini e condizioni generali<\/span><\/span><\/h2><div class=\"wpb_text_column\"><div class=\"wpb_wrapper\"><\/p>\n<p>Gentile Cliente,<\/p>\n<p>Con la seguente pagina informativa per i clienti, adempiamo ai nostri obblighi legali di informazione e istruzione. Qui ti informiamo su tutte le circostanze relative alla conclusione del contratto derivante dal tuo ordine e alla sua elaborazione.<\/p>\n<h2>I. Informazioni sul fornitore<\/h2>\n<p><strong>KDL GmbH<\/strong><br \/>\n    Julius-Cesare-Str. 9a<br \/>\n    42897 Remscheid<br \/>\n    Germania<br \/>\n    Partita IVA: 126\/5740\/1036<\/p>\n<p>Socio accomandatario personalmente responsabile:<br \/>\n    KDL GmbH<br \/>\n    Julius-Cesare-Str. 9a<br \/>\n    42897 Remscheid<br \/>\n    Germania<\/p>\n<p>Amministratore delegato: Michael Kr\u00fcger<br \/>\n    Iscrizione presso il Tribunale di Wuppertal HRB 22474<\/p>\n<p>Telefono cellulare: +49 (0)176 51197240<br \/>\n    Fax: 03212-2524251<\/p>\n<h2>II. Informazioni sul diritto di recesso e istruzioni<\/h2>\n<h3>Diritto di recesso<\/h3>\n<p>Hai il diritto di recedere dal presente contratto entro un mese senza fornire alcuna motivazione. Il periodo di recesso \u00e8 di un mese a partire dal giorno (in cui tu o un terzo da te designato, che non \u00e8 il vettore, avete preso possesso della merce).<\/p>\n<p>Per esercitare il tuo diritto di recesso, devi informarci:<\/p>\n<p><strong>KDL GmbH<\/strong><br \/>\n    Julius-Cesare-Str. 9a<br \/>\n    42897 Remscheid<br \/>\n    Germania<\/p>\n<p>Telefono cellulare: +49 (0)176 51197240<br \/>\n    Fax: 03212-2524251<br \/>\n    E-mail: kdl.gmbh@email.de<\/p>\n<p>mediante una dichiarazione esplicita (ad es. una lettera inviata per posta, fax o e-mail) della tua decisione di recedere dal presente contratto. Per rispettare il termine di recesso, \u00e8 sufficiente inviare la comunicazione relativa all&#8217;esercizio del diritto di recesso prima della scadenza del termine.<\/p>\n<h3>Conseguenze del recesso<\/h3>\n<p>Se recedi dal presente contratto, ti rimborseremo tutti i pagamenti che abbiamo ricevuto da te, inclusi i costi di consegna (ad eccezione dei costi aggiuntivi derivanti dalla scelta di un tipo di consegna diverso dalla consegna standard pi\u00f9 economica da noi offerta), senza indebito ritardo e comunque entro un mese dalla data in cui riceviamo la notifica della tua decisione di recedere dal presente contratto.<\/p>\n<h2>III. Informazioni sui tuoi dati<\/h2>\n<p>Utilizziamo i dati personali da te forniti esclusivamente per l&#8217;elaborazione e la gestione del contratto. I tuoi dati non saranno trasmessi a terzi, salvo che ci\u00f2 sia necessario per l&#8217;esecuzione del contratto (ad esempio, ai fornitori di servizi di spedizione come Deutsche Post o DPD). I tuoi dati verranno cancellati una volta completata l&#8217;elaborazione del contratto, a meno che non sia richiesta una conservazione per motivi fiscali o legali.<\/p>\n<h2>IV. Condizioni generali di vendita, consegna, pagamento e garanzia<\/h2>\n<h3>1. Consegne parziali<\/h3>\n<p>Le consegne parziali sono consentite. Se il termine di consegna viene superato, l&#8217;acquirente ha il diritto di recedere dal contratto per la parte non ancora eseguita, a condizione che abbia precedentemente concesso un termine aggiuntivo adeguato.<\/p>\n<h3>2. Resi<\/h3>\n<p>I resi devono essere annunciati telefonicamente in anticipo e la nostra azienda decider\u00e0 sui costi di trasporto.<\/p>\n<h3>3. Prezzi<\/h3>\n<p>I prezzi applicabili sono quelli validi al momento dell&#8217;acquisto.<\/p>\n<h3>4. Reclami<\/h3>\n<p>Eventuali reclami devono essere presentati per iscritto entro 10 giorni dal ricevimento della merce.<\/p>\n<h3>5. Garanzia<\/h3>\n<p>La garanzia per i nostri prodotti viene concessa in conformit\u00e0 con la legge tedesca.<\/p>\n<h3>6. Riserva di propriet\u00e0<\/h3>\n<p>La merce rimane di propriet\u00e0 della KDL GmbH fino al completo pagamento.<\/p>\n<h3>7. Foro competente<\/h3>\n<p>Il foro competente per tutte le controversie tra le parti \u00e8 Wuppertal.<\/p>\n<h2>Informativa sulla Privacy<\/h2>\n<p>Salvo diversa indicazione, la fornitura dei tuoi dati personali non \u00e8 richiesta per legge o per contratto. &#8220;Dati personali&#8221; indica tutte le informazioni relative a una persona fisica identificata o identificabile.<\/p>\n<h3>File di log del server<\/h3>\n<p>Puoi visitare il nostro sito senza fornire informazioni personali. A ogni accesso, il tuo browser Internet trasmette dati di utilizzo che vengono salvati nei file di log del server.<\/p>\n<h3>Modulo di contatto<\/h3>\n<p>Se utilizzi il modulo di contatto, raccogliamo i tuoi dati personali (nome, e-mail, testo del messaggio) solo nella misura in cui li fornisci volontariamente.<\/p>\n<h3>Utilizzo dei cookie<\/h3>\n<p>Il nostro sito utilizza i cookie per migliorare l&#8217;esperienza dell&#8217;utente. Puoi gestire l&#8217;uso dei cookie tramite le impostazioni del tuo browser.<\/p>\n<p><strong>Browser Chrome:<\/strong> <a href=\"https:\/\/support.google.com\/accounts\/answer\/61416?hl=it\" target=\"_blank\" rel=\"noopener\">https:\/\/support.google.com\/accounts\/answer\/61416?hl=it<\/a> (<a href=\"https:\/\/support.google.com\/accounts\/answer\/61416?hl=it\" target=\"_blank\" rel=\"noopener\">https:\/\/support.google.com\/accounts\/answer\/61416?hl=it<\/a>)<\/p>\n<p><strong>Internet Explorer:<\/strong> <a href=\"https:\/\/support.microsoft.com\/it-it\/help\/17442\/windows-internet-explorer-delete-manage-cookies\" target=\"_blank\" rel=\"noopener\">https:\/\/support.microsoft.com\/it-it\/help\/17442\/windows-internet-explorer-delete-manage-cookies<\/a> (<a href=\"https:\/\/support.microsoft.com\/it-it\/help\/17442\/windows-internet-explorer-delete-manage-cookies\" target=\"_blank\" rel=\"noopener\">https:\/\/support.microsoft.com\/it-it\/help\/17442\/windows-internet-explorer-delete-manage-cookies<\/a>)<\/p>\n<p><strong>Mozilla Firefox:<\/strong> <a href=\"https:\/\/support.mozilla.org\/it\/kb\/attivare-e-disattivare-i-cookie\" target=\"_blank\" rel=\"noopener\">https:\/\/support.mozilla.org\/it\/kb\/attivare-e-disattivare-i-cookie<\/a> (<a href=\"https:\/\/support.mozilla.org\/it\/kb\/attivare-e-disattivare-i-cookie\" target=\"_blank\" rel=\"noopener\">https:\/\/support.mozilla.org\/it\/kb\/attivare-e-disattivare-i-cookie<\/a>)<\/p>\n<p><strong>Safari:<\/strong> <a href=\"https:\/\/support.apple.com\/it-it\/guide\/safari\/manage-cookies-and-website-data-sfri11471\/mac\" target=\"_blank\" rel=\"noopener\">https:\/\/support.apple.com\/it-it\/guide\/safari\/manage-cookies-and-website-data-sfri11471\/mac<\/a> (<a href=\"https:\/\/support.apple.com\/it-it\/guide\/safari\/manage-cookies-and-website-data-sfri11471\/mac\" target=\"_blank\" rel=\"noopener\">https:\/\/support.apple.com\/it-it\/guide\/safari\/manage-cookies-and-website-data-sfri11471\/mac<\/a>)<\/p>\n<h2>Utilizzo di Google Analytics<\/h2>\n<p>Utilizziamo il servizio di analisi web Google Analytics di Google Inc. (1600 Amphitheatre Parkway, Mountain View, CA 94043, USA; &#8220;Google&#8221;). Il trattamento dei dati ha lo scopo di analizzare questo sito web e i suoi visitatori. Google utilizzer\u00e0 le informazioni raccolte per conto dell&#8217;operatore di questo sito web per valutare l&#8217;utilizzo del sito, compilare report sulle attivit\u00e0 del sito e fornire ulteriori servizi correlati all&#8217;uso del web e di Internet. L&#8217;indirizzo IP trasmesso dal browser nell&#8217;ambito di Google Analytics non sar\u00e0 combinato con altri dati di Google.<\/p>\n<p>Google Analytics utilizza cookie che consentono di analizzare l&#8217;utilizzo del sito web. Le informazioni generate dai cookie vengono generalmente trasferite a un server di Google negli Stati Uniti e l\u00ec archiviate. L&#8217;anonimizzazione IP \u00e8 attiva su questo sito. Di conseguenza, il tuo indirizzo IP sar\u00e0 troncato da Google negli stati membri dell&#8217;Unione Europea o in altri stati parte dell&#8217;Accordo sullo Spazio Economico Europeo prima della trasmissione. Solo in casi eccezionali l&#8217;indirizzo IP completo verr\u00e0 trasmesso a un server di Google negli Stati Uniti e l\u00ec abbreviato.<\/p>\n<p>Puoi impedire la memorizzazione dei cookie selezionando le impostazioni tecniche appropriate nel tuo browser; tuttavia, ti informiamo che in questo caso potresti non essere in grado di utilizzare tutte le funzionalit\u00e0 di questo sito web nella loro completezza. Inoltre, puoi impedire la raccolta dei dati generati dal cookie e relativi al tuo utilizzo del sito web (compreso il tuo indirizzo IP) da parte di Google, nonch\u00e9 il trattamento di tali dati da parte di Google, scaricando e installando il plug-in del browser disponibile al seguente link: <a href=\"https:\/\/tools.google.com\/dlpage\/gaoptout?hl=it\" target=\"_blank\" rel=\"noopener\">https:\/\/tools.google.com\/dlpage\/gaoptout?hl=it<\/a>.<\/p>\n<h2>Utilizzo di Google AdWords Conversion Tracking<\/h2>\n<p>Utilizziamo il programma pubblicitario online &#8220;Google AdWords&#8221; e il monitoraggio delle conversioni. Google Conversion Tracking \u00e8 un servizio di analisi di Google Inc. Se fai clic su un annuncio pubblicato da Google, un cookie verr\u00e0 impostato sul tuo dispositivo per il monitoraggio delle conversioni. Questi cookie hanno una validit\u00e0 limitata e non contengono dati personali.<\/p>\n<p>Se visiti determinate pagine del nostro sito web e il cookie non \u00e8 ancora scaduto, Google e noi possiamo riconoscere che hai fatto clic sull&#8217;annuncio e sei stato reindirizzato a questa pagina. Ogni cliente Google AdWords riceve un cookie diverso, quindi non \u00e8 possibile tracciare i cookie attraverso i siti web di diversi clienti AdWords.<\/p>\n<p>Puoi impedire la memorizzazione dei cookie selezionando le impostazioni tecniche appropriate nel tuo browser. Tuttavia, ti informiamo che in questo caso potresti non essere in grado di utilizzare tutte le funzionalit\u00e0 di questo sito web nella loro completezza.<\/p>\n<p>Per ulteriori informazioni, consulta l&#8217;informativa sulla privacy di Google: <a href=\"https:\/\/www.google.it\/policies\/privacy\/\" target=\"_blank\" rel=\"noopener\">https:\/\/www.google.it\/policies\/privacy\/<\/a>.<\/p>\n<h2>Diritti dell&#8217;interessato<\/h2>\n<p>Hai i seguenti diritti secondo gli articoli 15-20 del GDPR: diritto di accesso, rettifica, cancellazione, limitazione del trattamento e portabilit\u00e0 dei dati. Inoltre, hai il diritto di opporsi in qualsiasi momento al trattamento dei tuoi dati personali ai sensi dell&#8217;articolo 6 (1) f GDPR.<\/p>\n<p>Hai anche il diritto di presentare un reclamo all&#8217;autorit\u00e0 di controllo ai sensi dell&#8217;articolo 77 del GDPR se ritieni che il trattamento dei tuoi dati personali non sia lecito.<\/p>\n<\/div><\/div><\/div><\/div><\/div><\/div><\/section>\n","protected":false},"excerpt":{"rendered":"Termini e condizioni generali Gentile Cliente, Con la seguente pagina informativa per i clienti, adempiamo ai nostri obblighi legali di informazione e istruzione. Qui ti informiamo su tutte le circostanze relative alla conclusione del contratto derivante dal tuo ordine e alla sua elaborazione. I. Informazioni sul fornitore KDL GmbH Julius-Cesare-Str. 9a 42897 Remscheid Germania Partita...","protected":false},"author":1,"featured_media":0,"parent":0,"menu_order":998,"comment_status":"closed","ping_status":"closed","template":"","meta":{"footnotes":""},"class_list":["post-9288","page","type-page","status-publish","hentry"],"yoast_head":"<!-- This site is optimized with the Yoast SEO plugin v27.4 - https:\/\/yoast.com\/product\/yoast-seo-wordpress\/ -->\n<title>Termini e condizioni generali - KDL GmbH<\/title>\n<meta name=\"robots\" content=\"index, follow, max-snippet:-1, max-image-preview:large, max-video-preview:-1\" \/>\n<link rel=\"canonical\" href=\"https:\/\/armrelaxpad.com\/it\/termini-e-condizioni-generali\/\" \/>\n<meta property=\"og:locale\" content=\"it_IT\" \/>\n<meta property=\"og:type\" content=\"article\" \/>\n<meta property=\"og:title\" content=\"Termini e condizioni generali - KDL GmbH\" \/>\n<meta property=\"og:url\" content=\"https:\/\/armrelaxpad.com\/it\/termini-e-condizioni-generali\/\" \/>\n<meta property=\"og:site_name\" content=\"KDL GmbH\" \/>\n<meta property=\"article:modified_time\" content=\"2025-03-06T14:53:22+00:00\" \/>\n<meta name=\"twitter:card\" content=\"summary_large_image\" \/>\n<meta name=\"twitter:label1\" content=\"Tempo di lettura stimato\" \/>\n\t<meta name=\"twitter:data1\" content=\"6 minuti\" \/>\n<script type=\"application\/ld+json\" class=\"yoast-schema-graph\">{\"@context\":\"https:\\\/\\\/schema.org\",\"@graph\":[{\"@type\":\"WebPage\",\"@id\":\"https:\\\/\\\/armrelaxpad.com\\\/it\\\/termini-e-condizioni-generali\\\/\",\"url\":\"https:\\\/\\\/armrelaxpad.com\\\/it\\\/termini-e-condizioni-generali\\\/\",\"name\":\"Termini e condizioni generali - KDL GmbH\",\"isPartOf\":{\"@id\":\"https:\\\/\\\/armrelaxpad.com\\\/it\\\/#website\"},\"datePublished\":\"2024-09-04T09:29:45+00:00\",\"dateModified\":\"2025-03-06T14:53:22+00:00\",\"breadcrumb\":{\"@id\":\"https:\\\/\\\/armrelaxpad.com\\\/it\\\/termini-e-condizioni-generali\\\/#breadcrumb\"},\"inLanguage\":\"it-IT\",\"potentialAction\":[{\"@type\":\"ReadAction\",\"target\":[\"https:\\\/\\\/armrelaxpad.com\\\/it\\\/termini-e-condizioni-generali\\\/\"]}]},{\"@type\":\"BreadcrumbList\",\"@id\":\"https:\\\/\\\/armrelaxpad.com\\\/it\\\/termini-e-condizioni-generali\\\/#breadcrumb\",\"itemListElement\":[{\"@type\":\"ListItem\",\"position\":1,\"name\":\"Home\",\"item\":\"https:\\\/\\\/armrelaxpad.com\\\/it\\\/\"},{\"@type\":\"ListItem\",\"position\":2,\"name\":\"Termini e condizioni generali\"}]},{\"@type\":\"WebSite\",\"@id\":\"https:\\\/\\\/armrelaxpad.com\\\/it\\\/#website\",\"url\":\"https:\\\/\\\/armrelaxpad.com\\\/it\\\/\",\"name\":\"KDL GmbH\",\"description\":\"\",\"potentialAction\":[{\"@type\":\"SearchAction\",\"target\":{\"@type\":\"EntryPoint\",\"urlTemplate\":\"https:\\\/\\\/armrelaxpad.com\\\/it\\\/?s={search_term_string}\"},\"query-input\":{\"@type\":\"PropertyValueSpecification\",\"valueRequired\":true,\"valueName\":\"search_term_string\"}}],\"inLanguage\":\"it-IT\"}]}<\/script>\n<!-- \/ Yoast SEO plugin. -->","yoast_head_json":{"title":"Termini e condizioni generali - KDL GmbH","robots":{"index":"index","follow":"follow","max-snippet":"max-snippet:-1","max-image-preview":"max-image-preview:large","max-video-preview":"max-video-preview:-1"},"canonical":"https:\/\/armrelaxpad.com\/it\/termini-e-condizioni-generali\/","og_locale":"it_IT","og_type":"article","og_title":"Termini e condizioni generali - KDL GmbH","og_url":"https:\/\/armrelaxpad.com\/it\/termini-e-condizioni-generali\/","og_site_name":"KDL GmbH","article_modified_time":"2025-03-06T14:53:22+00:00","twitter_card":"summary_large_image","twitter_misc":{"Tempo di lettura stimato":"6 minuti"},"schema":{"@context":"https:\/\/schema.org","@graph":[{"@type":"WebPage","@id":"https:\/\/armrelaxpad.com\/it\/termini-e-condizioni-generali\/","url":"https:\/\/armrelaxpad.com\/it\/termini-e-condizioni-generali\/","name":"Termini e condizioni generali - KDL GmbH","isPartOf":{"@id":"https:\/\/armrelaxpad.com\/it\/#website"},"datePublished":"2024-09-04T09:29:45+00:00","dateModified":"2025-03-06T14:53:22+00:00","breadcrumb":{"@id":"https:\/\/armrelaxpad.com\/it\/termini-e-condizioni-generali\/#breadcrumb"},"inLanguage":"it-IT","potentialAction":[{"@type":"ReadAction","target":["https:\/\/armrelaxpad.com\/it\/termini-e-condizioni-generali\/"]}]},{"@type":"BreadcrumbList","@id":"https:\/\/armrelaxpad.com\/it\/termini-e-condizioni-generali\/#breadcrumb","itemListElement":[{"@type":"ListItem","position":1,"name":"Home","item":"https:\/\/armrelaxpad.com\/it\/"},{"@type":"ListItem","position":2,"name":"Termini e condizioni generali"}]},{"@type":"WebSite","@id":"https:\/\/armrelaxpad.com\/it\/#website","url":"https:\/\/armrelaxpad.com\/it\/","name":"KDL GmbH","description":"","potentialAction":[{"@type":"SearchAction","target":{"@type":"EntryPoint","urlTemplate":"https:\/\/armrelaxpad.com\/it\/?s={search_term_string}"},"query-input":{"@type":"PropertyValueSpecification","valueRequired":true,"valueName":"search_term_string"}}],"inLanguage":"it-IT"}]}},"jetpack_sharing_enabled":true,"_links":{"self":[{"href":"https:\/\/armrelaxpad.com\/it\/wp-json\/wp\/v2\/pages\/9288","targetHints":{"allow":["GET"]}}],"collection":[{"href":"https:\/\/armrelaxpad.com\/it\/wp-json\/wp\/v2\/pages"}],"about":[{"href":"https:\/\/armrelaxpad.com\/it\/wp-json\/wp\/v2\/types\/page"}],"author":[{"embeddable":true,"href":"https:\/\/armrelaxpad.com\/it\/wp-json\/wp\/v2\/users\/1"}],"replies":[{"embeddable":true,"href":"https:\/\/armrelaxpad.com\/it\/wp-json\/wp\/v2\/comments?post=9288"}],"version-history":[{"count":4,"href":"https:\/\/armrelaxpad.com\/it\/wp-json\/wp\/v2\/pages\/9288\/revisions"}],"predecessor-version":[{"id":10333,"href":"https:\/\/armrelaxpad.com\/it\/wp-json\/wp\/v2\/pages\/9288\/revisions\/10333"}],"wp:attachment":[{"href":"https:\/\/armrelaxpad.com\/it\/wp-json\/wp\/v2\/media?parent=9288"}],"curies":[{"name":"wp","href":"https:\/\/api.w.org\/{rel}","templated":true}]}}