{"id":10346,"date":"2024-09-04T11:28:10","date_gmt":"2024-09-04T09:28:10","guid":{"rendered":"http:\/\/wordpress.p391076.webspaceconfig.de\/polityka-anulowania-rezerwacji-i-formularz-anulowania-rezerwacji\/"},"modified":"2025-03-06T16:53:43","modified_gmt":"2025-03-06T15:53:43","slug":"polityka-anulowania-rezerwacji-i-formularz-anulowania-rezerwacji","status":"publish","type":"page","link":"https:\/\/armrelaxpad.com\/pl\/polityka-anulowania-rezerwacji-i-formularz-anulowania-rezerwacji\/","title":{"rendered":"Polityka anulowania rezerwacji i formularz anulowania rezerwacji"},"content":{"rendered":"<section class=\"l-section wpb_row height_small\"><div class=\"l-section-h i-cf\"><div class=\"g-cols vc_row via_grid cols_1 laptops-cols_inherit tablets-cols_inherit mobiles-cols_1 valign_top type_default stacking_default\"><div class=\"wpb_column vc_column_container\"><div class=\"vc_column-inner\"><h2 class=\"w-text\"><span class=\"w-text-h\"><span class=\"w-text-value\">Polityka anulowania rezerwacji i formularz anulowania rezerwacji<\/span><\/span><\/h2><div class=\"wpb_text_column\"><div class=\"wpb_wrapper\"><h2>Prawo do odst\u0105pienia<\/h2>\n<p>Masz prawo odst\u0105pi\u0107 od niniejszej umowy w terminie jednego miesi\u0105ca bez podania przyczyny. Okres odst\u0105pienia wynosi jeden miesi\u0105c od dnia, w kt\u00f3rym Ty lub wskazana przez Ciebie osoba trzecia, nieb\u0119d\u0105ca przewo\u017anikiem, wejdziesz w posiadanie towar\u00f3w.<\/p>\n<p>Aby skorzysta\u0107 z prawa do odst\u0105pienia, musisz poinformowa\u0107 nas:<\/p>\n<p><strong>KDL GmbH<\/strong><br \/>\n    Julius-C\u00e4sar-Str. 9a<br \/>\n    42897 Remscheid<br \/>\n    Niemcy<br \/>\n    <strong>Telefon kom\u00f3rkowy:<\/strong> +49 (0)176 51197240<br \/>\n    <strong>Faks:<\/strong> 03212-2524251<br \/>\n    <strong>E-mail:<\/strong> kdl.gmbh@email.de<\/p>\n<p>w drodze jednoznacznego o\u015bwiadczenia (np. list wys\u0142any poczt\u0105, faks lub e-mail) o swojej decyzji o odst\u0105pieniu od umowy.<\/p>\n<h2>Skutki odst\u0105pienia<\/h2>\n<p>Je\u015bli odst\u0105pisz od niniejszej umowy, zwr\u00f3cimy Ci wszystkie p\u0142atno\u015bci, kt\u00f3re od Ciebie otrzymali\u015bmy, w tym koszty dostawy (z wyj\u0105tkiem dodatkowych koszt\u00f3w wynikaj\u0105cych z wybrania przez Ciebie innego sposobu dostawy ni\u017c najta\u0144sza standardowa oferowana przez nas), niezw\u0142ocznie i nie p\u00f3\u017aniej ni\u017c w ci\u0105gu jednego miesi\u0105ca od dnia otrzymania Twojej decyzji o odst\u0105pieniu od umowy.<\/p>\n<p>Do zwrotu u\u017cyjemy tego samego \u015brodka p\u0142atniczego, kt\u00f3ry zosta\u0142 przez Ciebie u\u017cyty w pierwotnej transakcji, chyba \u017ce wyra\u017anie uzgodniono z Tob\u0105 inny spos\u00f3b; w \u017cadnym wypadku nie zostan\u0105 Ci naliczone op\u0142aty za ten zwrot.<\/p>\n<p>Mo\u017cemy wstrzyma\u0107 zwrot p\u0142atno\u015bci do momentu otrzymania towaru z powrotem lub do czasu dostarczenia dowodu jego odes\u0142ania, w zale\u017cno\u015bci od tego, co nast\u0105pi wcze\u015bniej.<\/p>\n<p>Musisz odes\u0142a\u0107 lub przekaza\u0107 nam towar niezw\u0142ocznie, nie p\u00f3\u017aniej ni\u017c w terminie jednego miesi\u0105ca od dnia poinformowania nas o odst\u0105pieniu od umowy. Termin jest zachowany, je\u015bli ode\u015blesz towar przed up\u0142ywem jednego miesi\u0105ca.<\/p>\n<p>Ponosisz bezpo\u015brednie koszty zwrotu towaru. Odpowiadasz za ewentualn\u0105 utrat\u0119 warto\u015bci towaru tylko wtedy, gdy wynik\u0142a ona z u\u017cytkowania innego ni\u017c konieczne do stwierdzenia jego charakteru, cech i funkcjonowania.<\/p>\n<h2>Koniec informacji o odst\u0105pieniu<\/h2>\n<p><a class=\"n\" href=\"https:\/\/www.kruegers-armlehne.de\/j\/shop\/withdrawalpdfdownload\">Pobierz formularz odst\u0105pienia od umowy<\/a><\/p>\n<\/div><\/div><\/div><\/div><\/div><\/div><\/section>\n","protected":false},"excerpt":{"rendered":"Polityka anulowania rezerwacji i formularz anulowania rezerwacjiPrawo do odst\u0105pienia Masz prawo odst\u0105pi\u0107 od niniejszej umowy w terminie jednego miesi\u0105ca bez podania przyczyny. Okres odst\u0105pienia wynosi jeden miesi\u0105c od dnia, w kt\u00f3rym Ty lub wskazana przez Ciebie osoba trzecia, nieb\u0119d\u0105ca przewo\u017anikiem, wejdziesz w posiadanie towar\u00f3w. Aby skorzysta\u0107 z prawa do odst\u0105pienia, musisz poinformowa\u0107 nas: KDL GmbH...","protected":false},"author":1,"featured_media":0,"parent":0,"menu_order":998,"comment_status":"closed","ping_status":"closed","template":"","meta":{"footnotes":""},"class_list":["post-10346","page","type-page","status-publish","hentry"],"yoast_head":"<!-- This site is optimized with the Yoast SEO plugin v27.4 - https:\/\/yoast.com\/product\/yoast-seo-wordpress\/ -->\n<title>Polityka anulowania rezerwacji i formularz anulowania rezerwacji - KDL GmbH<\/title>\n<meta name=\"robots\" content=\"index, follow, max-snippet:-1, max-image-preview:large, max-video-preview:-1\" \/>\n<link rel=\"canonical\" href=\"https:\/\/armrelaxpad.com\/pl\/polityka-anulowania-rezerwacji-i-formularz-anulowania-rezerwacji\/\" \/>\n<meta property=\"og:locale\" content=\"pl_PL\" \/>\n<meta property=\"og:type\" content=\"article\" \/>\n<meta property=\"og:title\" content=\"Polityka anulowania rezerwacji i formularz anulowania rezerwacji - KDL GmbH\" \/>\n<meta property=\"og:url\" content=\"https:\/\/armrelaxpad.com\/pl\/polityka-anulowania-rezerwacji-i-formularz-anulowania-rezerwacji\/\" \/>\n<meta property=\"og:site_name\" content=\"KDL GmbH\" \/>\n<meta property=\"article:modified_time\" content=\"2025-03-06T15:53:43+00:00\" \/>\n<meta name=\"twitter:card\" content=\"summary_large_image\" \/>\n<meta name=\"twitter:label1\" content=\"Szacowany czas czytania\" \/>\n\t<meta name=\"twitter:data1\" content=\"2 minuty\" \/>\n<script type=\"application\/ld+json\" class=\"yoast-schema-graph\">{\"@context\":\"https:\\\/\\\/schema.org\",\"@graph\":[{\"@type\":\"WebPage\",\"@id\":\"https:\\\/\\\/armrelaxpad.com\\\/pl\\\/polityka-anulowania-rezerwacji-i-formularz-anulowania-rezerwacji\\\/\",\"url\":\"https:\\\/\\\/armrelaxpad.com\\\/pl\\\/polityka-anulowania-rezerwacji-i-formularz-anulowania-rezerwacji\\\/\",\"name\":\"Polityka anulowania rezerwacji i formularz anulowania rezerwacji - KDL GmbH\",\"isPartOf\":{\"@id\":\"https:\\\/\\\/armrelaxpad.com\\\/pl\\\/#website\"},\"datePublished\":\"2024-09-04T09:28:10+00:00\",\"dateModified\":\"2025-03-06T15:53:43+00:00\",\"breadcrumb\":{\"@id\":\"https:\\\/\\\/armrelaxpad.com\\\/pl\\\/polityka-anulowania-rezerwacji-i-formularz-anulowania-rezerwacji\\\/#breadcrumb\"},\"inLanguage\":\"pl-PL\",\"potentialAction\":[{\"@type\":\"ReadAction\",\"target\":[\"https:\\\/\\\/armrelaxpad.com\\\/pl\\\/polityka-anulowania-rezerwacji-i-formularz-anulowania-rezerwacji\\\/\"]}]},{\"@type\":\"BreadcrumbList\",\"@id\":\"https:\\\/\\\/armrelaxpad.com\\\/pl\\\/polityka-anulowania-rezerwacji-i-formularz-anulowania-rezerwacji\\\/#breadcrumb\",\"itemListElement\":[{\"@type\":\"ListItem\",\"position\":1,\"name\":\"Strona g\u0142\u00f3wna\",\"item\":\"https:\\\/\\\/armrelaxpad.com\\\/pl\\\/\"},{\"@type\":\"ListItem\",\"position\":2,\"name\":\"Polityka anulowania rezerwacji i formularz anulowania rezerwacji\"}]},{\"@type\":\"WebSite\",\"@id\":\"https:\\\/\\\/armrelaxpad.com\\\/pl\\\/#website\",\"url\":\"https:\\\/\\\/armrelaxpad.com\\\/pl\\\/\",\"name\":\"KDL GmbH\",\"description\":\"\",\"potentialAction\":[{\"@type\":\"SearchAction\",\"target\":{\"@type\":\"EntryPoint\",\"urlTemplate\":\"https:\\\/\\\/armrelaxpad.com\\\/pl\\\/?s={search_term_string}\"},\"query-input\":{\"@type\":\"PropertyValueSpecification\",\"valueRequired\":true,\"valueName\":\"search_term_string\"}}],\"inLanguage\":\"pl-PL\"}]}<\/script>\n<!-- \/ Yoast SEO plugin. -->","yoast_head_json":{"title":"Polityka anulowania rezerwacji i formularz anulowania rezerwacji - KDL GmbH","robots":{"index":"index","follow":"follow","max-snippet":"max-snippet:-1","max-image-preview":"max-image-preview:large","max-video-preview":"max-video-preview:-1"},"canonical":"https:\/\/armrelaxpad.com\/pl\/polityka-anulowania-rezerwacji-i-formularz-anulowania-rezerwacji\/","og_locale":"pl_PL","og_type":"article","og_title":"Polityka anulowania rezerwacji i formularz anulowania rezerwacji - KDL GmbH","og_url":"https:\/\/armrelaxpad.com\/pl\/polityka-anulowania-rezerwacji-i-formularz-anulowania-rezerwacji\/","og_site_name":"KDL GmbH","article_modified_time":"2025-03-06T15:53:43+00:00","twitter_card":"summary_large_image","twitter_misc":{"Szacowany czas czytania":"2 minuty"},"schema":{"@context":"https:\/\/schema.org","@graph":[{"@type":"WebPage","@id":"https:\/\/armrelaxpad.com\/pl\/polityka-anulowania-rezerwacji-i-formularz-anulowania-rezerwacji\/","url":"https:\/\/armrelaxpad.com\/pl\/polityka-anulowania-rezerwacji-i-formularz-anulowania-rezerwacji\/","name":"Polityka anulowania rezerwacji i formularz anulowania rezerwacji - KDL GmbH","isPartOf":{"@id":"https:\/\/armrelaxpad.com\/pl\/#website"},"datePublished":"2024-09-04T09:28:10+00:00","dateModified":"2025-03-06T15:53:43+00:00","breadcrumb":{"@id":"https:\/\/armrelaxpad.com\/pl\/polityka-anulowania-rezerwacji-i-formularz-anulowania-rezerwacji\/#breadcrumb"},"inLanguage":"pl-PL","potentialAction":[{"@type":"ReadAction","target":["https:\/\/armrelaxpad.com\/pl\/polityka-anulowania-rezerwacji-i-formularz-anulowania-rezerwacji\/"]}]},{"@type":"BreadcrumbList","@id":"https:\/\/armrelaxpad.com\/pl\/polityka-anulowania-rezerwacji-i-formularz-anulowania-rezerwacji\/#breadcrumb","itemListElement":[{"@type":"ListItem","position":1,"name":"Strona g\u0142\u00f3wna","item":"https:\/\/armrelaxpad.com\/pl\/"},{"@type":"ListItem","position":2,"name":"Polityka anulowania rezerwacji i formularz anulowania rezerwacji"}]},{"@type":"WebSite","@id":"https:\/\/armrelaxpad.com\/pl\/#website","url":"https:\/\/armrelaxpad.com\/pl\/","name":"KDL GmbH","description":"","potentialAction":[{"@type":"SearchAction","target":{"@type":"EntryPoint","urlTemplate":"https:\/\/armrelaxpad.com\/pl\/?s={search_term_string}"},"query-input":{"@type":"PropertyValueSpecification","valueRequired":true,"valueName":"search_term_string"}}],"inLanguage":"pl-PL"}]}},"jetpack_sharing_enabled":true,"_links":{"self":[{"href":"https:\/\/armrelaxpad.com\/pl\/wp-json\/wp\/v2\/pages\/10346","targetHints":{"allow":["GET"]}}],"collection":[{"href":"https:\/\/armrelaxpad.com\/pl\/wp-json\/wp\/v2\/pages"}],"about":[{"href":"https:\/\/armrelaxpad.com\/pl\/wp-json\/wp\/v2\/types\/page"}],"author":[{"embeddable":true,"href":"https:\/\/armrelaxpad.com\/pl\/wp-json\/wp\/v2\/users\/1"}],"replies":[{"embeddable":true,"href":"https:\/\/armrelaxpad.com\/pl\/wp-json\/wp\/v2\/comments?post=10346"}],"version-history":[{"count":3,"href":"https:\/\/armrelaxpad.com\/pl\/wp-json\/wp\/v2\/pages\/10346\/revisions"}],"predecessor-version":[{"id":10352,"href":"https:\/\/armrelaxpad.com\/pl\/wp-json\/wp\/v2\/pages\/10346\/revisions\/10352"}],"wp:attachment":[{"href":"https:\/\/armrelaxpad.com\/pl\/wp-json\/wp\/v2\/media?parent=10346"}],"curies":[{"name":"wp","href":"https:\/\/api.w.org\/{rel}","templated":true}]}}