{"id":10349,"date":"2024-09-04T11:25:40","date_gmt":"2024-09-04T09:25:40","guid":{"rendered":"http:\/\/wordpress.p391076.webspaceconfig.de\/polityka-prywatnosci\/"},"modified":"2025-03-06T17:27:06","modified_gmt":"2025-03-06T16:27:06","slug":"polityka-prywatnosci","status":"publish","type":"page","link":"https:\/\/armrelaxpad.com\/pl\/polityka-prywatnosci\/","title":{"rendered":"Polityka prywatno\u015bci"},"content":{"rendered":"<section class=\"l-section wpb_row height_small\"><div class=\"l-section-h i-cf\"><div class=\"g-cols vc_row via_grid cols_1 laptops-cols_inherit tablets-cols_inherit mobiles-cols_1 valign_top type_default stacking_default\"><div class=\"wpb_column vc_column_container\"><div class=\"vc_column-inner\"><h2 class=\"w-text\"><span class=\"w-text-h\"><span class=\"w-text-value\">Polityka prywatno\u015bci<\/span><\/span><\/h2><div class=\"wpb_text_column\"><div class=\"wpb_wrapper\"><h2>Informacje o ochronie danych osobowych<\/h2>\n<p>O ile poni\u017cej nie podano innych informacji, podanie Twoich danych osobowych nie jest wymagane przez prawo ani umow\u0119, ani nie jest konieczne do zawarcia umowy. Nie jeste\u015b zobowi\u0105zany do podania danych. Brak podania danych nie ma \u017cadnych konsekwencji, chyba \u017ce w poni\u017cszych operacjach przetwarzania wskazano inaczej.<\/p>\n<h2>Pliki dziennika serwera<\/h2>\n<p>Mo\u017cesz odwiedza\u0107 nasze strony internetowe bez podawania danych osobowych. Podczas ka\u017cdej wizyty na naszej stronie internetowej dane u\u017cytkowania s\u0105 przesy\u0142ane przez Twoj\u0105 przegl\u0105dark\u0119 internetow\u0105 i zapisywane w plikach dziennika serwera (logach serwera). Do tych danych nale\u017c\u0105 np. nazwa wywo\u0142anej strony, data i godzina wywo\u0142ania, ilo\u015b\u0107 przes\u0142anych danych oraz dostawca \u017c\u0105dania. Dane te s\u0142u\u017c\u0105 wy\u0142\u0105cznie zapewnieniu bezb\u0142\u0119dnego dzia\u0142ania naszej strony internetowej oraz poprawie naszej oferty. Nie jest mo\u017cliwe przypisanie tych danych do konkretnej osoby.<\/p>\n<h2>Zbieranie i przetwarzanie danych podczas korzystania z formularza kontaktowego<\/h2>\n<p>Podczas korzystania z formularza kontaktowego zbieramy Twoje dane osobowe (imi\u0119, adres e-mail, tre\u015b\u0107 wiadomo\u015bci) tylko w zakresie, w jakim je nam udost\u0119pni\u0142e\u015b. Przetwarzanie danych s\u0142u\u017cy celowi nawi\u0105zania kontaktu. Wysy\u0142aj\u0105c swoj\u0105 wiadomo\u015b\u0107, wyra\u017casz zgod\u0119 na przetwarzanie przekazanych danych. Przetwarzanie odbywa si\u0119 na podstawie art. 6 ust. 1 lit. a RODO za Twoj\u0105 zgod\u0105.<\/p>\n<h2>Zbieranie, przetwarzanie i wykorzystywanie danych osobowych podczas sk\u0142adania zam\u00f3wienia<\/h2>\n<p>Podczas sk\u0142adania zam\u00f3wienia zbieramy i wykorzystujemy Twoje dane osobowe tylko w zakresie niezb\u0119dnym do realizacji zam\u00f3wienia oraz przetwarzania Twoich zapyta\u0144. Podanie danych jest niezb\u0119dne do zawarcia umowy. Brak ich podania skutkuje niemo\u017cno\u015bci\u0105 zawarcia umowy.<\/p>\n<h2>Cookies<\/h2>\n<p>Nasza strona internetowa u\u017cywa plik\u00f3w cookie. Pliki cookie to ma\u0142e pliki tekstowe zapisywane przez przegl\u0105dark\u0119 internetow\u0105 na komputerze u\u017cytkownika. S\u0142u\u017c\u0105 one poprawie funkcjonalno\u015bci strony oraz analizie zachowania u\u017cytkownik\u00f3w.<\/p>\n<h2>Google Analytics<\/h2>\n<p>Na naszej stronie korzystamy z us\u0142ugi Google Analytics w celu analizy ruchu na stronie. Google Analytics wykorzystuje pliki cookie, kt\u00f3re umo\u017cliwiaj\u0105 analiz\u0119 korzystania z witryny przez u\u017cytkownik\u00f3w. Informacje generowane przez pliki cookie s\u0105 zazwyczaj przesy\u0142ane na serwery Google w USA i tam przechowywane. Przetwarzanie danych odbywa si\u0119 na podstawie art. 6 ust. 1 lit. f RODO z uzasadnionego interesu w optymalizacji naszej strony internetowej.<\/p>\n<h2>Prawa osoby, kt\u00f3rej dane dotycz\u0105<\/h2>\n<p>Masz prawo do dost\u0119pu do swoich danych, ich sprostowania, usuni\u0119cia, ograniczenia przetwarzania oraz przenoszenia danych. Masz r\u00f3wnie\u017c prawo sprzeciwi\u0107 si\u0119 przetwarzaniu danych w oparciu o art. 6 ust. 1 lit. f RODO oraz przetwarzaniu na potrzeby marketingu bezpo\u015bredniego.<\/p>\n<h2>Kontakt i skargi<\/h2>\n<p>Je\u015bli masz pytania dotycz\u0105ce ochrony danych osobowych, mo\u017cesz skontaktowa\u0107 si\u0119 z nami za pomoc\u0105 danych podanych w naszym impressum. Masz r\u00f3wnie\u017c prawo z\u0142o\u017cy\u0107 skarg\u0119 do organu nadzorczego zgodnie z art. 77 RODO, je\u015bli uwa\u017casz, \u017ce przetwarzanie Twoich danych osobowych jest niezgodne z prawem.<\/p>\n<h2 class=\"n\">Analiza witryny za pomoc\u0105 Google Analytics<\/h2>\n<p class=\"n\">Ta witryna korzysta z Google Analytics 4, us\u0142ugi analizy internetowej Google LLC, po uzyskaniu zgody u\u017cytkownika. Podmioty odpowiedzialne to Google Ireland Limited, Google Building Gordon House, 4 Barrow St, Dublin, D04 E5W5, Irlandia, dla u\u017cytkownik\u00f3w z UE\/EOG i Szwajcarii. Google Analytics 4 domy\u015blnie stosuje anonimizacj\u0119 IP, co oznacza, \u017ce Tw\u00f3j adres IP jest natychmiast skracany po interakcji z t\u0105 witryn\u0105. Tylko w rzadkich przypadkach pe\u0142ny adres IP jest przesy\u0142any na serwer Google w USA i tam skracany. Google zapewnia, \u017ce adres IP przekazywany przez Google Analytics nigdy nie jest \u0142\u0105czony z innymi danymi Google. Google Analytics 4 jest aktywowane tylko za Twoj\u0105 zgod\u0105 za pomoc\u0105 banera plik\u00f3w cookie i mo\u017ce zosta\u0107 w ka\u017cdej chwili dezaktywowane w ustawieniach plik\u00f3w cookie.<\/p>\n<p>Przetwarzane dane obejmuj\u0105: dane dotycz\u0105ce u\u017cytkowania, takie jak wy\u015bwietlenia stron, interakcja z witryn\u0105, og\u00f3lna lokalizacja i czas odwiedzin; oraz dane komunikacyjne, takie jak skr\u00f3cone adresy IP, User-Agent, ustawienia j\u0119zykowe i rozdzielczo\u015b\u0107 ekranu. Celem tego przetwarzania danych jest umo\u017cliwienie Google analizy korzystania z Twojej witryny, tworzenie raport\u00f3w o aktywno\u015bci i analiza wydajno\u015bci witryny. Przetwarzanie to jest legalne na podstawie Twojej zgody zgodnie z art. 6 ust. 1 zd. 1 lit. a RODO oraz \u00a7 25 ust. 1 zd. 1 TDDDG.<\/p>\n<p>Google Ireland Limited, Google LLC i Alphabet Inc s\u0105 odbiorcami tych danych. Informacje o korzystaniu z Twojej witryny s\u0105 zwykle przesy\u0142ane na serwer Google w USA, co jest uzasadnione decyzj\u0105 Komisji Europejskiej z 10 lipca 2023 r., uznaj\u0105c\u0105 certyfikacj\u0119 Google LLC w ramach Tarczy Prywatno\u015bci UE-USA. W odniesieniu do przechowywania danych, wszelkie dane powi\u0105zane z plikami cookie s\u0105 automatycznie usuwane po okre\u015blonym czasie, co miesi\u0105c dla danych, kt\u00f3re osi\u0105gn\u0119\u0142y sw\u00f3j okres przechowywania, oraz maksymalnie 2 lata dla plik\u00f3w cookie Google Analytics.<\/p>\n<p>Aby uzyska\u0107 wi\u0119cej informacji na temat warunk\u00f3w korzystania z Google Analytics i polityki prywatno\u015bci Google, odwied\u017a {link}https:\/\/policies.google.com\/{link-ende} oraz {link}https:\/\/support.google.com\/analytics\/answer\/12017362{link-ende}.<\/p>\n<p>Google Analytics u\u017cywa tzw. &#8222;plik\u00f3w cookie&#8221;, plik\u00f3w tekstowych przechowywanych na komputerze odwiedzaj\u0105cego stron\u0119, kt\u00f3re umo\u017cliwiaj\u0105 analiz\u0119 korzystania z witryny przez u\u017cytkownika. Informacje generowane przez plik cookie na temat korzystania z tej witryny (w tym skr\u00f3cony adres IP) s\u0105 zazwyczaj przesy\u0142ane na serwer Google i tam przechowywane.<\/p>\n<p>Google Analytics jest u\u017cywane na tej stronie wy\u0142\u0105cznie z rozszerzeniem &#8222;_anonymizeIp()&#8221;. To rozszerzenie zapewnia anonimizacj\u0119 adresu IP poprzez jego skr\u00f3cenie, eliminuj\u0105c mo\u017cliwo\u015b\u0107 bezpo\u015bredniego powi\u0105zania z osob\u0105. Adres IP jest skracany przez Google w pa\u0144stwach cz\u0142onkowskich Unii Europejskiej lub innych pa\u0144stwach-stronach umowy o Europejskim Obszarze Gospodarczym. Tylko w wyj\u0105tkowych przypadkach pe\u0142ny adres IP jest przesy\u0142any na serwer Google w USA i tam skracany. Adres IP przekazany w ramach Google Analytics przez dany przegl\u0105dark\u0119 nie jest \u0142\u0105czony z innymi danymi Google.<\/p>\n<p>Na zlecenie operatora witryny Google wykorzysta zgromadzone informacje do analizy korzystania z witryny, tworzenia raport\u00f3w o aktywno\u015bci w witrynie oraz \u015bwiadczenia innych us\u0142ug zwi\u0105zanych z korzystaniem z witryny i internetu (art. 6 ust. 1 lit. f RODO). Uzasadniony interes w przetwarzaniu danych polega na optymalizacji tej witryny, analizie jej u\u017cytkowania oraz dostosowaniu tre\u015bci. Interesy u\u017cytkownik\u00f3w s\u0105 odpowiednio chronione przez pseudonimizacj\u0119.<\/p>\n<p>Google LLC jest certyfikowane w ramach programu Privacy Shield (lista certyfikowanych firm <a href=\"https:\/\/www.privacyshield.gov\/participant?id=a2zt000000001L5AAI\" target=\"_blank\" rel=\"noopener\">tutaj<\/a>), co zapewnia odpowiedni poziom ochrony danych. Dane przesy\u0142ane i powi\u0105zane z plikami cookie, identyfikatorami u\u017cytkownika (np. User-ID) lub identyfikatorami reklamowymi s\u0105 automatycznie usuwane po 50 miesi\u0105cach. Dane, kt\u00f3rych okres przechowywania zosta\u0142 osi\u0105gni\u0119ty, s\u0105 usuwane automatycznie raz w miesi\u0105cu.<\/p>\n<p>Gromadzenie danych przez Google Analytics mo\u017cna zablokowa\u0107 poprzez dostosowanie ustawie\u0144 plik\u00f3w cookie na tej stronie. Ponadto, mo\u017cna w ka\u017cdej chwili sprzeciwi\u0107 si\u0119 przechowywaniu adresu IP i danych generowanych przez pliki cookie, instaluj\u0105c odpowiedni\u0105 wtyczk\u0119 do przegl\u0105darki: <a href=\"http:\/\/tools.google.com\/dlpage\/gaoptout\" target=\"_blank\" rel=\"noopener\">https:\/\/tools.google.com\/dlpage\/gaoptout<\/a>.<\/p>\n<p><span class=\"jtpl-ga-opt-out-text\">Odwiedzaj\u0105cy stron\u0119 mog\u0105 zablokowa\u0107 gromadzenie danych przez Google Analytics na tej witrynie, klikaj\u0105c poni\u017cszy <a class=\"ga-opt-out-link\">link<\/a>. Zostanie ustawiony plik cookie opt-out, kt\u00f3ry uniemo\u017cliwi przysz\u0142e zbieranie danych podczas odwiedzin tej witryny.<\/span><\/p>\n<p>Wi\u0119cej informacji na temat wykorzystania danych przez Google oraz ustawie\u0144 prywatno\u015bci mo\u017cna znale\u017a\u0107 w polityce prywatno\u015bci Google (<a href=\"https:\/\/policies.google.com\/privacy\" target=\"_blank\" rel=\"noopener\">https:\/\/policies.google.com\/privacy<\/a>) oraz w ustawieniach reklam Google (<a href=\"https:\/\/adssettings.google.com\/authenticated\" target=\"_blank\" rel=\"noopener\">https:\/\/adssettings.google.com\/authenticated<\/a>).<\/p>\n<p>\u00a0<\/p>\n<h2 class=\"n\">Ochrona przed spamem z Google reCAPTCHA<\/h2>\n<p class=\"n\">W formularzach na naszej stronie zaimplementowali\u015bmy Google reCAPTCHA, aby sprawdzi\u0107, czy dane wpisane w formularzu pochodz\u0105 od ludzkiego u\u017cytkownika, czy od zautomatyzowanych program\u00f3w, tzw. &#8222;bot\u00f3w&#8221;. To narz\u0119dzie automatycznie analizuje zachowanie u\u017cytkownik\u00f3w strony po interakcji, wykorzystuj\u0105c r\u00f3\u017cne informacje, takie jak adres IP, czas pobytu i ruchy myszy. Przetwarzane dane obejmuj\u0105 dane o u\u017cytkowaniu, takie jak odwiedzana strona, data i godzina dost\u0119pu oraz ruchy myszy, a tak\u017ce dane komunikacyjne, takie jak adresy IP, typ przegl\u0105darki i system operacyjny. Celem tej analizy jest ochrona naszego formularza kontaktowego przed nadu\u017cyciami oraz zwi\u0119kszenie bezpiecze\u0144stwa. Podstaw\u0105 prawn\u0105 jest nasz uzasadniony interes zgodnie z art. 6 ust. 1 zd. 1 lit. f RODO. Odbiorcami danych s\u0105 Google Ireland Ltd, z siedzib\u0105 w Google Building Gordon House, Barrow St, Dublin 4, Irlandia (https:\/\/policies.google.com\/privacy) oraz nasz dostawca us\u0142ug hostingowych. Dane osobowe s\u0105 przetwarzane w UE, a okres przechowywania danych okre\u015bla Google Ireland Limited. Wi\u0119cej informacji znajduje si\u0119 w polityce prywatno\u015bci Google reCAPTCHA: <a href=\"https:\/\/policies.google.com\/privacy?hl=pl\" target=\"_blank\" rel=\"noopener\">https:\/\/policies.google.com\/privacy<\/a><\/p>\n<\/div><\/div><\/div><\/div><\/div><\/div><\/section>\n","protected":false},"excerpt":{"rendered":"Polityka prywatno\u015bciInformacje o ochronie danych osobowych O ile poni\u017cej nie podano innych informacji, podanie Twoich danych osobowych nie jest wymagane przez prawo ani umow\u0119, ani nie jest konieczne do zawarcia umowy. Nie jeste\u015b zobowi\u0105zany do podania danych. Brak podania danych nie ma \u017cadnych konsekwencji, chyba \u017ce w poni\u017cszych operacjach przetwarzania wskazano inaczej. Pliki dziennika serwera...","protected":false},"author":1,"featured_media":0,"parent":0,"menu_order":998,"comment_status":"closed","ping_status":"closed","template":"","meta":{"footnotes":""},"class_list":["post-10349","page","type-page","status-publish","hentry"],"yoast_head":"<!-- This site is optimized with the Yoast SEO plugin v27.4 - https:\/\/yoast.com\/product\/yoast-seo-wordpress\/ -->\n<title>Polityka prywatno\u015bci - KDL GmbH<\/title>\n<meta name=\"robots\" content=\"index, follow, max-snippet:-1, max-image-preview:large, max-video-preview:-1\" \/>\n<link rel=\"canonical\" href=\"https:\/\/armrelaxpad.com\/pl\/polityka-prywatnosci\/\" \/>\n<meta property=\"og:locale\" content=\"pl_PL\" \/>\n<meta property=\"og:type\" content=\"article\" \/>\n<meta property=\"og:title\" content=\"Polityka prywatno\u015bci - KDL GmbH\" \/>\n<meta property=\"og:url\" content=\"https:\/\/armrelaxpad.com\/pl\/polityka-prywatnosci\/\" \/>\n<meta property=\"og:site_name\" content=\"KDL GmbH\" \/>\n<meta property=\"article:modified_time\" content=\"2025-03-06T16:27:06+00:00\" \/>\n<meta name=\"twitter:card\" content=\"summary_large_image\" \/>\n<meta name=\"twitter:label1\" content=\"Szacowany czas czytania\" \/>\n\t<meta name=\"twitter:data1\" content=\"7 minut\" \/>\n<script type=\"application\/ld+json\" class=\"yoast-schema-graph\">{\"@context\":\"https:\\\/\\\/schema.org\",\"@graph\":[{\"@type\":\"WebPage\",\"@id\":\"https:\\\/\\\/armrelaxpad.com\\\/pl\\\/polityka-prywatnosci\\\/\",\"url\":\"https:\\\/\\\/armrelaxpad.com\\\/pl\\\/polityka-prywatnosci\\\/\",\"name\":\"Polityka prywatno\u015bci - KDL GmbH\",\"isPartOf\":{\"@id\":\"https:\\\/\\\/armrelaxpad.com\\\/pl\\\/#website\"},\"datePublished\":\"2024-09-04T09:25:40+00:00\",\"dateModified\":\"2025-03-06T16:27:06+00:00\",\"breadcrumb\":{\"@id\":\"https:\\\/\\\/armrelaxpad.com\\\/pl\\\/polityka-prywatnosci\\\/#breadcrumb\"},\"inLanguage\":\"pl-PL\",\"potentialAction\":[{\"@type\":\"ReadAction\",\"target\":[\"https:\\\/\\\/armrelaxpad.com\\\/pl\\\/polityka-prywatnosci\\\/\"]}]},{\"@type\":\"BreadcrumbList\",\"@id\":\"https:\\\/\\\/armrelaxpad.com\\\/pl\\\/polityka-prywatnosci\\\/#breadcrumb\",\"itemListElement\":[{\"@type\":\"ListItem\",\"position\":1,\"name\":\"Strona g\u0142\u00f3wna\",\"item\":\"https:\\\/\\\/armrelaxpad.com\\\/pl\\\/\"},{\"@type\":\"ListItem\",\"position\":2,\"name\":\"Polityka prywatno\u015bci\"}]},{\"@type\":\"WebSite\",\"@id\":\"https:\\\/\\\/armrelaxpad.com\\\/pl\\\/#website\",\"url\":\"https:\\\/\\\/armrelaxpad.com\\\/pl\\\/\",\"name\":\"KDL GmbH\",\"description\":\"\",\"potentialAction\":[{\"@type\":\"SearchAction\",\"target\":{\"@type\":\"EntryPoint\",\"urlTemplate\":\"https:\\\/\\\/armrelaxpad.com\\\/pl\\\/?s={search_term_string}\"},\"query-input\":{\"@type\":\"PropertyValueSpecification\",\"valueRequired\":true,\"valueName\":\"search_term_string\"}}],\"inLanguage\":\"pl-PL\"}]}<\/script>\n<!-- \/ Yoast SEO plugin. -->","yoast_head_json":{"title":"Polityka prywatno\u015bci - KDL GmbH","robots":{"index":"index","follow":"follow","max-snippet":"max-snippet:-1","max-image-preview":"max-image-preview:large","max-video-preview":"max-video-preview:-1"},"canonical":"https:\/\/armrelaxpad.com\/pl\/polityka-prywatnosci\/","og_locale":"pl_PL","og_type":"article","og_title":"Polityka prywatno\u015bci - KDL GmbH","og_url":"https:\/\/armrelaxpad.com\/pl\/polityka-prywatnosci\/","og_site_name":"KDL GmbH","article_modified_time":"2025-03-06T16:27:06+00:00","twitter_card":"summary_large_image","twitter_misc":{"Szacowany czas czytania":"7 minut"},"schema":{"@context":"https:\/\/schema.org","@graph":[{"@type":"WebPage","@id":"https:\/\/armrelaxpad.com\/pl\/polityka-prywatnosci\/","url":"https:\/\/armrelaxpad.com\/pl\/polityka-prywatnosci\/","name":"Polityka prywatno\u015bci - KDL GmbH","isPartOf":{"@id":"https:\/\/armrelaxpad.com\/pl\/#website"},"datePublished":"2024-09-04T09:25:40+00:00","dateModified":"2025-03-06T16:27:06+00:00","breadcrumb":{"@id":"https:\/\/armrelaxpad.com\/pl\/polityka-prywatnosci\/#breadcrumb"},"inLanguage":"pl-PL","potentialAction":[{"@type":"ReadAction","target":["https:\/\/armrelaxpad.com\/pl\/polityka-prywatnosci\/"]}]},{"@type":"BreadcrumbList","@id":"https:\/\/armrelaxpad.com\/pl\/polityka-prywatnosci\/#breadcrumb","itemListElement":[{"@type":"ListItem","position":1,"name":"Strona g\u0142\u00f3wna","item":"https:\/\/armrelaxpad.com\/pl\/"},{"@type":"ListItem","position":2,"name":"Polityka prywatno\u015bci"}]},{"@type":"WebSite","@id":"https:\/\/armrelaxpad.com\/pl\/#website","url":"https:\/\/armrelaxpad.com\/pl\/","name":"KDL GmbH","description":"","potentialAction":[{"@type":"SearchAction","target":{"@type":"EntryPoint","urlTemplate":"https:\/\/armrelaxpad.com\/pl\/?s={search_term_string}"},"query-input":{"@type":"PropertyValueSpecification","valueRequired":true,"valueName":"search_term_string"}}],"inLanguage":"pl-PL"}]}},"jetpack_sharing_enabled":true,"_links":{"self":[{"href":"https:\/\/armrelaxpad.com\/pl\/wp-json\/wp\/v2\/pages\/10349","targetHints":{"allow":["GET"]}}],"collection":[{"href":"https:\/\/armrelaxpad.com\/pl\/wp-json\/wp\/v2\/pages"}],"about":[{"href":"https:\/\/armrelaxpad.com\/pl\/wp-json\/wp\/v2\/types\/page"}],"author":[{"embeddable":true,"href":"https:\/\/armrelaxpad.com\/pl\/wp-json\/wp\/v2\/users\/1"}],"replies":[{"embeddable":true,"href":"https:\/\/armrelaxpad.com\/pl\/wp-json\/wp\/v2\/comments?post=10349"}],"version-history":[{"count":4,"href":"https:\/\/armrelaxpad.com\/pl\/wp-json\/wp\/v2\/pages\/10349\/revisions"}],"predecessor-version":[{"id":10355,"href":"https:\/\/armrelaxpad.com\/pl\/wp-json\/wp\/v2\/pages\/10349\/revisions\/10355"}],"wp:attachment":[{"href":"https:\/\/armrelaxpad.com\/pl\/wp-json\/wp\/v2\/media?parent=10349"}],"curies":[{"name":"wp","href":"https:\/\/api.w.org\/{rel}","templated":true}]}}