{"id":9096,"date":"2016-10-07T16:23:23","date_gmt":"2016-10-07T14:23:23","guid":{"rendered":"http:\/\/wordpress.p391076.webspaceconfig.de\/moje-konto-2\/"},"modified":"2024-10-08T09:54:29","modified_gmt":"2024-10-08T07:54:29","slug":"moje-konto-2","status":"publish","type":"page","link":"https:\/\/armrelaxpad.com\/pl\/moje-konto-2\/","title":{"rendered":"Moje konto"},"content":{"rendered":"<section class=\"l-section wpb_row height_small\"><div class=\"l-section-h i-cf\"><div class=\"g-cols vc_row via_grid cols_1 laptops-cols_inherit tablets-cols_inherit mobiles-cols_1 valign_top type_default stacking_default\"><div class=\"wpb_column vc_column_container\"><div class=\"vc_column-inner\"><h1 class=\"w-post-elm post_title align_center entry-title color_link_inherit\">Moje konto<\/h1><div class=\"w-separator size_medium\"><\/div>\t<div class=\"w-account-login woocommerce style_default us-field-style_1\">\r\n\t\t<div class=\"woocommerce-notices-wrapper\"><\/div>\n\n\t\t<h2>Logowanie<\/h2>\n\n\t\t<form class=\"woocommerce-form woocommerce-form-login login\" method=\"post\" novalidate>\n\n\t\t\t\n\t\t\t<p class=\"woocommerce-form-row woocommerce-form-row--wide form-row form-row-wide\">\n\t\t\t\t<label for=\"username\">Nazwa u\u017cytkownika lub adres e-mail&nbsp;<span class=\"required\" aria-hidden=\"true\">*<\/span><span class=\"screen-reader-text\">Wymagane<\/span><\/label>\n\t\t\t\t<input type=\"text\" class=\"woocommerce-Input woocommerce-Input--text input-text\" name=\"username\" id=\"username\" autocomplete=\"username\" value=\"\" required aria-required=\"true\" \/>\t\t\t<\/p>\n\t\t\t<p class=\"woocommerce-form-row woocommerce-form-row--wide form-row form-row-wide\">\n\t\t\t\t<label for=\"password\">Has\u0142o&nbsp;<span class=\"required\" aria-hidden=\"true\">*<\/span><span class=\"screen-reader-text\">Wymagane<\/span><\/label>\n\t\t\t\t<input class=\"woocommerce-Input woocommerce-Input--text input-text\" type=\"password\" name=\"password\" id=\"password\" autocomplete=\"current-password\" required aria-required=\"true\" \/>\n\t\t\t<\/p>\n\n\t\t\t<input type=\"hidden\" name=\"rememberme\" value=\"forever\">\n\t\t\t<p class=\"form-row\">\n\t\t\t\t<label class=\"woocommerce-form__label woocommerce-form__label-for-checkbox woocommerce-form-login__rememberme\">\n\t\t\t\t\t<input class=\"woocommerce-form__input woocommerce-form__input-checkbox\" name=\"rememberme\" type=\"checkbox\" id=\"rememberme\" value=\"forever\" \/> <span>Zapami\u0119taj mnie<\/span>\n\t\t\t\t<\/label>\n\t\t\t\t<input type=\"hidden\" id=\"woocommerce-login-nonce\" name=\"woocommerce-login-nonce\" value=\"8f203d2ea4\" \/><input type=\"hidden\" name=\"_wp_http_referer\" value=\"\/pl\/wp-json\/wp\/v2\/pages\/9096\" \/>\t\t\t\t<button type=\"submit\" class=\"woocommerce-button button woocommerce-form-login__submit\" name=\"login\" value=\"Zaloguj si\u0119\">Zaloguj si\u0119<\/button>\n\t\t\t<\/p>\n\t\t\t<p class=\"woocommerce-LostPassword lost_password\">\n\t\t\t\t<a href=\"https:\/\/armrelaxpad.com\/pl\/moje-konto-2\/lost-password\/\">Nie pami\u0119tasz has\u0142a?<\/a>\n\t\t\t<\/p>\n\n\t\t\t\n\t\t<\/form>\n\n\n\t<\/div>\r\n\t<div class=\"g-cols wpb_row via_grid cols_1-3 laptops-cols_inherit tablets-cols_inherit mobiles-cols_1 valign_top type_default stacking_default\" style=\"--columns-gap:3rem;\"><div class=\"wpb_column vc_column_container\"><div class=\"vc_column-inner\"><\/div><\/div><div class=\"wpb_column vc_column_container\"><div class=\"vc_column-inner\"><\/div><\/div><\/div><\/div><\/div><\/div><\/div><\/section>\n","protected":false},"excerpt":{"rendered":"Moje konto Logowanie Nazwa u\u017cytkownika lub adres e-mail&nbsp;*Wymagane Has\u0142o&nbsp;*Wymagane Zapami\u0119taj mnie Zaloguj si\u0119 Nie pami\u0119tasz has\u0142a?","protected":false},"author":1,"featured_media":0,"parent":0,"menu_order":899,"comment_status":"closed","ping_status":"closed","template":"","meta":{"footnotes":""},"class_list":["post-9096","page","type-page","status-publish","hentry"],"yoast_head":"<!-- This site is optimized with the Yoast SEO plugin v27.4 - https:\/\/yoast.com\/product\/yoast-seo-wordpress\/ -->\n<title>Moje konto<\/title>\n<meta name=\"description\" content=\"Zaloguj si\u0119 \u0142atwo do Kr\u00fcgers Armlehne \u00bb Wa\u017cne informacje w skr\u00f3cie\u2713 Szybki dost\u0119p\u2713 Zarejestruj si\u0119 teraz i skorzystaj ze wszystkich zalet!\" \/>\n<meta name=\"robots\" content=\"index, follow, max-snippet:-1, max-image-preview:large, max-video-preview:-1\" \/>\n<link rel=\"canonical\" href=\"https:\/\/armrelaxpad.com\/pl\/moje-konto-2\/\" \/>\n<meta property=\"og:locale\" content=\"pl_PL\" \/>\n<meta property=\"og:type\" content=\"article\" \/>\n<meta property=\"og:title\" content=\"Moje konto\" \/>\n<meta property=\"og:description\" content=\"Zaloguj si\u0119 \u0142atwo do Kr\u00fcgers Armlehne \u00bb Wa\u017cne informacje w skr\u00f3cie\u2713 Szybki dost\u0119p\u2713 Zarejestruj si\u0119 teraz i skorzystaj ze wszystkich zalet!\" \/>\n<meta property=\"og:url\" content=\"https:\/\/armrelaxpad.com\/pl\/moje-konto-2\/\" \/>\n<meta property=\"og:site_name\" content=\"KDL GmbH\" \/>\n<meta property=\"article:modified_time\" content=\"2024-10-08T07:54:29+00:00\" \/>\n<meta name=\"twitter:card\" content=\"summary_large_image\" \/>\n<meta name=\"twitter:label1\" content=\"Szacowany czas czytania\" \/>\n\t<meta name=\"twitter:data1\" content=\"1 minuta\" \/>\n<script type=\"application\/ld+json\" class=\"yoast-schema-graph\">{\"@context\":\"https:\\\/\\\/schema.org\",\"@graph\":[{\"@type\":\"WebPage\",\"@id\":\"https:\\\/\\\/armrelaxpad.com\\\/pl\\\/moje-konto-2\\\/\",\"url\":\"https:\\\/\\\/armrelaxpad.com\\\/pl\\\/moje-konto-2\\\/\",\"name\":\"Moje konto\",\"isPartOf\":{\"@id\":\"https:\\\/\\\/armrelaxpad.com\\\/pl\\\/#website\"},\"datePublished\":\"2016-10-07T14:23:23+00:00\",\"dateModified\":\"2024-10-08T07:54:29+00:00\",\"description\":\"Zaloguj si\u0119 \u0142atwo do Kr\u00fcgers Armlehne \u00bb Wa\u017cne informacje w skr\u00f3cie\u2713 Szybki dost\u0119p\u2713 Zarejestruj si\u0119 teraz i skorzystaj ze wszystkich zalet!\",\"breadcrumb\":{\"@id\":\"https:\\\/\\\/armrelaxpad.com\\\/pl\\\/moje-konto-2\\\/#breadcrumb\"},\"inLanguage\":\"pl-PL\",\"potentialAction\":[{\"@type\":\"ReadAction\",\"target\":[\"https:\\\/\\\/armrelaxpad.com\\\/pl\\\/moje-konto-2\\\/\"]}]},{\"@type\":\"BreadcrumbList\",\"@id\":\"https:\\\/\\\/armrelaxpad.com\\\/pl\\\/moje-konto-2\\\/#breadcrumb\",\"itemListElement\":[{\"@type\":\"ListItem\",\"position\":1,\"name\":\"Strona g\u0142\u00f3wna\",\"item\":\"https:\\\/\\\/armrelaxpad.com\\\/pl\\\/\"},{\"@type\":\"ListItem\",\"position\":2,\"name\":\"Moje konto\"}]},{\"@type\":\"WebSite\",\"@id\":\"https:\\\/\\\/armrelaxpad.com\\\/pl\\\/#website\",\"url\":\"https:\\\/\\\/armrelaxpad.com\\\/pl\\\/\",\"name\":\"KDL GmbH\",\"description\":\"\",\"potentialAction\":[{\"@type\":\"SearchAction\",\"target\":{\"@type\":\"EntryPoint\",\"urlTemplate\":\"https:\\\/\\\/armrelaxpad.com\\\/pl\\\/?s={search_term_string}\"},\"query-input\":{\"@type\":\"PropertyValueSpecification\",\"valueRequired\":true,\"valueName\":\"search_term_string\"}}],\"inLanguage\":\"pl-PL\"}]}<\/script>\n<!-- \/ Yoast SEO plugin. -->","yoast_head_json":{"title":"Moje konto","description":"Zaloguj si\u0119 \u0142atwo do Kr\u00fcgers Armlehne \u00bb Wa\u017cne informacje w skr\u00f3cie\u2713 Szybki dost\u0119p\u2713 Zarejestruj si\u0119 teraz i skorzystaj ze wszystkich zalet!","robots":{"index":"index","follow":"follow","max-snippet":"max-snippet:-1","max-image-preview":"max-image-preview:large","max-video-preview":"max-video-preview:-1"},"canonical":"https:\/\/armrelaxpad.com\/pl\/moje-konto-2\/","og_locale":"pl_PL","og_type":"article","og_title":"Moje konto","og_description":"Zaloguj si\u0119 \u0142atwo do Kr\u00fcgers Armlehne \u00bb Wa\u017cne informacje w skr\u00f3cie\u2713 Szybki dost\u0119p\u2713 Zarejestruj si\u0119 teraz i skorzystaj ze wszystkich zalet!","og_url":"https:\/\/armrelaxpad.com\/pl\/moje-konto-2\/","og_site_name":"KDL GmbH","article_modified_time":"2024-10-08T07:54:29+00:00","twitter_card":"summary_large_image","twitter_misc":{"Szacowany czas czytania":"1 minuta"},"schema":{"@context":"https:\/\/schema.org","@graph":[{"@type":"WebPage","@id":"https:\/\/armrelaxpad.com\/pl\/moje-konto-2\/","url":"https:\/\/armrelaxpad.com\/pl\/moje-konto-2\/","name":"Moje konto","isPartOf":{"@id":"https:\/\/armrelaxpad.com\/pl\/#website"},"datePublished":"2016-10-07T14:23:23+00:00","dateModified":"2024-10-08T07:54:29+00:00","description":"Zaloguj si\u0119 \u0142atwo do Kr\u00fcgers Armlehne \u00bb Wa\u017cne informacje w skr\u00f3cie\u2713 Szybki dost\u0119p\u2713 Zarejestruj si\u0119 teraz i skorzystaj ze wszystkich zalet!","breadcrumb":{"@id":"https:\/\/armrelaxpad.com\/pl\/moje-konto-2\/#breadcrumb"},"inLanguage":"pl-PL","potentialAction":[{"@type":"ReadAction","target":["https:\/\/armrelaxpad.com\/pl\/moje-konto-2\/"]}]},{"@type":"BreadcrumbList","@id":"https:\/\/armrelaxpad.com\/pl\/moje-konto-2\/#breadcrumb","itemListElement":[{"@type":"ListItem","position":1,"name":"Strona g\u0142\u00f3wna","item":"https:\/\/armrelaxpad.com\/pl\/"},{"@type":"ListItem","position":2,"name":"Moje konto"}]},{"@type":"WebSite","@id":"https:\/\/armrelaxpad.com\/pl\/#website","url":"https:\/\/armrelaxpad.com\/pl\/","name":"KDL GmbH","description":"","potentialAction":[{"@type":"SearchAction","target":{"@type":"EntryPoint","urlTemplate":"https:\/\/armrelaxpad.com\/pl\/?s={search_term_string}"},"query-input":{"@type":"PropertyValueSpecification","valueRequired":true,"valueName":"search_term_string"}}],"inLanguage":"pl-PL"}]}},"jetpack_sharing_enabled":true,"_links":{"self":[{"href":"https:\/\/armrelaxpad.com\/pl\/wp-json\/wp\/v2\/pages\/9096","targetHints":{"allow":["GET"]}}],"collection":[{"href":"https:\/\/armrelaxpad.com\/pl\/wp-json\/wp\/v2\/pages"}],"about":[{"href":"https:\/\/armrelaxpad.com\/pl\/wp-json\/wp\/v2\/types\/page"}],"author":[{"embeddable":true,"href":"https:\/\/armrelaxpad.com\/pl\/wp-json\/wp\/v2\/users\/1"}],"replies":[{"embeddable":true,"href":"https:\/\/armrelaxpad.com\/pl\/wp-json\/wp\/v2\/comments?post=9096"}],"version-history":[{"count":13,"href":"https:\/\/armrelaxpad.com\/pl\/wp-json\/wp\/v2\/pages\/9096\/revisions"}],"predecessor-version":[{"id":9411,"href":"https:\/\/armrelaxpad.com\/pl\/wp-json\/wp\/v2\/pages\/9096\/revisions\/9411"}],"wp:attachment":[{"href":"https:\/\/armrelaxpad.com\/pl\/wp-json\/wp\/v2\/media?parent=9096"}],"curies":[{"name":"wp","href":"https:\/\/api.w.org\/{rel}","templated":true}]}}