{"id":9259,"date":"2024-09-02T08:22:01","date_gmt":"2024-09-02T06:22:01","guid":{"rendered":"http:\/\/wordpress.p391076.webspaceconfig.de\/od-pomyslu-do-produktu\/"},"modified":"2025-04-11T11:14:53","modified_gmt":"2025-04-11T09:14:53","slug":"od-pomyslu-do-produktu","status":"publish","type":"page","link":"https:\/\/armrelaxpad.com\/pl\/od-pomyslu-do-produktu\/","title":{"rendered":"Od pomys\u0142u do produktu"},"content":{"rendered":"<section class=\"l-section wpb_row height_small\"><div class=\"l-section-h i-cf\"><div class=\"g-cols vc_row via_grid cols_1 laptops-cols_inherit tablets-cols_inherit mobiles-cols_1 valign_top type_default stacking_default\"><div class=\"wpb_column vc_column_container\"><div class=\"vc_column-inner\">\n\t\t\t<!-- START Slider 1 1 REVOLUTION SLIDER 6.7.31 --><p class=\"rs-p-wp-fix\"><\/p>\n\t\t\t<rs-module-wrap id=\"rev_slider_3_1_wrapper\" data-source=\"gallery\" style=\"visibility:hidden;background:transparent;padding:0;margin:0px auto;margin-top:0;margin-bottom:0;\">\n\t\t\t\t<rs-module id=\"rev_slider_3_1\" style=\"\" data-version=\"6.7.31\">\n\t\t\t\t\t<rs-slides style=\"overflow: hidden; position: absolute;\">\n\t\t\t\t\t\t<rs-slide style=\"position: absolute;\" data-key=\"rs-14\" data-title=\"PL -1\" data-in=\"o:0;\" data-out=\"a:false;\">\n\t\t\t\t\t\t\t<img decoding=\"async\" src=\"\/\/armrelaxpad.com\/wp-content\/plugins\/revslider\/sr6\/assets\/assets\/dummy.png\" alt=\"\" title=\"armrelaxpad_Produktfoto_ (11)\" width=\"999\" height=\"666\" class=\"rev-slidebg tp-rs-img rs-lazyload\" data-lazyload=\"\/\/armrelaxpad.com\/wp-content\/uploads\/armrelaxpad_Produktfoto_-11.jpg\" data-bg=\"p:right center;\" data-no-retina>\n<!--\n\t\t\t\t\t\t\t--><rs-layer\n\t\t\t\t\t\t\t\tid=\"slider-3-slide-14-layer-0\" \n\t\t\t\t\t\t\t\tdata-type=\"text\"\n\t\t\t\t\t\t\t\tdata-color=\"#fff\"\n\t\t\t\t\t\t\t\tdata-rsp_ch=\"on\"\n\t\t\t\t\t\t\t\tdata-xy=\"x:c;y:200px;\"\n\t\t\t\t\t\t\t\tdata-text=\"w:normal;s:40;l:50;fw:900;\"\n\t\t\t\t\t\t\t\tdata-dim=\"w:1179px;minh:0px;\"\n\t\t\t\t\t\t\t\tdata-frame_999=\"o:0;st:w;\"\n\t\t\t\t\t\t\t\tstyle=\"z-index:5;font-family:'Roboto';text-transform:uppercase;\"\n\t\t\t\t\t\t\t>Armrelaxpad - Pod\u0142okietnik do Twojego samochodu<br \/>\nCzy siedzisz w samochodzie zrelaksowany i wygodny? \n\t\t\t\t\t\t\t<\/rs-layer><!--\n-->\t\t\t\t\t<\/rs-slide>\n\t\t\t\t\t\t<rs-slide style=\"position: absolute;\" data-key=\"rs-15\" data-title=\"PL -2\" data-in=\"o:0;\" data-out=\"a:false;\">\n\t\t\t\t\t\t\t<img decoding=\"async\" src=\"\/\/armrelaxpad.com\/wp-content\/plugins\/revslider\/sr6\/assets\/assets\/dummy.png\" alt=\"\" title=\"slider-2\" width=\"1506\" height=\"1004\" class=\"rev-slidebg tp-rs-img rs-lazyload\" data-lazyload=\"\/\/armrelaxpad.com\/wp-content\/uploads\/slider-2.jpg\" data-no-retina>\n<!--\n\t\t\t\t\t\t\t--><rs-layer\n\t\t\t\t\t\t\t\tid=\"slider-3-slide-15-layer-1\" \n\t\t\t\t\t\t\t\tdata-type=\"text\"\n\t\t\t\t\t\t\t\tdata-color=\"#fff\"\n\t\t\t\t\t\t\t\tdata-rsp_ch=\"on\"\n\t\t\t\t\t\t\t\tdata-xy=\"x:60px;y:200px;\"\n\t\t\t\t\t\t\t\tdata-text=\"w:normal;s:40;l:50;fw:900;\"\n\t\t\t\t\t\t\t\tdata-dim=\"w:1162px;minh:0px;\"\n\t\t\t\t\t\t\t\tdata-frame_999=\"o:0;st:w;\"\n\t\t\t\t\t\t\t\tstyle=\"z-index:5;font-family:'Roboto';text-transform:uppercase;\"\n\t\t\t\t\t\t\t>Armrelaxpad - Pod\u0142okietnik do Twojego samochodu<br \/>\nCzy siedzisz w samochodzie zrelaksowany i wygodny? \n\t\t\t\t\t\t\t<\/rs-layer><!--\n-->\t\t\t\t\t<\/rs-slide>\n\t\t\t\t\t\t<rs-slide style=\"position: absolute;\" data-key=\"rs-16\" data-title=\"PL - 3\" data-in=\"o:0;\" data-out=\"a:false;\">\n\t\t\t\t\t\t\t<img decoding=\"async\" src=\"\/\/armrelaxpad.com\/wp-content\/plugins\/revslider\/sr6\/assets\/assets\/dummy.png\" alt=\"\" title=\"Armrelaxpads \u2013 Pod\u0142okietniki w r\u00f3\u017cnych rozmiarach\" width=\"2215\" height=\"1476\" class=\"rev-slidebg tp-rs-img rs-lazyload\" data-lazyload=\"\/\/armrelaxpad.com\/wp-content\/uploads\/IMG_4058-2s-3.jpg\" data-no-retina>\n<!--\n\t\t\t\t\t\t\t--><rs-layer\n\t\t\t\t\t\t\t\tid=\"slider-3-slide-16-layer-2\" \n\t\t\t\t\t\t\t\tdata-type=\"text\"\n\t\t\t\t\t\t\t\tdata-color=\"#ffffff\"\n\t\t\t\t\t\t\t\tdata-rsp_ch=\"on\"\n\t\t\t\t\t\t\t\tdata-xy=\"x:60px;y:200px;\"\n\t\t\t\t\t\t\t\tdata-text=\"w:normal;s:40;l:50;ls:0px;fw:900;\"\n\t\t\t\t\t\t\t\tdata-dim=\"w:1164px;minh:0px;\"\n\t\t\t\t\t\t\t\tdata-frame_999=\"o:0;st:w;\"\n\t\t\t\t\t\t\t\tstyle=\"z-index:5;font-family:'Roboto';text-transform:uppercase;\"\n\t\t\t\t\t\t\t>Armrelaxpad - Pod\u0142okietnik do Twojego samochodu<br \/>\nCzy siedzisz w samochodzie zrelaksowany i wygodny? \n\t\t\t\t\t\t\t<\/rs-layer><!--\n-->\t\t\t\t\t<\/rs-slide>\n\t\t\t\t\t<\/rs-slides>\n\t\t\t\t<\/rs-module>\n\t\t\t\t<script data-jetpack-boost=\"ignore\">\n\t\t\t\t\tsetREVStartSize({c: 'rev_slider_3_1',rl:[1240,1024,768,480],el:[460],gw:[1240],gh:[460],type:'standard',justify:'',layout:'fullwidth',mh:\"0\"});if (window.RS_MODULES!==undefined && window.RS_MODULES.modules!==undefined && window.RS_MODULES.modules[\"revslider31\"]!==undefined) {window.RS_MODULES.modules[\"revslider31\"].once = false;window.revapi3 = undefined;if (window.RS_MODULES.checkMinimal!==undefined) window.RS_MODULES.checkMinimal()}\n\t\t\t\t<\/script>\n\t\t\t<\/rs-module-wrap>\n\t\t\t<!-- END REVOLUTION SLIDER -->\n<\/div><\/div><\/div><\/div><\/section><section class=\"l-section wpb_row height_small\"><div class=\"l-section-h i-cf\"><div class=\"g-cols vc_row via_grid cols_2-1 laptops-cols_inherit tablets-cols_inherit mobiles-cols_1 valign_top type_default stacking_default\"><div class=\"wpb_column vc_column_container\"><div class=\"vc_column-inner\"><h1 class=\"w-text\"><span class=\"w-text-h\"><span class=\"w-text-value\">Zbuduj sw\u00f3j w\u0142asny pod\u0142okietnik do samochodu: Nasza historia<\/span><\/span><\/h1><div class=\"w-separator size_small\"><\/div><h2 class=\"w-text\"><span class=\"w-text-h\"><span class=\"w-text-value\">Na pocz\u0105tku by\u0142 problem. Opracowali\u015bmy rozwi\u0105zanie<\/span><\/span><\/h2><div class=\"wpb_text_column\"><div class=\"wpb_wrapper\"><p>Chcia\u0142bym si\u0119 kr\u00f3tko przedstawi\u0107. Nazywam si\u0119 Michael Kr\u00fcger i od wielu lat du\u017co podr\u00f3\u017cuj\u0119 samochodem. Podczas d\u0142ugich podr\u00f3\u017cy autostrad\u0105 cz\u0119sto chcia\u0142em trzyma\u0107 kierownic\u0119 lew\u0105 r\u0119k\u0105 i wygodnie oprze\u0107 na niej rami\u0119. Nie by\u0142o to jednak mo\u017cliwe, poniewa\u017c pod\u0142okietnik w drzwiach jest zbyt nisko, a dolna kraw\u0119d\u017a okna jest zbyt wysoka i zbyt twarda.<\/p>\n<\/div><\/div><div class=\"w-separator size_small\"><\/div><div class=\"wpb_text_column\"><div class=\"wpb_wrapper\"><p>Szuka\u0142em tego problemu w internecie i w akcesoriach samochodowych, ale nic tam nie znalaz\u0142em. Pocz\u0105tkowo zrobi\u0142em pod\u0142okietnik z piankowego opakowania, co oczywi\u015bcie wygl\u0105da\u0142o okropnie &#8211; ale natychmiast rozwi\u0105za\u0142o m\u00f3j problem. Jak mog\u0119 obi\u0107 pod\u0142okietnik w drzwiach w spos\u00f3b trwa\u0142y i atrakcyjny wizualnie?<\/p>\n<\/div><\/div><div class=\"w-separator size_small\"><\/div><div class=\"wpb_text_column\"><div class=\"wpb_wrapper\"><p>Nie mog\u0142em porzuci\u0107 pomys\u0142u stworzenia sensownego pod\u0142okietnika. Wraz z ma\u0142ym zespo\u0142em przyjaci\u00f3\u0142 pracowa\u0142em nad funkcjonalnym i atrakcyjnym wizualnie pod\u0142okietnikiem. Przez lata wypr\u00f3bowali\u015bmy wiele rozwi\u0105za\u0144 &#8211; dzi\u015b jeste\u015bmy dumni z naszego wysokiej jako\u015bci pod\u0142okietnika.<\/p>\n<\/div><\/div><div class=\"w-separator size_small\"><\/div><div class=\"w-image align_none meta_simple\"><div class=\"w-image-h\"><img decoding=\"async\" width=\"1024\" height=\"682\" src=\"https:\/\/armrelaxpad.com\/wp-content\/uploads\/IMG_4044-2s-3-1024x682.jpg\" class=\"attachment-large size-large\" alt=\"\" loading=\"lazy\" srcset=\"https:\/\/armrelaxpad.com\/wp-content\/uploads\/IMG_4044-2s-3-1024x682.jpg 1024w, https:\/\/armrelaxpad.com\/wp-content\/uploads\/IMG_4044-2s-3-320x213.jpg 320w, https:\/\/armrelaxpad.com\/wp-content\/uploads\/IMG_4044-2s-3-600x400.jpg 600w\" sizes=\"auto, (max-width: 1024px) 100vw, 1024px\" \/><\/div><div class=\"w-image-meta\"><div class=\"w-image-title\">Spody pod\u0142okietnik\u00f3w wyposa\u017cone s\u0105 w tward\u0105 plastikow\u0105 os\u0142on\u0119 i wysokiej jako\u015bci ta\u015bm\u0119 klej\u0105c\u0105<\/div><\/div><\/div><div class=\"w-separator size_small\"><\/div><div class=\"w-btn-wrapper align_center\"><a class=\"w-btn us-btn-style_1 icon_atleft\" href=\"http:\/\/armrelaxpad.com\/pl\/zaufaj-jakosci\/\"><i class=\"fas fa-award\"><\/i><span class=\"w-btn-label\">Jako\u015b\u0107 Made in Germany<\/span><\/a><\/div><div class=\"w-separator size_medium\"><\/div><div class=\"wpb_text_column\"><div class=\"wpb_wrapper\"><div id=\"cc-m-10958208771\" class=\"j-module n j-text \">\n<p>Sprawd\u017a, jakiej wysoko\u015bci pod\u0142okietnika potrzebujesz, a nast\u0119pnie wybierz pomi\u0119dzy 5 cm, 8 cm lub 10 cm.<\/p>\n<\/div>\n<div id=\"cc-m-10958208871\" class=\"j-module n j-text \">\n<p>Je\u015bli chcesz wygodnie podr\u00f3\u017cowa\u0107 samochodem &#8211; ch\u0119tnie Ci pomo\u017cemy.<\/p>\n<\/div>\n<\/div><\/div><div class=\"w-separator size_medium\"><\/div><div class=\"w-btn-wrapper align_center\"><a class=\"w-btn us-btn-style_1 icon_atleft\" href=\"\/pl\/zamow-podlokietnik\/\"><i class=\"fas fa-shopping-cart\"><\/i><span class=\"w-btn-label\">Kup pod\u0142okietnik<\/span><\/a><\/div><\/div><\/div><div class=\"wpb_column vc_column_container\"><div class=\"vc_column-inner\"><nav class=\"w-menu us_custom_492179a4 layout_ver style_links us_menu_1\" style=\"--main-gap:0rem;--main-ver-indent:0.8em;--main-hor-indent:0.8em;--main-color:var(--color-header-middle-bg);--main-hover-color:var(--color-header-middle-text-hover);--main-active-color:var(--color-header-middle-text-hover);\"><ul id=\"menu-side-menu\" class=\"menu\"><li id=\"menu-item-9035\" class=\"menu-item menu-item-type-post_type menu-item-object-page menu-item-9035\"><a href=\"https:\/\/armrelaxpad.com\/ueber-uns\/\">O nas<\/a><\/li><li id=\"menu-item-9033\" class=\"menu-item menu-item-type-post_type menu-item-object-page menu-item-9033\"><a href=\"https:\/\/armrelaxpad.com\/von-der-idee-bis-zum-produkt\/\">Od pomys\u0142u do produktu<\/a><\/li><li id=\"menu-item-9032\" class=\"menu-item menu-item-type-post_type menu-item-object-page menu-item-9032\"><a href=\"https:\/\/armrelaxpad.com\/unser-produkt-stellt-sich-vor\/\">Zaufaj jako\u015bci!<\/a><\/li><li id=\"menu-item-9030\" class=\"menu-item menu-item-type-post_type menu-item-object-page menu-item-9030\"><a href=\"https:\/\/armrelaxpad.com\/schulterschmerzen-beim-autofahren\/\">B\u00f3l barku i problemy z \u0142okciem<\/a><\/li><li id=\"menu-item-9029\" class=\"menu-item menu-item-type-post_type menu-item-object-page menu-item-9029\"><a href=\"https:\/\/armrelaxpad.com\/gaestebuch-produktbewertung\/\">Wyceny<\/a><\/li><li id=\"menu-item-9031\" class=\"menu-item menu-item-type-post_type menu-item-object-page menu-item-9031\"><a href=\"https:\/\/armrelaxpad.com\/armlehne-nachruesten\/\">Instrukcje monta\u017cu<\/a><\/li><li id=\"menu-item-9028\" class=\"menu-item menu-item-type-post_type menu-item-object-page menu-item-9028\"><a href=\"https:\/\/armrelaxpad.com\/armlehne-universal\/\">Oferujemy nast\u0119puj\u0105ce rozmiary<\/a><\/li><li id=\"menu-item-9027\" class=\"menu-item menu-item-type-post_type menu-item-object-page menu-item-9027\"><a href=\"https:\/\/armrelaxpad.com\/armlehne-kaufen-fuer-ihre-autotuer\/\">Zam\u00f3w pod\u0142okietnik<\/a><\/li><li id=\"menu-item-9036\" class=\"menu-item menu-item-type-post_type menu-item-object-page menu-item-9036\"><a href=\"https:\/\/armrelaxpad.com\/kontakt\/\">Skontaktuj si\u0119 z nami<\/a><\/li><\/ul><style>@media ( max-width:600px ){.us_menu_1 .menu{display:block!important}.us_menu_1 .menu>li{margin:0 0 var(--main-gap,0rem)!important}}<\/style><\/nav><\/div><\/div><\/div><\/div><\/section>\n","protected":false},"excerpt":{"rendered":"Armrelaxpad - Pod\u0142okietnik do Twojego samochodu Czy siedzisz w samochodzie zrelaksowany i wygodny? Armrelaxpad - Pod\u0142okietnik do Twojego samochodu Czy siedzisz w samochodzie zrelaksowany i wygodny? Armrelaxpad - Pod\u0142okietnik do Twojego samochodu Czy siedzisz w samochodzie zrelaksowany i wygodny? Zbuduj sw\u00f3j w\u0142asny pod\u0142okietnik do samochodu: Nasza historiaNa pocz\u0105tku by\u0142 problem. Opracowali\u015bmy rozwi\u0105zanieChcia\u0142bym si\u0119 kr\u00f3tko przedstawi\u0107....","protected":false},"author":1,"featured_media":0,"parent":0,"menu_order":102,"comment_status":"closed","ping_status":"closed","template":"","meta":{"footnotes":""},"class_list":["post-9259","page","type-page","status-publish","hentry"],"yoast_head":"<!-- This site is optimized with the Yoast SEO plugin v27.4 - https:\/\/yoast.com\/product\/yoast-seo-wordpress\/ -->\n<title>Zbuduj sam pod\u0142okietnik do samochodu<\/title>\n<meta name=\"description\" content=\"Chcesz samodzielnie zbudowa\u0107 pod\u0142okietnik do auta? My ju\u017c to zrobili\u015bmy za Ciebie \u25ba Dowiedz si\u0119 wi\u0119cej.\" \/>\n<meta name=\"robots\" content=\"index, follow, max-snippet:-1, max-image-preview:large, max-video-preview:-1\" \/>\n<link rel=\"canonical\" href=\"https:\/\/armrelaxpad.com\/pl\/od-pomyslu-do-produktu\/\" \/>\n<meta property=\"og:locale\" content=\"pl_PL\" \/>\n<meta property=\"og:type\" content=\"article\" \/>\n<meta property=\"og:title\" content=\"Zbuduj sam pod\u0142okietnik do samochodu\" \/>\n<meta property=\"og:description\" content=\"Chcesz samodzielnie zbudowa\u0107 pod\u0142okietnik do auta? My ju\u017c to zrobili\u015bmy za Ciebie \u25ba Dowiedz si\u0119 wi\u0119cej.\" \/>\n<meta property=\"og:url\" content=\"https:\/\/armrelaxpad.com\/pl\/od-pomyslu-do-produktu\/\" \/>\n<meta property=\"og:site_name\" content=\"KDL GmbH\" \/>\n<meta property=\"article:modified_time\" content=\"2025-04-11T09:14:53+00:00\" \/>\n<meta name=\"twitter:card\" content=\"summary_large_image\" \/>\n<meta name=\"twitter:label1\" content=\"Szacowany czas czytania\" \/>\n\t<meta name=\"twitter:data1\" content=\"2 minuty\" \/>\n<script type=\"application\/ld+json\" class=\"yoast-schema-graph\">{\"@context\":\"https:\\\/\\\/schema.org\",\"@graph\":[{\"@type\":\"WebPage\",\"@id\":\"https:\\\/\\\/armrelaxpad.com\\\/pl\\\/od-pomyslu-do-produktu\\\/\",\"url\":\"https:\\\/\\\/armrelaxpad.com\\\/pl\\\/od-pomyslu-do-produktu\\\/\",\"name\":\"Zbuduj sam pod\u0142okietnik do samochodu\",\"isPartOf\":{\"@id\":\"https:\\\/\\\/armrelaxpad.com\\\/pl\\\/#website\"},\"datePublished\":\"2024-09-02T06:22:01+00:00\",\"dateModified\":\"2025-04-11T09:14:53+00:00\",\"description\":\"Chcesz samodzielnie zbudowa\u0107 pod\u0142okietnik do auta? My ju\u017c to zrobili\u015bmy za Ciebie \u25ba Dowiedz si\u0119 wi\u0119cej.\",\"breadcrumb\":{\"@id\":\"https:\\\/\\\/armrelaxpad.com\\\/pl\\\/od-pomyslu-do-produktu\\\/#breadcrumb\"},\"inLanguage\":\"pl-PL\",\"potentialAction\":[{\"@type\":\"ReadAction\",\"target\":[\"https:\\\/\\\/armrelaxpad.com\\\/pl\\\/od-pomyslu-do-produktu\\\/\"]}]},{\"@type\":\"BreadcrumbList\",\"@id\":\"https:\\\/\\\/armrelaxpad.com\\\/pl\\\/od-pomyslu-do-produktu\\\/#breadcrumb\",\"itemListElement\":[{\"@type\":\"ListItem\",\"position\":1,\"name\":\"Strona g\u0142\u00f3wna\",\"item\":\"https:\\\/\\\/armrelaxpad.com\\\/pl\\\/\"},{\"@type\":\"ListItem\",\"position\":2,\"name\":\"Od pomys\u0142u do produktu\"}]},{\"@type\":\"WebSite\",\"@id\":\"https:\\\/\\\/armrelaxpad.com\\\/pl\\\/#website\",\"url\":\"https:\\\/\\\/armrelaxpad.com\\\/pl\\\/\",\"name\":\"KDL GmbH\",\"description\":\"\",\"potentialAction\":[{\"@type\":\"SearchAction\",\"target\":{\"@type\":\"EntryPoint\",\"urlTemplate\":\"https:\\\/\\\/armrelaxpad.com\\\/pl\\\/?s={search_term_string}\"},\"query-input\":{\"@type\":\"PropertyValueSpecification\",\"valueRequired\":true,\"valueName\":\"search_term_string\"}}],\"inLanguage\":\"pl-PL\"}]}<\/script>\n<!-- \/ Yoast SEO plugin. -->","yoast_head_json":{"title":"Zbuduj sam pod\u0142okietnik do samochodu","description":"Chcesz samodzielnie zbudowa\u0107 pod\u0142okietnik do auta? My ju\u017c to zrobili\u015bmy za Ciebie \u25ba Dowiedz si\u0119 wi\u0119cej.","robots":{"index":"index","follow":"follow","max-snippet":"max-snippet:-1","max-image-preview":"max-image-preview:large","max-video-preview":"max-video-preview:-1"},"canonical":"https:\/\/armrelaxpad.com\/pl\/od-pomyslu-do-produktu\/","og_locale":"pl_PL","og_type":"article","og_title":"Zbuduj sam pod\u0142okietnik do samochodu","og_description":"Chcesz samodzielnie zbudowa\u0107 pod\u0142okietnik do auta? My ju\u017c to zrobili\u015bmy za Ciebie \u25ba Dowiedz si\u0119 wi\u0119cej.","og_url":"https:\/\/armrelaxpad.com\/pl\/od-pomyslu-do-produktu\/","og_site_name":"KDL GmbH","article_modified_time":"2025-04-11T09:14:53+00:00","twitter_card":"summary_large_image","twitter_misc":{"Szacowany czas czytania":"2 minuty"},"schema":{"@context":"https:\/\/schema.org","@graph":[{"@type":"WebPage","@id":"https:\/\/armrelaxpad.com\/pl\/od-pomyslu-do-produktu\/","url":"https:\/\/armrelaxpad.com\/pl\/od-pomyslu-do-produktu\/","name":"Zbuduj sam pod\u0142okietnik do samochodu","isPartOf":{"@id":"https:\/\/armrelaxpad.com\/pl\/#website"},"datePublished":"2024-09-02T06:22:01+00:00","dateModified":"2025-04-11T09:14:53+00:00","description":"Chcesz samodzielnie zbudowa\u0107 pod\u0142okietnik do auta? My ju\u017c to zrobili\u015bmy za Ciebie \u25ba Dowiedz si\u0119 wi\u0119cej.","breadcrumb":{"@id":"https:\/\/armrelaxpad.com\/pl\/od-pomyslu-do-produktu\/#breadcrumb"},"inLanguage":"pl-PL","potentialAction":[{"@type":"ReadAction","target":["https:\/\/armrelaxpad.com\/pl\/od-pomyslu-do-produktu\/"]}]},{"@type":"BreadcrumbList","@id":"https:\/\/armrelaxpad.com\/pl\/od-pomyslu-do-produktu\/#breadcrumb","itemListElement":[{"@type":"ListItem","position":1,"name":"Strona g\u0142\u00f3wna","item":"https:\/\/armrelaxpad.com\/pl\/"},{"@type":"ListItem","position":2,"name":"Od pomys\u0142u do produktu"}]},{"@type":"WebSite","@id":"https:\/\/armrelaxpad.com\/pl\/#website","url":"https:\/\/armrelaxpad.com\/pl\/","name":"KDL GmbH","description":"","potentialAction":[{"@type":"SearchAction","target":{"@type":"EntryPoint","urlTemplate":"https:\/\/armrelaxpad.com\/pl\/?s={search_term_string}"},"query-input":{"@type":"PropertyValueSpecification","valueRequired":true,"valueName":"search_term_string"}}],"inLanguage":"pl-PL"}]}},"jetpack_sharing_enabled":true,"_links":{"self":[{"href":"https:\/\/armrelaxpad.com\/pl\/wp-json\/wp\/v2\/pages\/9259","targetHints":{"allow":["GET"]}}],"collection":[{"href":"https:\/\/armrelaxpad.com\/pl\/wp-json\/wp\/v2\/pages"}],"about":[{"href":"https:\/\/armrelaxpad.com\/pl\/wp-json\/wp\/v2\/types\/page"}],"author":[{"embeddable":true,"href":"https:\/\/armrelaxpad.com\/pl\/wp-json\/wp\/v2\/users\/1"}],"replies":[{"embeddable":true,"href":"https:\/\/armrelaxpad.com\/pl\/wp-json\/wp\/v2\/comments?post=9259"}],"version-history":[{"count":14,"href":"https:\/\/armrelaxpad.com\/pl\/wp-json\/wp\/v2\/pages\/9259\/revisions"}],"predecessor-version":[{"id":10562,"href":"https:\/\/armrelaxpad.com\/pl\/wp-json\/wp\/v2\/pages\/9259\/revisions\/10562"}],"wp:attachment":[{"href":"https:\/\/armrelaxpad.com\/pl\/wp-json\/wp\/v2\/media?parent=9259"}],"curies":[{"name":"wp","href":"https:\/\/api.w.org\/{rel}","templated":true}]}}