{"id":9263,"date":"2024-09-02T09:15:17","date_gmt":"2024-09-02T07:15:17","guid":{"rendered":"http:\/\/wordpress.p391076.webspaceconfig.de\/zaufaj-jakosci\/"},"modified":"2025-04-11T11:14:44","modified_gmt":"2025-04-11T09:14:44","slug":"zaufaj-jakosci","status":"publish","type":"page","link":"https:\/\/armrelaxpad.com\/pl\/zaufaj-jakosci\/","title":{"rendered":"Zaufaj jako\u015bci!"},"content":{"rendered":"<section class=\"l-section wpb_row height_small\"><div class=\"l-section-h i-cf\"><div class=\"g-cols vc_row via_grid cols_1 laptops-cols_inherit tablets-cols_inherit mobiles-cols_1 valign_top type_default stacking_default\"><div class=\"wpb_column vc_column_container\"><div class=\"vc_column-inner\">\n\t\t\t<!-- START Slider 1 1 REVOLUTION SLIDER 6.7.31 --><p class=\"rs-p-wp-fix\"><\/p>\n\t\t\t<rs-module-wrap id=\"rev_slider_3_1_wrapper\" data-source=\"gallery\" style=\"visibility:hidden;background:transparent;padding:0;margin:0px auto;margin-top:0;margin-bottom:0;\">\n\t\t\t\t<rs-module id=\"rev_slider_3_1\" style=\"\" data-version=\"6.7.31\">\n\t\t\t\t\t<rs-slides style=\"overflow: hidden; position: absolute;\">\n\t\t\t\t\t\t<rs-slide style=\"position: absolute;\" data-key=\"rs-14\" data-title=\"PL -1\" data-in=\"o:0;\" data-out=\"a:false;\">\n\t\t\t\t\t\t\t<img decoding=\"async\" src=\"\/\/armrelaxpad.com\/wp-content\/plugins\/revslider\/sr6\/assets\/assets\/dummy.png\" alt=\"\" title=\"armrelaxpad_Produktfoto_ (11)\" width=\"999\" height=\"666\" class=\"rev-slidebg tp-rs-img rs-lazyload\" data-lazyload=\"\/\/armrelaxpad.com\/wp-content\/uploads\/armrelaxpad_Produktfoto_-11.jpg\" data-bg=\"p:right center;\" data-no-retina>\n<!--\n\t\t\t\t\t\t\t--><rs-layer\n\t\t\t\t\t\t\t\tid=\"slider-3-slide-14-layer-0\" \n\t\t\t\t\t\t\t\tdata-type=\"text\"\n\t\t\t\t\t\t\t\tdata-color=\"#fff\"\n\t\t\t\t\t\t\t\tdata-rsp_ch=\"on\"\n\t\t\t\t\t\t\t\tdata-xy=\"x:c;y:200px;\"\n\t\t\t\t\t\t\t\tdata-text=\"w:normal;s:40;l:50;fw:900;\"\n\t\t\t\t\t\t\t\tdata-dim=\"w:1179px;minh:0px;\"\n\t\t\t\t\t\t\t\tdata-frame_999=\"o:0;st:w;\"\n\t\t\t\t\t\t\t\tstyle=\"z-index:5;font-family:'Roboto';text-transform:uppercase;\"\n\t\t\t\t\t\t\t>Armrelaxpad - Pod\u0142okietnik do Twojego samochodu<br \/>\nCzy siedzisz w samochodzie zrelaksowany i wygodny? \n\t\t\t\t\t\t\t<\/rs-layer><!--\n-->\t\t\t\t\t<\/rs-slide>\n\t\t\t\t\t\t<rs-slide style=\"position: absolute;\" data-key=\"rs-15\" data-title=\"PL -2\" data-in=\"o:0;\" data-out=\"a:false;\">\n\t\t\t\t\t\t\t<img decoding=\"async\" src=\"\/\/armrelaxpad.com\/wp-content\/plugins\/revslider\/sr6\/assets\/assets\/dummy.png\" alt=\"\" title=\"slider-2\" width=\"1506\" height=\"1004\" class=\"rev-slidebg tp-rs-img rs-lazyload\" data-lazyload=\"\/\/armrelaxpad.com\/wp-content\/uploads\/slider-2.jpg\" data-no-retina>\n<!--\n\t\t\t\t\t\t\t--><rs-layer\n\t\t\t\t\t\t\t\tid=\"slider-3-slide-15-layer-1\" \n\t\t\t\t\t\t\t\tdata-type=\"text\"\n\t\t\t\t\t\t\t\tdata-color=\"#fff\"\n\t\t\t\t\t\t\t\tdata-rsp_ch=\"on\"\n\t\t\t\t\t\t\t\tdata-xy=\"x:60px;y:200px;\"\n\t\t\t\t\t\t\t\tdata-text=\"w:normal;s:40;l:50;fw:900;\"\n\t\t\t\t\t\t\t\tdata-dim=\"w:1162px;minh:0px;\"\n\t\t\t\t\t\t\t\tdata-frame_999=\"o:0;st:w;\"\n\t\t\t\t\t\t\t\tstyle=\"z-index:5;font-family:'Roboto';text-transform:uppercase;\"\n\t\t\t\t\t\t\t>Armrelaxpad - Pod\u0142okietnik do Twojego samochodu<br \/>\nCzy siedzisz w samochodzie zrelaksowany i wygodny? \n\t\t\t\t\t\t\t<\/rs-layer><!--\n-->\t\t\t\t\t<\/rs-slide>\n\t\t\t\t\t\t<rs-slide style=\"position: absolute;\" data-key=\"rs-16\" data-title=\"PL - 3\" data-in=\"o:0;\" data-out=\"a:false;\">\n\t\t\t\t\t\t\t<img decoding=\"async\" src=\"\/\/armrelaxpad.com\/wp-content\/plugins\/revslider\/sr6\/assets\/assets\/dummy.png\" alt=\"\" title=\"Armrelaxpads \u2013 Pod\u0142okietniki w r\u00f3\u017cnych rozmiarach\" width=\"2215\" height=\"1476\" class=\"rev-slidebg tp-rs-img rs-lazyload\" data-lazyload=\"\/\/armrelaxpad.com\/wp-content\/uploads\/IMG_4058-2s-3.jpg\" data-no-retina>\n<!--\n\t\t\t\t\t\t\t--><rs-layer\n\t\t\t\t\t\t\t\tid=\"slider-3-slide-16-layer-2\" \n\t\t\t\t\t\t\t\tdata-type=\"text\"\n\t\t\t\t\t\t\t\tdata-color=\"#ffffff\"\n\t\t\t\t\t\t\t\tdata-rsp_ch=\"on\"\n\t\t\t\t\t\t\t\tdata-xy=\"x:60px;y:200px;\"\n\t\t\t\t\t\t\t\tdata-text=\"w:normal;s:40;l:50;ls:0px;fw:900;\"\n\t\t\t\t\t\t\t\tdata-dim=\"w:1164px;minh:0px;\"\n\t\t\t\t\t\t\t\tdata-frame_999=\"o:0;st:w;\"\n\t\t\t\t\t\t\t\tstyle=\"z-index:5;font-family:'Roboto';text-transform:uppercase;\"\n\t\t\t\t\t\t\t>Armrelaxpad - Pod\u0142okietnik do Twojego samochodu<br \/>\nCzy siedzisz w samochodzie zrelaksowany i wygodny? \n\t\t\t\t\t\t\t<\/rs-layer><!--\n-->\t\t\t\t\t<\/rs-slide>\n\t\t\t\t\t<\/rs-slides>\n\t\t\t\t<\/rs-module>\n\t\t\t\t<script data-jetpack-boost=\"ignore\">\n\t\t\t\t\tsetREVStartSize({c: 'rev_slider_3_1',rl:[1240,1024,768,480],el:[460],gw:[1240],gh:[460],type:'standard',justify:'',layout:'fullwidth',mh:\"0\"});if (window.RS_MODULES!==undefined && window.RS_MODULES.modules!==undefined && window.RS_MODULES.modules[\"revslider31\"]!==undefined) {window.RS_MODULES.modules[\"revslider31\"].once = false;window.revapi3 = undefined;if (window.RS_MODULES.checkMinimal!==undefined) window.RS_MODULES.checkMinimal()}\n\t\t\t\t<\/script>\n\t\t\t<\/rs-module-wrap>\n\t\t\t<!-- END REVOLUTION SLIDER -->\n<\/div><\/div><\/div><\/div><\/section><section class=\"l-section wpb_row height_small\"><div class=\"l-section-h i-cf\"><div class=\"g-cols vc_row via_grid cols_2-1 laptops-cols_inherit tablets-cols_inherit mobiles-cols_1 valign_top type_default stacking_default\"><div class=\"wpb_column vc_column_container\"><div class=\"vc_column-inner\"><h1 class=\"w-text\"><span class=\"w-text-h\"><span class=\"w-text-value\">Zaufaj jako\u015bci!<\/span><\/span><\/h1><div class=\"w-separator size_small\"><\/div><h2 class=\"w-text\"><span class=\"w-text-h\"><span class=\"w-text-value\">Zdecydowanie r\u00f3\u017cnimy si\u0119 od tanich produkt\u00f3w z Chin!<\/span><\/span><\/h2><div class=\"wpb_text_column\"><div class=\"wpb_wrapper\"><p>Armrelaxpad jest pokryty czarn\u0105, wytrzyma\u0142\u0105 sk\u00f3r\u0105 samochodow\u0105 Imola, starannie wykonany r\u0119cznie \u2013 Made in Germany. Na jako\u015bci mo\u017cna polega\u0107. Jako\u015b\u0107 naszego pod\u0142okietnika jest imponuj\u0105ca. Nawet po latach jazdy nasz produkt pozostaje funkcjonalny i atrakcyjny wizualnie.<\/p>\n<\/div><\/div><div class=\"w-separator size_small\"><\/div><div class=\"wpb_text_column\"><div class=\"wpb_wrapper\"><p>Pod\u0142okietnik jest przyklejany do istniej\u0105cego pod\u0142okietnika drzwi za pomoc\u0105 wysokiej jako\u015bci dwustronnej ta\u015bmy klej\u0105cej (ju\u017c na\u0142o\u017conej na sp\u00f3d) i utrzymuje si\u0119 trwale, nawet w wysokich temperaturach.<\/p>\n<\/div><\/div><div class=\"w-separator size_small\"><\/div><div class=\"w-image align_none meta_simple\"><div class=\"w-image-h\"><img decoding=\"async\" width=\"734\" height=\"489\" src=\"https:\/\/armrelaxpad.com\/wp-content\/uploads\/tuer-armlehne-4.jpg\" class=\"attachment-large size-large\" alt=\"\" loading=\"lazy\" srcset=\"https:\/\/armrelaxpad.com\/wp-content\/uploads\/tuer-armlehne-4.jpg 734w, https:\/\/armrelaxpad.com\/wp-content\/uploads\/tuer-armlehne-4-320x213.jpg 320w, https:\/\/armrelaxpad.com\/wp-content\/uploads\/tuer-armlehne-4-600x400.jpg 600w\" sizes=\"auto, (max-width: 734px) 100vw, 734px\" \/><\/div><div class=\"w-image-meta\"><div class=\"w-image-title\">Pod\u0142okietnik (8cm) na stron\u0119 kierowcy<\/div><\/div><\/div><div class=\"w-separator size_small\"><\/div><div class=\"wpb_text_column\"><div class=\"wpb_wrapper\"><p>Armrelaxpad ma rdze\u0144 z pianki kompozytowej, RG140. Pianka kompozytowa znana jest r\u00f3wnie\u017c jako pianka niskorozpr\u0119\u017cna. Panele z pianki kompozytowej o wysokiej g\u0119sto\u015bci, np. RG140, oznaczaj\u0105 wag\u0119 140 kg na metr sze\u015bcienny pianki. G\u0119sto\u015b\u0107 opisuje g\u0119sto\u015b\u0107 materia\u0142u, a tym samym d\u0142ugoterminow\u0105 u\u017cyteczno\u015b\u0107. Im wy\u017csza g\u0119sto\u015b\u0107 (RG), tym lepsza i d\u0142u\u017csza spr\u0119\u017cysto\u015b\u0107 i trwa\u0142o\u015b\u0107 pianki.<\/p>\n<\/div><\/div><div class=\"w-separator size_medium\"><\/div><div class=\"wpb_text_column\"><div class=\"wpb_wrapper\"><p>Aby lewy pod\u0142okietnik by\u0142 jeszcze bardziej mi\u0119kki i wygodny, piankowy rdze\u0144 pod\u0142okietnika drzwi jest pokryty warstw\u0105 mi\u0119kkiej pianki.<\/p>\n<\/div><\/div><div class=\"w-separator size_small\"><\/div><div class=\"w-btn-wrapper align_center\"><a class=\"w-btn us-btn-style_1 icon_atleft\" href=\"\/pl\/skontaktuj-sie-z-nami\/\"><i class=\"fas fa-question\"><\/i><span class=\"w-btn-label\">Masz pytania &#8211; ch\u0119tnie Ci pomo\u017cemy<\/span><\/a><\/div><div class=\"w-separator size_small\"><\/div><div class=\"wpb_text_column\"><div class=\"wpb_wrapper\"><p>Sprawd\u017a, jakiej wysoko\u015bci pod\u0142okietnika potrzebujesz i wybierz odpowiedni rozmiar dla swojego samochodu. Je\u015bli r\u00f3wnie\u017c chcia\u0142by\u015b wygodnie podr\u00f3\u017cowa\u0107 w swoim samochodzie &#8211; ch\u0119tnie Ci pomo\u017cemy.<\/p>\n<\/div><\/div><div class=\"w-separator size_large\"><\/div><div class=\"w-btn-wrapper align_center\"><a class=\"w-btn us-btn-style_1 icon_atleft\" href=\"\/pl\/zamow-podlokietnik\/\"><i class=\"fas fa-money-bill-wave\"><\/i><span class=\"w-btn-label\">Zainwestuj raz &#8211; korzystaj na sta\u0142e<\/span><\/a><\/div><div class=\"w-separator size_small\"><\/div><div class=\"w-image align_none meta_simple\"><div class=\"w-image-h\"><img decoding=\"async\" width=\"640\" height=\"427\" src=\"https:\/\/armrelaxpad.com\/wp-content\/uploads\/tuer-armlehne-rot-4.jpg\" class=\"attachment-large size-large\" alt=\"\" loading=\"lazy\" srcset=\"https:\/\/armrelaxpad.com\/wp-content\/uploads\/tuer-armlehne-rot-4.jpg 640w, https:\/\/armrelaxpad.com\/wp-content\/uploads\/tuer-armlehne-rot-4-320x214.jpg 320w, https:\/\/armrelaxpad.com\/wp-content\/uploads\/tuer-armlehne-rot-4-600x400.jpg 600w\" sizes=\"auto, (max-width: 640px) 100vw, 640px\" \/><\/div><div class=\"w-image-meta\"><div class=\"w-image-title\">Fragment z naszej produkcji pod\u0142okietnik\u00f3w<\/div><\/div><\/div><div class=\"w-separator size_medium\"><\/div><h2 class=\"w-text\"><span class=\"w-text-h\"><span class=\"w-text-value\">Opinie klient\u00f3w<\/span><\/span><\/h2><div class=\"wpb_text_column\"><div class=\"wpb_wrapper\"><p>Przeczytaj opinie i recenzje naszych klient\u00f3w, kt\u00f3rzy ju\u017c odkryli zalety naszego pod\u0142okietnika dla siebie.<\/p>\n<\/div><\/div><div class=\"w-separator size_small\"><\/div><div class=\"w-btn-wrapper align_left\"><a class=\"w-btn us-btn-style_1\" href=\"\/pl\/wyceny\/\"><span class=\"w-btn-label\">Co m\u00f3wi\u0105 nasi klienci<\/span><\/a><\/div><\/div><\/div><div class=\"wpb_column vc_column_container\"><div class=\"vc_column-inner\"><nav class=\"w-menu us_custom_492179a4 layout_ver style_links us_menu_1\" style=\"--main-gap:0rem;--main-ver-indent:0.8em;--main-hor-indent:0.8em;--main-color:var(--color-header-middle-bg);--main-hover-color:var(--color-header-middle-text-hover);--main-active-color:var(--color-header-middle-text-hover);\"><ul id=\"menu-side-menu\" class=\"menu\"><li id=\"menu-item-9035\" class=\"menu-item menu-item-type-post_type menu-item-object-page menu-item-9035\"><a href=\"https:\/\/armrelaxpad.com\/ueber-uns\/\">O nas<\/a><\/li><li id=\"menu-item-9033\" class=\"menu-item menu-item-type-post_type menu-item-object-page menu-item-9033\"><a href=\"https:\/\/armrelaxpad.com\/von-der-idee-bis-zum-produkt\/\">Od pomys\u0142u do produktu<\/a><\/li><li id=\"menu-item-9032\" class=\"menu-item menu-item-type-post_type menu-item-object-page menu-item-9032\"><a href=\"https:\/\/armrelaxpad.com\/unser-produkt-stellt-sich-vor\/\">Zaufaj jako\u015bci!<\/a><\/li><li id=\"menu-item-9030\" class=\"menu-item menu-item-type-post_type menu-item-object-page menu-item-9030\"><a href=\"https:\/\/armrelaxpad.com\/schulterschmerzen-beim-autofahren\/\">B\u00f3l barku i problemy z \u0142okciem<\/a><\/li><li id=\"menu-item-9029\" class=\"menu-item menu-item-type-post_type menu-item-object-page menu-item-9029\"><a href=\"https:\/\/armrelaxpad.com\/gaestebuch-produktbewertung\/\">Wyceny<\/a><\/li><li id=\"menu-item-9031\" class=\"menu-item menu-item-type-post_type menu-item-object-page menu-item-9031\"><a href=\"https:\/\/armrelaxpad.com\/armlehne-nachruesten\/\">Instrukcje monta\u017cu<\/a><\/li><li id=\"menu-item-9028\" class=\"menu-item menu-item-type-post_type menu-item-object-page menu-item-9028\"><a href=\"https:\/\/armrelaxpad.com\/armlehne-universal\/\">Oferujemy nast\u0119puj\u0105ce rozmiary<\/a><\/li><li id=\"menu-item-9027\" class=\"menu-item menu-item-type-post_type menu-item-object-page menu-item-9027\"><a href=\"https:\/\/armrelaxpad.com\/armlehne-kaufen-fuer-ihre-autotuer\/\">Zam\u00f3w pod\u0142okietnik<\/a><\/li><li id=\"menu-item-9036\" class=\"menu-item menu-item-type-post_type menu-item-object-page menu-item-9036\"><a href=\"https:\/\/armrelaxpad.com\/kontakt\/\">Skontaktuj si\u0119 z nami<\/a><\/li><\/ul><style>@media ( max-width:600px ){.us_menu_1 .menu{display:block!important}.us_menu_1 .menu>li{margin:0 0 var(--main-gap,0rem)!important}}<\/style><\/nav><\/div><\/div><\/div><\/div><\/section>\n","protected":false},"excerpt":{"rendered":"Armrelaxpad - Pod\u0142okietnik do Twojego samochodu Czy siedzisz w samochodzie zrelaksowany i wygodny? Armrelaxpad - Pod\u0142okietnik do Twojego samochodu Czy siedzisz w samochodzie zrelaksowany i wygodny? Armrelaxpad - Pod\u0142okietnik do Twojego samochodu Czy siedzisz w samochodzie zrelaksowany i wygodny? Zaufaj jako\u015bci!Zdecydowanie r\u00f3\u017cnimy si\u0119 od tanich produkt\u00f3w z Chin!Armrelaxpad jest pokryty czarn\u0105, wytrzyma\u0142\u0105 sk\u00f3r\u0105 samochodow\u0105 Imola,...","protected":false},"author":1,"featured_media":0,"parent":0,"menu_order":103,"comment_status":"closed","ping_status":"closed","template":"","meta":{"footnotes":""},"class_list":["post-9263","page","type-page","status-publish","hentry"],"yoast_head":"<!-- This site is optimized with the Yoast SEO plugin v27.4 - https:\/\/yoast.com\/product\/yoast-seo-wordpress\/ -->\n<title>Jako\u015b\u0107 Made in Germany<\/title>\n<meta name=\"description\" content=\"Jako\u015b\u0107 jest dla Kr\u00fcgera najwa\u017cniejsza. Jeste\u015bmy dumni z naszego wysokiej jako\u015bci pod\u0142okietnika do drzwi samochodu. \u25ba Przekonaj si\u0119 sam!\" \/>\n<meta name=\"robots\" content=\"index, follow, max-snippet:-1, max-image-preview:large, max-video-preview:-1\" \/>\n<link rel=\"canonical\" href=\"https:\/\/armrelaxpad.com\/pl\/zaufaj-jakosci\/\" \/>\n<meta property=\"og:locale\" content=\"pl_PL\" \/>\n<meta property=\"og:type\" content=\"article\" \/>\n<meta property=\"og:title\" content=\"Jako\u015b\u0107 Made in Germany\" \/>\n<meta property=\"og:description\" content=\"Jako\u015b\u0107 jest dla Kr\u00fcgera najwa\u017cniejsza. Jeste\u015bmy dumni z naszego wysokiej jako\u015bci pod\u0142okietnika do drzwi samochodu. \u25ba Przekonaj si\u0119 sam!\" \/>\n<meta property=\"og:url\" content=\"https:\/\/armrelaxpad.com\/pl\/zaufaj-jakosci\/\" \/>\n<meta property=\"og:site_name\" content=\"KDL GmbH\" \/>\n<meta property=\"article:modified_time\" content=\"2025-04-11T09:14:44+00:00\" \/>\n<meta name=\"twitter:card\" content=\"summary_large_image\" \/>\n<meta name=\"twitter:label1\" content=\"Szacowany czas czytania\" \/>\n\t<meta name=\"twitter:data1\" content=\"2 minuty\" \/>\n<script type=\"application\/ld+json\" class=\"yoast-schema-graph\">{\"@context\":\"https:\\\/\\\/schema.org\",\"@graph\":[{\"@type\":\"WebPage\",\"@id\":\"https:\\\/\\\/armrelaxpad.com\\\/pl\\\/zaufaj-jakosci\\\/\",\"url\":\"https:\\\/\\\/armrelaxpad.com\\\/pl\\\/zaufaj-jakosci\\\/\",\"name\":\"Jako\u015b\u0107 Made in Germany\",\"isPartOf\":{\"@id\":\"https:\\\/\\\/armrelaxpad.com\\\/pl\\\/#website\"},\"datePublished\":\"2024-09-02T07:15:17+00:00\",\"dateModified\":\"2025-04-11T09:14:44+00:00\",\"description\":\"Jako\u015b\u0107 jest dla Kr\u00fcgera najwa\u017cniejsza. Jeste\u015bmy dumni z naszego wysokiej jako\u015bci pod\u0142okietnika do drzwi samochodu. \u25ba Przekonaj si\u0119 sam!\",\"breadcrumb\":{\"@id\":\"https:\\\/\\\/armrelaxpad.com\\\/pl\\\/zaufaj-jakosci\\\/#breadcrumb\"},\"inLanguage\":\"pl-PL\",\"potentialAction\":[{\"@type\":\"ReadAction\",\"target\":[\"https:\\\/\\\/armrelaxpad.com\\\/pl\\\/zaufaj-jakosci\\\/\"]}]},{\"@type\":\"BreadcrumbList\",\"@id\":\"https:\\\/\\\/armrelaxpad.com\\\/pl\\\/zaufaj-jakosci\\\/#breadcrumb\",\"itemListElement\":[{\"@type\":\"ListItem\",\"position\":1,\"name\":\"Strona g\u0142\u00f3wna\",\"item\":\"https:\\\/\\\/armrelaxpad.com\\\/pl\\\/\"},{\"@type\":\"ListItem\",\"position\":2,\"name\":\"Zaufaj jako\u015bci!\"}]},{\"@type\":\"WebSite\",\"@id\":\"https:\\\/\\\/armrelaxpad.com\\\/pl\\\/#website\",\"url\":\"https:\\\/\\\/armrelaxpad.com\\\/pl\\\/\",\"name\":\"KDL GmbH\",\"description\":\"\",\"potentialAction\":[{\"@type\":\"SearchAction\",\"target\":{\"@type\":\"EntryPoint\",\"urlTemplate\":\"https:\\\/\\\/armrelaxpad.com\\\/pl\\\/?s={search_term_string}\"},\"query-input\":{\"@type\":\"PropertyValueSpecification\",\"valueRequired\":true,\"valueName\":\"search_term_string\"}}],\"inLanguage\":\"pl-PL\"}]}<\/script>\n<!-- \/ Yoast SEO plugin. -->","yoast_head_json":{"title":"Jako\u015b\u0107 Made in Germany","description":"Jako\u015b\u0107 jest dla Kr\u00fcgera najwa\u017cniejsza. Jeste\u015bmy dumni z naszego wysokiej jako\u015bci pod\u0142okietnika do drzwi samochodu. \u25ba Przekonaj si\u0119 sam!","robots":{"index":"index","follow":"follow","max-snippet":"max-snippet:-1","max-image-preview":"max-image-preview:large","max-video-preview":"max-video-preview:-1"},"canonical":"https:\/\/armrelaxpad.com\/pl\/zaufaj-jakosci\/","og_locale":"pl_PL","og_type":"article","og_title":"Jako\u015b\u0107 Made in Germany","og_description":"Jako\u015b\u0107 jest dla Kr\u00fcgera najwa\u017cniejsza. Jeste\u015bmy dumni z naszego wysokiej jako\u015bci pod\u0142okietnika do drzwi samochodu. \u25ba Przekonaj si\u0119 sam!","og_url":"https:\/\/armrelaxpad.com\/pl\/zaufaj-jakosci\/","og_site_name":"KDL GmbH","article_modified_time":"2025-04-11T09:14:44+00:00","twitter_card":"summary_large_image","twitter_misc":{"Szacowany czas czytania":"2 minuty"},"schema":{"@context":"https:\/\/schema.org","@graph":[{"@type":"WebPage","@id":"https:\/\/armrelaxpad.com\/pl\/zaufaj-jakosci\/","url":"https:\/\/armrelaxpad.com\/pl\/zaufaj-jakosci\/","name":"Jako\u015b\u0107 Made in Germany","isPartOf":{"@id":"https:\/\/armrelaxpad.com\/pl\/#website"},"datePublished":"2024-09-02T07:15:17+00:00","dateModified":"2025-04-11T09:14:44+00:00","description":"Jako\u015b\u0107 jest dla Kr\u00fcgera najwa\u017cniejsza. Jeste\u015bmy dumni z naszego wysokiej jako\u015bci pod\u0142okietnika do drzwi samochodu. \u25ba Przekonaj si\u0119 sam!","breadcrumb":{"@id":"https:\/\/armrelaxpad.com\/pl\/zaufaj-jakosci\/#breadcrumb"},"inLanguage":"pl-PL","potentialAction":[{"@type":"ReadAction","target":["https:\/\/armrelaxpad.com\/pl\/zaufaj-jakosci\/"]}]},{"@type":"BreadcrumbList","@id":"https:\/\/armrelaxpad.com\/pl\/zaufaj-jakosci\/#breadcrumb","itemListElement":[{"@type":"ListItem","position":1,"name":"Strona g\u0142\u00f3wna","item":"https:\/\/armrelaxpad.com\/pl\/"},{"@type":"ListItem","position":2,"name":"Zaufaj jako\u015bci!"}]},{"@type":"WebSite","@id":"https:\/\/armrelaxpad.com\/pl\/#website","url":"https:\/\/armrelaxpad.com\/pl\/","name":"KDL GmbH","description":"","potentialAction":[{"@type":"SearchAction","target":{"@type":"EntryPoint","urlTemplate":"https:\/\/armrelaxpad.com\/pl\/?s={search_term_string}"},"query-input":{"@type":"PropertyValueSpecification","valueRequired":true,"valueName":"search_term_string"}}],"inLanguage":"pl-PL"}]}},"jetpack_sharing_enabled":true,"_links":{"self":[{"href":"https:\/\/armrelaxpad.com\/pl\/wp-json\/wp\/v2\/pages\/9263","targetHints":{"allow":["GET"]}}],"collection":[{"href":"https:\/\/armrelaxpad.com\/pl\/wp-json\/wp\/v2\/pages"}],"about":[{"href":"https:\/\/armrelaxpad.com\/pl\/wp-json\/wp\/v2\/types\/page"}],"author":[{"embeddable":true,"href":"https:\/\/armrelaxpad.com\/pl\/wp-json\/wp\/v2\/users\/1"}],"replies":[{"embeddable":true,"href":"https:\/\/armrelaxpad.com\/pl\/wp-json\/wp\/v2\/comments?post=9263"}],"version-history":[{"count":16,"href":"https:\/\/armrelaxpad.com\/pl\/wp-json\/wp\/v2\/pages\/9263\/revisions"}],"predecessor-version":[{"id":10224,"href":"https:\/\/armrelaxpad.com\/pl\/wp-json\/wp\/v2\/pages\/9263\/revisions\/10224"}],"wp:attachment":[{"href":"https:\/\/armrelaxpad.com\/pl\/wp-json\/wp\/v2\/media?parent=9263"}],"curies":[{"name":"wp","href":"https:\/\/api.w.org\/{rel}","templated":true}]}}