{"id":9291,"date":"2024-09-04T11:29:45","date_gmt":"2024-09-04T09:29:45","guid":{"rendered":"http:\/\/wordpress.p391076.webspaceconfig.de\/ogolne-warunki-handlowe\/"},"modified":"2025-03-06T17:25:39","modified_gmt":"2025-03-06T16:25:39","slug":"ogolne-warunki-handlowe","status":"publish","type":"page","link":"https:\/\/armrelaxpad.com\/pl\/ogolne-warunki-handlowe\/","title":{"rendered":"Og\u00f3lne warunki handlowe"},"content":{"rendered":"<section class=\"l-section wpb_row height_small\"><div class=\"l-section-h i-cf\"><div class=\"g-cols vc_row via_grid cols_1 laptops-cols_inherit tablets-cols_inherit mobiles-cols_1 valign_top type_default stacking_default\"><div class=\"wpb_column vc_column_container\"><div class=\"vc_column-inner\"><h2 class=\"w-text\"><span class=\"w-text-h\"><span class=\"w-text-value\">Og\u00f3lne warunki handlowe<\/span><\/span><\/h2><div class=\"wpb_text_column\"><div class=\"wpb_wrapper\"><p>Szanowny Kliencie, poni\u017csza strona informacyjna dla klienta spe\u0142nia nasze ustawowe obowi\u0105zki informacyjne i edukacyjne. Informujemy tutaj o wszystkich okoliczno\u015bciach zwi\u0105zanych z zawarciem umowy na podstawie Twojego zam\u00f3wienia i jej realizacji.<\/p>\n<h3>I. Informacje o dostawcy<\/h3>\n<p>KDL GmbH<br \/>\nJulius-C\u00e4sar-Str. 9a<br \/>\n42897 Remscheid<br \/>\nNiemcy<\/p>\n<p>Numer identyfikacji podatkowej: 126\/5740\/1036<\/p>\n<p>Osobi\u015bcie odpowiedzialny wsp\u00f3lnik:<br \/>\nKDL GmbH<br \/>\nJulius-C\u00e4sar-Str. 9a<br \/>\n42897 Remscheid<br \/>\nNiemcy<\/p>\n<p>Prezes: Michael Kr\u00fcger<br \/>\nRejestracja: S\u0105d Rejonowy Wuppertal, HRB 22474<\/p>\n<p>Telefon kom\u00f3rkowy: +49 (0)176 51197240<br \/>\nFaks: 03212-2524251<\/p>\n<h3>II. Informacje o prawie do odst\u0105pienia od umowy i pouczenie<\/h3>\n<h4>Prawo do odst\u0105pienia od umowy<\/h4>\n<p>Masz prawo odst\u0105pi\u0107 od tej umowy w ci\u0105gu jednego miesi\u0105ca bez podania przyczyny. Termin odst\u0105pienia wynosi jeden miesi\u0105c od dnia (w kt\u00f3rym Ty lub wskazana przez Ciebie osoba trzecia, kt\u00f3ra nie jest przewo\u017anikem, wesz\u0142a w posiadanie towar\u00f3w).<\/p>\n<p>Aby skorzysta\u0107 z prawa do odst\u0105pienia od umowy, musisz poinformowa\u0107 nas:<br \/>\nKDL GmbH<br \/>\nJulius-C\u00e4sar-Str. 9a<br \/>\n42897 Remscheid<br \/>\nNiemcy<\/p>\n<p>Telefon kom\u00f3rkowy: +49 (0)176 51197240<br \/>\nFaks: 03212-2524251<br \/>\nE-mail: kdl.gmbh@email.de<\/p>\n<p>za pomoc\u0105 jednoznacznego o\u015bwiadczenia (np. list wys\u0142any poczt\u0105, faks lub e-mail) o swojej decyzji o odst\u0105pieniu od tej umowy. Aby zachowa\u0107 termin odst\u0105pienia, wystarczy wys\u0142a\u0107 zawiadomienie przed up\u0142ywem okresu odst\u0105pienia.<\/p>\n<h4>Skutki odst\u0105pienia<\/h4>\n<p>Je\u015bli odst\u0105pisz od tej umowy, zwr\u00f3cimy Ci wszystkie p\u0142atno\u015bci, kt\u00f3re od Ciebie otrzymali\u015bmy, w tym koszty dostawy (z wyj\u0105tkiem dodatkowych koszt\u00f3w wynikaj\u0105cych z wyboru innej metody dostawy ni\u017c najta\u0144sza standardowa dostawa oferowana przez nas), niezw\u0142ocznie i najp\u00f3\u017aniej w ci\u0105gu jednego miesi\u0105ca od dnia otrzymania Twojej informacji o odst\u0105pieniu od umowy.<\/p>\n<p>Wi\u0119cej informacji dotycz\u0105cych polityki prywatno\u015bci, warunk\u00f3w dostawy i gwarancji mo\u017cna znale\u017a\u0107 w pe\u0142nej wersji dokumentu.<\/p>\n<h3>III. Informacje dotycz\u0105ce Twoich danych<\/h3>\n<p>U\u017cywamy podanych przez Ciebie danych osobowych w celu realizacji zam\u00f3wienia i zawarcia umowy. Nie przekazujemy Twoich danych osobom trzecim, chyba \u017ce jest to niezb\u0119dne do realizacji zam\u00f3wienia (np. dostawca przesy\u0142ki). Po zako\u0144czeniu umowy Twoje dane zostan\u0105 zablokowane i usuni\u0119te, je\u015bli nie wyrazisz zgody na ich dalsze przetwarzanie.<\/p>\n<h3>IV. Warunki sprzeda\u017cy, dostawy, p\u0142atno\u015bci i gwarancji<\/h3>\n<p>1. Dopuszczalne s\u0105 cz\u0119\u015bciowe dostawy. Je\u015bli termin dostawy zostanie przekroczony, klient mo\u017ce odst\u0105pi\u0107 od umowy, je\u015bli uprzednio wyznaczy odpowiedni dodatkowy termin.<\/p>\n<p>2. Zwroty towar\u00f3w musz\u0105 by\u0107 wcze\u015bniej zg\u0142oszone telefonicznie.<\/p>\n<p>3. Obowi\u0105zuj\u0105 ceny z dnia zakupu.<\/p>\n<p>4. Reklamacje nale\u017cy zg\u0142asza\u0107 pisemnie w ci\u0105gu 10 dni od otrzymania towaru.<\/p>\n<p>5. Gwarancja obowi\u0105zuje zgodnie z niemieckim prawem.<\/p>\n<p>6. Towar pozostaje w\u0142asno\u015bci\u0105 KDL GmbH do momentu pe\u0142nej zap\u0142aty.<\/p>\n<h3>V. Ochrona danych osobowych<\/h3>\n<p>Gromadzimy i przetwarzamy dane osobowe wy\u0142\u0105cznie w celu realizacji zam\u00f3wienia. Masz prawo do informacji, korekty i usuni\u0119cia swoich danych.<\/p>\n<h3>VI. Pliki cookie<\/h3>\n<p>Nasza strona internetowa wykorzystuje pliki cookie w celu poprawy funkcjonalno\u015bci i analizy ruchu. Mo\u017cesz zarz\u0105dza\u0107 ustawieniami plik\u00f3w cookie w swojej przegl\u0105darce.<\/p>\n<p><strong>Chrome Browser:<\/strong> <a href=\"https:\/\/support.google.com\/accounts\/answer\/61416?hl=pl\" target=\"_blank\" rel=\"noopener\">https:\/\/support.google.com\/accounts\/answer\/61416?hl=pl<\/a><\/p>\n<p><strong>Internet Explorer:<\/strong> <a href=\"https:\/\/support.microsoft.com\/pl-pl\/help\/17442\/windows-internet-explorer-delete-manage-cookies\" target=\"_blank\" rel=\"noopener\">https:\/\/support.microsoft.com\/pl-pl\/help\/17442\/windows-internet-explorer-delete-manage-cookies<\/a><\/p>\n<p><strong>Mozilla Firefox:<\/strong> <a href=\"https:\/\/support.mozilla.org\/pl\/kb\/cookies-erlauben-und-ablehnen\" target=\"_blank\" rel=\"noopener\">https:\/\/support.mozilla.org\/pl\/kb\/cookies-erlauben-und-ablehnen<\/a><\/p>\n<p><strong>Safari:<\/strong> <a href=\"https:\/\/support.apple.com\/pl-pl\/guide\/safari\/manage-cookies-and-website-data-sfri11471\/mac\" target=\"_blank\" rel=\"noopener\">https:\/\/support.apple.com\/pl-pl\/guide\/safari\/manage-cookies-and-website-data-sfri11471\/mac<\/a><\/p>\n<h2>Korzystanie z Google Analytics<\/h2>\n<p>Nasza strona korzysta z us\u0142ugi analitycznej Google Analytics, dostarczanej przez Google Inc. (1600 Amphitheatre Parkway, Mountain View, CA 94043, USA; &#8222;Google&#8221;). Przetwarzanie danych ma na celu analiz\u0119 dzia\u0142ania strony internetowej i zachowa\u0144 u\u017cytkownik\u00f3w. Google, na zlecenie operatora tej witryny, wykorzysta zgromadzone informacje do analizy korzystania z witryny, tworzenia raport\u00f3w dotycz\u0105cych aktywno\u015bci w witrynie i \u015bwiadczenia innych us\u0142ug zwi\u0105zanych z jej u\u017cytkowaniem.<\/p>\n<p>Adres IP przekazany w ramach Google Analytics nie b\u0119dzie \u0142\u0105czony z innymi danymi Google. Google Analytics wykorzystuje pliki cookie umo\u017cliwiaj\u0105ce analiz\u0119 korzystania z witryny. Informacje generowane przez pliki cookie s\u0105 zazwyczaj przesy\u0142ane na serwer Google w USA i tam przechowywane. W tej witrynie aktywowano anonimizacj\u0119 IP, co oznacza, \u017ce adres IP u\u017cytkownika zostanie skr\u00f3cony w obr\u0119bie pa\u0144stw cz\u0142onkowskich UE oraz EOG. Pe\u0142ny adres IP mo\u017ce by\u0107 przekazany na serwer Google w USA tylko w wyj\u0105tkowych przypadkach.<\/p>\n<p>U\u017cytkownik ma prawo sprzeciwi\u0107 si\u0119 przetwarzaniu swoich danych zgodnie z Art. 6 (1) lit. f RODO. Mo\u017cna to zrobi\u0107 poprzez zmian\u0119 ustawie\u0144 plik\u00f3w cookie w przegl\u0105darce lub pobranie i zainstalowanie wtyczki do przegl\u0105darki, dost\u0119pnej pod adresem: <a href=\"https:\/\/tools.google.com\/dlpage\/gaoptout?hl=pl\" target=\"_blank\" rel=\"noopener\">https:\/\/tools.google.com\/dlpage\/gaoptout?hl=pl<\/a><\/p>\n<h2>Google Ads Conversion Tracking<\/h2>\n<p>Nasza witryna korzysta z programu reklamowego &#8222;Google Ads&#8221; i powi\u0105zanego z nim systemu \u015bledzenia konwersji (Conversion Tracking). Google Ads to us\u0142uga Google Inc., kt\u00f3ra umo\u017cliwia \u015bledzenie skuteczno\u015bci reklam. Po klikni\u0119ciu reklamy Google na komputerze u\u017cytkownika zapisywany jest plik cookie o ograniczonym czasie wa\u017cno\u015bci. Te pliki cookie nie zawieraj\u0105 danych osobowych i nie umo\u017cliwiaj\u0105 identyfikacji u\u017cytkownika.<\/p>\n<p>U\u017cytkownik mo\u017ce sprzeciwi\u0107 si\u0119 przetwarzaniu swoich danych zgodnie z Art. 6 (1) lit. f RODO, wy\u0142\u0105czaj\u0105c personalizacj\u0119 reklam w ustawieniach Google: <a href=\"https:\/\/support.google.com\/ads\/answer\/2662922?hl=pl\" target=\"_blank\" rel=\"noopener\">https:\/\/support.google.com\/ads\/answer\/2662922?hl=pl<\/a><\/p>\n<h2>Przechowywanie danych<\/h2>\n<p>Po zako\u0144czeniu realizacji zam\u00f3wienia dane b\u0119d\u0105 przechowywane przez okres wynikaj\u0105cy z wymog\u00f3w podatkowych i handlowych, a nast\u0119pnie usuwane, o ile u\u017cytkownik nie wyrazi zgody na ich dalsze przetwarzanie.<\/p>\n<h2>Prawa u\u017cytkownika<\/h2>\n<p>U\u017cytkownikowi przys\u0142uguj\u0105 nast\u0119puj\u0105ce prawa wynikaj\u0105ce z RODO:<\/p>\n<ul>\n<li>Prawo dost\u0119pu do danych (Art. 15 RODO)<\/li>\n<li>Prawo do sprostowania danych (Art. 16 RODO)<\/li>\n<li>Prawo do usuni\u0119cia danych (Art. 17 RODO)<\/li>\n<li>Prawo do ograniczenia przetwarzania danych (Art. 18 RODO)<\/li>\n<li>Prawo do przenoszenia danych (Art. 20 RODO)<\/li>\n<li>Prawo do sprzeciwu wobec przetwarzania danych (Art. 21 RODO)<\/li>\n<\/ul>\n<p>W sprawie realizacji powy\u017cszych praw mo\u017cna skontaktowa\u0107 si\u0119 z nami za pomoc\u0105 danych kontaktowych podanych w naszym regulaminie.<\/p>\n<h2>Prawo do z\u0142o\u017cenia skargi<\/h2>\n<p>Je\u015bli u\u017cytkownik uzna, \u017ce przetwarzanie jego danych osobowych narusza przepisy RODO, ma prawo z\u0142o\u017cy\u0107 skarg\u0119 do organu nadzorczego, zgodnie z Art. 77 RODO.<\/p>\n<\/div><\/div><\/div><\/div><\/div><\/div><\/section>\n","protected":false},"excerpt":{"rendered":"Og\u00f3lne warunki handloweSzanowny Kliencie, poni\u017csza strona informacyjna dla klienta spe\u0142nia nasze ustawowe obowi\u0105zki informacyjne i edukacyjne. Informujemy tutaj o wszystkich okoliczno\u015bciach zwi\u0105zanych z zawarciem umowy na podstawie Twojego zam\u00f3wienia i jej realizacji. I. Informacje o dostawcy KDL GmbH Julius-C\u00e4sar-Str. 9a 42897 Remscheid Niemcy Numer identyfikacji podatkowej: 126\/5740\/1036 Osobi\u015bcie odpowiedzialny wsp\u00f3lnik: KDL GmbH Julius-C\u00e4sar-Str. 9a 42897...","protected":false},"author":1,"featured_media":0,"parent":0,"menu_order":998,"comment_status":"closed","ping_status":"closed","template":"","meta":{"footnotes":""},"class_list":["post-9291","page","type-page","status-publish","hentry"],"yoast_head":"<!-- This site is optimized with the Yoast SEO plugin v27.4 - https:\/\/yoast.com\/product\/yoast-seo-wordpress\/ -->\n<title>Og\u00f3lne warunki handlowe - KDL GmbH<\/title>\n<meta name=\"robots\" content=\"index, follow, max-snippet:-1, max-image-preview:large, max-video-preview:-1\" \/>\n<link rel=\"canonical\" href=\"https:\/\/armrelaxpad.com\/pl\/ogolne-warunki-handlowe\/\" \/>\n<meta property=\"og:locale\" content=\"pl_PL\" \/>\n<meta property=\"og:type\" content=\"article\" \/>\n<meta property=\"og:title\" content=\"Og\u00f3lne warunki handlowe - KDL GmbH\" \/>\n<meta property=\"og:url\" content=\"https:\/\/armrelaxpad.com\/pl\/ogolne-warunki-handlowe\/\" \/>\n<meta property=\"og:site_name\" content=\"KDL GmbH\" \/>\n<meta property=\"article:modified_time\" content=\"2025-03-06T16:25:39+00:00\" \/>\n<meta name=\"twitter:card\" content=\"summary_large_image\" \/>\n<meta name=\"twitter:label1\" content=\"Szacowany czas czytania\" \/>\n\t<meta name=\"twitter:data1\" content=\"5 minut\" \/>\n<script type=\"application\/ld+json\" class=\"yoast-schema-graph\">{\"@context\":\"https:\\\/\\\/schema.org\",\"@graph\":[{\"@type\":\"WebPage\",\"@id\":\"https:\\\/\\\/armrelaxpad.com\\\/pl\\\/ogolne-warunki-handlowe\\\/\",\"url\":\"https:\\\/\\\/armrelaxpad.com\\\/pl\\\/ogolne-warunki-handlowe\\\/\",\"name\":\"Og\u00f3lne warunki handlowe - KDL GmbH\",\"isPartOf\":{\"@id\":\"https:\\\/\\\/armrelaxpad.com\\\/pl\\\/#website\"},\"datePublished\":\"2024-09-04T09:29:45+00:00\",\"dateModified\":\"2025-03-06T16:25:39+00:00\",\"breadcrumb\":{\"@id\":\"https:\\\/\\\/armrelaxpad.com\\\/pl\\\/ogolne-warunki-handlowe\\\/#breadcrumb\"},\"inLanguage\":\"pl-PL\",\"potentialAction\":[{\"@type\":\"ReadAction\",\"target\":[\"https:\\\/\\\/armrelaxpad.com\\\/pl\\\/ogolne-warunki-handlowe\\\/\"]}]},{\"@type\":\"BreadcrumbList\",\"@id\":\"https:\\\/\\\/armrelaxpad.com\\\/pl\\\/ogolne-warunki-handlowe\\\/#breadcrumb\",\"itemListElement\":[{\"@type\":\"ListItem\",\"position\":1,\"name\":\"Strona g\u0142\u00f3wna\",\"item\":\"https:\\\/\\\/armrelaxpad.com\\\/pl\\\/\"},{\"@type\":\"ListItem\",\"position\":2,\"name\":\"Og\u00f3lne warunki handlowe\"}]},{\"@type\":\"WebSite\",\"@id\":\"https:\\\/\\\/armrelaxpad.com\\\/pl\\\/#website\",\"url\":\"https:\\\/\\\/armrelaxpad.com\\\/pl\\\/\",\"name\":\"KDL GmbH\",\"description\":\"\",\"potentialAction\":[{\"@type\":\"SearchAction\",\"target\":{\"@type\":\"EntryPoint\",\"urlTemplate\":\"https:\\\/\\\/armrelaxpad.com\\\/pl\\\/?s={search_term_string}\"},\"query-input\":{\"@type\":\"PropertyValueSpecification\",\"valueRequired\":true,\"valueName\":\"search_term_string\"}}],\"inLanguage\":\"pl-PL\"}]}<\/script>\n<!-- \/ Yoast SEO plugin. -->","yoast_head_json":{"title":"Og\u00f3lne warunki handlowe - KDL GmbH","robots":{"index":"index","follow":"follow","max-snippet":"max-snippet:-1","max-image-preview":"max-image-preview:large","max-video-preview":"max-video-preview:-1"},"canonical":"https:\/\/armrelaxpad.com\/pl\/ogolne-warunki-handlowe\/","og_locale":"pl_PL","og_type":"article","og_title":"Og\u00f3lne warunki handlowe - KDL GmbH","og_url":"https:\/\/armrelaxpad.com\/pl\/ogolne-warunki-handlowe\/","og_site_name":"KDL GmbH","article_modified_time":"2025-03-06T16:25:39+00:00","twitter_card":"summary_large_image","twitter_misc":{"Szacowany czas czytania":"5 minut"},"schema":{"@context":"https:\/\/schema.org","@graph":[{"@type":"WebPage","@id":"https:\/\/armrelaxpad.com\/pl\/ogolne-warunki-handlowe\/","url":"https:\/\/armrelaxpad.com\/pl\/ogolne-warunki-handlowe\/","name":"Og\u00f3lne warunki handlowe - KDL GmbH","isPartOf":{"@id":"https:\/\/armrelaxpad.com\/pl\/#website"},"datePublished":"2024-09-04T09:29:45+00:00","dateModified":"2025-03-06T16:25:39+00:00","breadcrumb":{"@id":"https:\/\/armrelaxpad.com\/pl\/ogolne-warunki-handlowe\/#breadcrumb"},"inLanguage":"pl-PL","potentialAction":[{"@type":"ReadAction","target":["https:\/\/armrelaxpad.com\/pl\/ogolne-warunki-handlowe\/"]}]},{"@type":"BreadcrumbList","@id":"https:\/\/armrelaxpad.com\/pl\/ogolne-warunki-handlowe\/#breadcrumb","itemListElement":[{"@type":"ListItem","position":1,"name":"Strona g\u0142\u00f3wna","item":"https:\/\/armrelaxpad.com\/pl\/"},{"@type":"ListItem","position":2,"name":"Og\u00f3lne warunki handlowe"}]},{"@type":"WebSite","@id":"https:\/\/armrelaxpad.com\/pl\/#website","url":"https:\/\/armrelaxpad.com\/pl\/","name":"KDL GmbH","description":"","potentialAction":[{"@type":"SearchAction","target":{"@type":"EntryPoint","urlTemplate":"https:\/\/armrelaxpad.com\/pl\/?s={search_term_string}"},"query-input":{"@type":"PropertyValueSpecification","valueRequired":true,"valueName":"search_term_string"}}],"inLanguage":"pl-PL"}]}},"jetpack_sharing_enabled":true,"_links":{"self":[{"href":"https:\/\/armrelaxpad.com\/pl\/wp-json\/wp\/v2\/pages\/9291","targetHints":{"allow":["GET"]}}],"collection":[{"href":"https:\/\/armrelaxpad.com\/pl\/wp-json\/wp\/v2\/pages"}],"about":[{"href":"https:\/\/armrelaxpad.com\/pl\/wp-json\/wp\/v2\/types\/page"}],"author":[{"embeddable":true,"href":"https:\/\/armrelaxpad.com\/pl\/wp-json\/wp\/v2\/users\/1"}],"replies":[{"embeddable":true,"href":"https:\/\/armrelaxpad.com\/pl\/wp-json\/wp\/v2\/comments?post=9291"}],"version-history":[{"count":6,"href":"https:\/\/armrelaxpad.com\/pl\/wp-json\/wp\/v2\/pages\/9291\/revisions"}],"predecessor-version":[{"id":10354,"href":"https:\/\/armrelaxpad.com\/pl\/wp-json\/wp\/v2\/pages\/9291\/revisions\/10354"}],"wp:attachment":[{"href":"https:\/\/armrelaxpad.com\/pl\/wp-json\/wp\/v2\/media?parent=9291"}],"curies":[{"name":"wp","href":"https:\/\/api.w.org\/{rel}","templated":true}]}}