{"id":9985,"date":"2016-09-29T06:39:35","date_gmt":"2016-09-29T04:39:35","guid":{"rendered":"http:\/\/wordpress.p391076.webspaceconfig.de\/warunki-dostawy-i-platnosci\/"},"modified":"2025-03-06T12:41:44","modified_gmt":"2025-03-06T11:41:44","slug":"warunki-dostawy-i-platnosci","status":"publish","type":"page","link":"https:\/\/armrelaxpad.com\/pl\/warunki-dostawy-i-platnosci\/","title":{"rendered":"Warunki dostawy i p\u0142atno\u015bci"},"content":{"rendered":"<section class=\"l-section wpb_row height_small\"><div class=\"l-section-h i-cf\"><div class=\"g-cols vc_row via_grid cols_1 laptops-cols_inherit tablets-cols_inherit mobiles-cols_1 valign_top type_default stacking_default\"><div class=\"wpb_column vc_column_container\"><div class=\"vc_column-inner\"><h2 class=\"w-text\"><span class=\"w-text-h\"><span class=\"w-text-value\">Specjalne instrukcje dotycz\u0105ce wysy\u0142ki za granic\u0119:<\/span><\/span><\/h2><div class=\"wpb_text_column\"><div class=\"wpb_wrapper\"><p>Dostawy za granic\u0119 mog\u0105 podlega\u0107 op\u0142atom celnym, podatkom i op\u0142atom, kt\u00f3re nie s\u0105 wliczone w podan\u0105 cen\u0119 ca\u0142kowit\u0105.<\/p>\n<\/div><\/div><\/div><\/div><\/div><\/div><\/section><section class=\"l-section wpb_row height_small\"><div class=\"l-section-h i-cf\"><div class=\"g-cols vc_row via_grid cols_2 laptops-cols_inherit tablets-cols_inherit mobiles-cols_1 valign_top type_default stacking_default\" style=\"--columns-gap:65px;\"><div class=\"wpb_column vc_column_container\"><div class=\"vc_column-inner\"><div class=\"wpb_text_column\"><div class=\"wpb_wrapper\"><h2>dostawa<\/h2>\n<p>Kraje, do kt\u00f3rych realizowane s\u0105 wysy\u0142ki:<\/p>\n<table class=\"j-delivery-info\">\n<thead>\n<tr>\n<th>\u00a0<\/th>\n<th>Standardowe koszty wysy\u0142ki<\/th>\n<\/tr>\n<\/thead>\n<tbody>\n<tr>\n<td>Austria<\/td>\n<td>15,00 \u20ac<\/td>\n<\/tr>\n<tr>\n<td>Belgia<\/td>\n<td>15,00 \u20ac<\/td>\n<\/tr>\n<tr>\n<td>Czechy<\/td>\n<td>15,00 \u20ac<\/td>\n<\/tr>\n<tr>\n<td>Niemcy<\/td>\n<td>5,00 \u20ac<\/td>\n<\/tr>\n<tr>\n<td>Hiszpania<\/td>\n<td>15,00 \u20ac<\/td>\n<\/tr>\n<tr>\n<td>Francja<\/td>\n<td>15,00 \u20ac<\/td>\n<\/tr>\n<tr>\n<td>W\u0142ochy<\/td>\n<td>15,00 \u20ac<\/td>\n<\/tr>\n<tr>\n<td>Luksemburg<\/td>\n<td>15,00 \u20ac<\/td>\n<\/tr>\n<tr>\n<td>Holandia<\/td>\n<td>15,00 \u20ac<\/td>\n<\/tr>\n<tr>\n<td>Polska<\/td>\n<td>15,00 \u20ac<\/td>\n<\/tr>\n<tr>\n<td>Portugalia<\/td>\n<td>15,00 \u20ac<\/td>\n<\/tr>\n<\/tbody>\n<\/table>\n<\/div><\/div><div class=\"w-separator size_large\"><\/div><\/div><\/div><div class=\"wpb_column vc_column_container\"><div class=\"vc_column-inner\"><div class=\"wpb_text_column\"><div class=\"wpb_wrapper\"><h2 class=\"n\">Metody p\u0142atno\u015bci<\/h2>\n<p>Obecnie akceptujemy nast\u0119puj\u0105ce metody p\u0142atno\u015bci (mo\u017cesz wybra\u0107 metod\u0119 p\u0142atno\u015bci podczas sk\u0142adania zam\u00f3wienia):<\/p>\n<ul>\n<li><strong>Przedp\u0142ata<\/strong><\/li>\n<li><strong>PayPal <\/strong>(karta kredytowa, polecenie zap\u0142aty, przelew bankowy) Je\u015bli wybierzesz t\u0119 metod\u0119 p\u0142atno\u015bci, zostaniesz przekierowany do PayPal w nast\u0119pnym kroku. Po wprowadzeniu wymaganych danych nast\u0105pi automatyczny powr\u00f3t do tego sklepu w celu sfinalizowania zam\u00f3wienia. <strong><br \/>\n<\/strong><\/li>\n<\/ul>\n<\/div><\/div><div class=\"w-separator size_large\"><\/div><\/div><\/div><\/div><\/div><\/section>\n","protected":false},"excerpt":{"rendered":"Specjalne instrukcje dotycz\u0105ce wysy\u0142ki za granic\u0119:Dostawy za granic\u0119 mog\u0105 podlega\u0107 op\u0142atom celnym, podatkom i op\u0142atom, kt\u00f3re nie s\u0105 wliczone w podan\u0105 cen\u0119 ca\u0142kowit\u0105. dostawa Kraje, do kt\u00f3rych realizowane s\u0105 wysy\u0142ki: \u00a0 Standardowe koszty wysy\u0142ki Austria 15,00 \u20ac Belgia 15,00 \u20ac Czechy 15,00 \u20ac Niemcy 5,00 \u20ac Hiszpania 15,00 \u20ac Francja 15,00 \u20ac W\u0142ochy 15,00 \u20ac...","protected":false},"author":1,"featured_media":0,"parent":0,"menu_order":950,"comment_status":"closed","ping_status":"closed","template":"","meta":{"footnotes":""},"class_list":["post-9985","page","type-page","status-publish","hentry"],"yoast_head":"<!-- This site is optimized with the Yoast SEO plugin v27.4 - https:\/\/yoast.com\/product\/yoast-seo-wordpress\/ -->\n<title>Warunki dostawy i p\u0142atno\u015bci - KDL GmbH<\/title>\n<meta name=\"robots\" content=\"index, follow, max-snippet:-1, max-image-preview:large, max-video-preview:-1\" \/>\n<link rel=\"canonical\" href=\"https:\/\/armrelaxpad.com\/pl\/warunki-dostawy-i-platnosci\/\" \/>\n<meta property=\"og:locale\" content=\"pl_PL\" \/>\n<meta property=\"og:type\" content=\"article\" \/>\n<meta property=\"og:title\" content=\"Warunki dostawy i p\u0142atno\u015bci - KDL GmbH\" \/>\n<meta property=\"og:url\" content=\"https:\/\/armrelaxpad.com\/pl\/warunki-dostawy-i-platnosci\/\" \/>\n<meta property=\"og:site_name\" content=\"KDL GmbH\" \/>\n<meta property=\"article:modified_time\" content=\"2025-03-06T11:41:44+00:00\" \/>\n<meta name=\"twitter:card\" content=\"summary_large_image\" \/>\n<meta name=\"twitter:label1\" content=\"Szacowany czas czytania\" \/>\n\t<meta name=\"twitter:data1\" content=\"3 minuty\" \/>\n<script type=\"application\/ld+json\" class=\"yoast-schema-graph\">{\"@context\":\"https:\\\/\\\/schema.org\",\"@graph\":[{\"@type\":\"WebPage\",\"@id\":\"https:\\\/\\\/armrelaxpad.com\\\/pl\\\/warunki-dostawy-i-platnosci\\\/\",\"url\":\"https:\\\/\\\/armrelaxpad.com\\\/pl\\\/warunki-dostawy-i-platnosci\\\/\",\"name\":\"Warunki dostawy i p\u0142atno\u015bci - KDL GmbH\",\"isPartOf\":{\"@id\":\"https:\\\/\\\/armrelaxpad.com\\\/pl\\\/#website\"},\"datePublished\":\"2016-09-29T04:39:35+00:00\",\"dateModified\":\"2025-03-06T11:41:44+00:00\",\"breadcrumb\":{\"@id\":\"https:\\\/\\\/armrelaxpad.com\\\/pl\\\/warunki-dostawy-i-platnosci\\\/#breadcrumb\"},\"inLanguage\":\"pl-PL\",\"potentialAction\":[{\"@type\":\"ReadAction\",\"target\":[\"https:\\\/\\\/armrelaxpad.com\\\/pl\\\/warunki-dostawy-i-platnosci\\\/\"]}]},{\"@type\":\"BreadcrumbList\",\"@id\":\"https:\\\/\\\/armrelaxpad.com\\\/pl\\\/warunki-dostawy-i-platnosci\\\/#breadcrumb\",\"itemListElement\":[{\"@type\":\"ListItem\",\"position\":1,\"name\":\"Strona g\u0142\u00f3wna\",\"item\":\"https:\\\/\\\/armrelaxpad.com\\\/pl\\\/\"},{\"@type\":\"ListItem\",\"position\":2,\"name\":\"Warunki dostawy i p\u0142atno\u015bci\"}]},{\"@type\":\"WebSite\",\"@id\":\"https:\\\/\\\/armrelaxpad.com\\\/pl\\\/#website\",\"url\":\"https:\\\/\\\/armrelaxpad.com\\\/pl\\\/\",\"name\":\"KDL GmbH\",\"description\":\"\",\"potentialAction\":[{\"@type\":\"SearchAction\",\"target\":{\"@type\":\"EntryPoint\",\"urlTemplate\":\"https:\\\/\\\/armrelaxpad.com\\\/pl\\\/?s={search_term_string}\"},\"query-input\":{\"@type\":\"PropertyValueSpecification\",\"valueRequired\":true,\"valueName\":\"search_term_string\"}}],\"inLanguage\":\"pl-PL\"}]}<\/script>\n<!-- \/ Yoast SEO plugin. -->","yoast_head_json":{"title":"Warunki dostawy i p\u0142atno\u015bci - KDL GmbH","robots":{"index":"index","follow":"follow","max-snippet":"max-snippet:-1","max-image-preview":"max-image-preview:large","max-video-preview":"max-video-preview:-1"},"canonical":"https:\/\/armrelaxpad.com\/pl\/warunki-dostawy-i-platnosci\/","og_locale":"pl_PL","og_type":"article","og_title":"Warunki dostawy i p\u0142atno\u015bci - KDL GmbH","og_url":"https:\/\/armrelaxpad.com\/pl\/warunki-dostawy-i-platnosci\/","og_site_name":"KDL GmbH","article_modified_time":"2025-03-06T11:41:44+00:00","twitter_card":"summary_large_image","twitter_misc":{"Szacowany czas czytania":"3 minuty"},"schema":{"@context":"https:\/\/schema.org","@graph":[{"@type":"WebPage","@id":"https:\/\/armrelaxpad.com\/pl\/warunki-dostawy-i-platnosci\/","url":"https:\/\/armrelaxpad.com\/pl\/warunki-dostawy-i-platnosci\/","name":"Warunki dostawy i p\u0142atno\u015bci - KDL GmbH","isPartOf":{"@id":"https:\/\/armrelaxpad.com\/pl\/#website"},"datePublished":"2016-09-29T04:39:35+00:00","dateModified":"2025-03-06T11:41:44+00:00","breadcrumb":{"@id":"https:\/\/armrelaxpad.com\/pl\/warunki-dostawy-i-platnosci\/#breadcrumb"},"inLanguage":"pl-PL","potentialAction":[{"@type":"ReadAction","target":["https:\/\/armrelaxpad.com\/pl\/warunki-dostawy-i-platnosci\/"]}]},{"@type":"BreadcrumbList","@id":"https:\/\/armrelaxpad.com\/pl\/warunki-dostawy-i-platnosci\/#breadcrumb","itemListElement":[{"@type":"ListItem","position":1,"name":"Strona g\u0142\u00f3wna","item":"https:\/\/armrelaxpad.com\/pl\/"},{"@type":"ListItem","position":2,"name":"Warunki dostawy i p\u0142atno\u015bci"}]},{"@type":"WebSite","@id":"https:\/\/armrelaxpad.com\/pl\/#website","url":"https:\/\/armrelaxpad.com\/pl\/","name":"KDL GmbH","description":"","potentialAction":[{"@type":"SearchAction","target":{"@type":"EntryPoint","urlTemplate":"https:\/\/armrelaxpad.com\/pl\/?s={search_term_string}"},"query-input":{"@type":"PropertyValueSpecification","valueRequired":true,"valueName":"search_term_string"}}],"inLanguage":"pl-PL"}]}},"jetpack_sharing_enabled":true,"_links":{"self":[{"href":"https:\/\/armrelaxpad.com\/pl\/wp-json\/wp\/v2\/pages\/9985","targetHints":{"allow":["GET"]}}],"collection":[{"href":"https:\/\/armrelaxpad.com\/pl\/wp-json\/wp\/v2\/pages"}],"about":[{"href":"https:\/\/armrelaxpad.com\/pl\/wp-json\/wp\/v2\/types\/page"}],"author":[{"embeddable":true,"href":"https:\/\/armrelaxpad.com\/pl\/wp-json\/wp\/v2\/users\/1"}],"replies":[{"embeddable":true,"href":"https:\/\/armrelaxpad.com\/pl\/wp-json\/wp\/v2\/comments?post=9985"}],"version-history":[{"count":4,"href":"https:\/\/armrelaxpad.com\/pl\/wp-json\/wp\/v2\/pages\/9985\/revisions"}],"predecessor-version":[{"id":10315,"href":"https:\/\/armrelaxpad.com\/pl\/wp-json\/wp\/v2\/pages\/9985\/revisions\/10315"}],"wp:attachment":[{"href":"https:\/\/armrelaxpad.com\/pl\/wp-json\/wp\/v2\/media?parent=9985"}],"curies":[{"name":"wp","href":"https:\/\/api.w.org\/{rel}","templated":true}]}}