{"id":9051,"date":"2013-06-07T11:36:34","date_gmt":"2013-06-07T09:36:34","guid":{"rendered":"http:\/\/wordpress.p391076.webspaceconfig.de\/produkt\/podlokietnik-kruegers-10-cm\/"},"modified":"2025-02-26T11:59:46","modified_gmt":"2025-02-26T10:59:46","slug":"podlokietnik-kruegers-10-cm","status":"publish","type":"product","link":"https:\/\/armrelaxpad.com\/pl\/produkt\/podlokietnik-kruegers-10-cm\/","title":{"rendered":"Armrelaxpad, 10 cm"},"content":{"rendered":"<p>Podk\u0142adka pod rami\u0119 do drzwi kierowcy Wysoko\u015b\u0107: 10 cm<\/p>\n","protected":false},"excerpt":{"rendered":"<p>Podk\u0142adki pod ramiona drzwi kierowcy<\/p>\n","protected":false},"featured_media":10577,"comment_status":"closed","ping_status":"closed","template":"","meta":[],"product_brand":[],"product_cat":[79],"product_tag":[],"class_list":{"0":"post-9051","1":"product","2":"type-product","3":"status-publish","4":"has-post-thumbnail","6":"product_cat-podlokietniki","8":"first","9":"instock","10":"sale","11":"downloadable","12":"purchasable","13":"product-type-simple"},"yoast_head":"<!-- This site is optimized with the Yoast SEO plugin v27.4 - https:\/\/yoast.com\/product\/yoast-seo-wordpress\/ -->\n<title>Armrelaxpad, 10 cm - KDL GmbH<\/title>\n<meta name=\"robots\" content=\"index, follow, max-snippet:-1, max-image-preview:large, max-video-preview:-1\" \/>\n<link rel=\"canonical\" href=\"https:\/\/armrelaxpad.com\/pl\/produkt\/podlokietnik-kruegers-10-cm\/\" \/>\n<meta property=\"og:locale\" content=\"pl_PL\" \/>\n<meta property=\"og:type\" content=\"article\" \/>\n<meta property=\"og:title\" content=\"Armrelaxpad, 10 cm - KDL GmbH\" \/>\n<meta property=\"og:description\" content=\"Podk\u0142adki pod ramiona drzwi kierowcy\" \/>\n<meta property=\"og:url\" content=\"https:\/\/armrelaxpad.com\/pl\/produkt\/podlokietnik-kruegers-10-cm\/\" \/>\n<meta property=\"og:site_name\" content=\"KDL GmbH\" \/>\n<meta property=\"article:modified_time\" content=\"2025-02-26T10:59:46+00:00\" \/>\n<meta property=\"og:image\" content=\"https:\/\/armrelaxpad.com\/wp-content\/uploads\/armrelaxpad-pdp.jpg\" \/>\n\t<meta property=\"og:image:width\" content=\"2215\" \/>\n\t<meta property=\"og:image:height\" content=\"2215\" \/>\n\t<meta property=\"og:image:type\" content=\"image\/jpeg\" \/>\n<meta name=\"twitter:card\" content=\"summary_large_image\" \/>\n<meta name=\"twitter:label1\" content=\"Szacowany czas czytania\" \/>\n\t<meta name=\"twitter:data1\" content=\"1 minuta\" \/>\n<script type=\"application\/ld+json\" class=\"yoast-schema-graph\">{\"@context\":\"https:\\\/\\\/schema.org\",\"@graph\":[{\"@type\":\"WebPage\",\"@id\":\"https:\\\/\\\/armrelaxpad.com\\\/pl\\\/produkt\\\/podlokietnik-kruegers-10-cm\\\/\",\"url\":\"https:\\\/\\\/armrelaxpad.com\\\/pl\\\/produkt\\\/podlokietnik-kruegers-10-cm\\\/\",\"name\":\"Armrelaxpad, 10 cm - KDL GmbH\",\"isPartOf\":{\"@id\":\"https:\\\/\\\/armrelaxpad.com\\\/pl\\\/#website\"},\"primaryImageOfPage\":{\"@id\":\"https:\\\/\\\/armrelaxpad.com\\\/pl\\\/produkt\\\/podlokietnik-kruegers-10-cm\\\/#primaryimage\"},\"image\":{\"@id\":\"https:\\\/\\\/armrelaxpad.com\\\/pl\\\/produkt\\\/podlokietnik-kruegers-10-cm\\\/#primaryimage\"},\"thumbnailUrl\":\"https:\\\/\\\/armrelaxpad.com\\\/wp-content\\\/uploads\\\/armrelaxpad-pdp.jpg\",\"datePublished\":\"2013-06-07T09:36:34+00:00\",\"dateModified\":\"2025-02-26T10:59:46+00:00\",\"breadcrumb\":{\"@id\":\"https:\\\/\\\/armrelaxpad.com\\\/pl\\\/produkt\\\/podlokietnik-kruegers-10-cm\\\/#breadcrumb\"},\"inLanguage\":\"pl-PL\",\"potentialAction\":[{\"@type\":\"ReadAction\",\"target\":[\"https:\\\/\\\/armrelaxpad.com\\\/pl\\\/produkt\\\/podlokietnik-kruegers-10-cm\\\/\"]}]},{\"@type\":\"ImageObject\",\"inLanguage\":\"pl-PL\",\"@id\":\"https:\\\/\\\/armrelaxpad.com\\\/pl\\\/produkt\\\/podlokietnik-kruegers-10-cm\\\/#primaryimage\",\"url\":\"https:\\\/\\\/armrelaxpad.com\\\/wp-content\\\/uploads\\\/armrelaxpad-pdp.jpg\",\"contentUrl\":\"https:\\\/\\\/armrelaxpad.com\\\/wp-content\\\/uploads\\\/armrelaxpad-pdp.jpg\",\"width\":2215,\"height\":2215},{\"@type\":\"BreadcrumbList\",\"@id\":\"https:\\\/\\\/armrelaxpad.com\\\/pl\\\/produkt\\\/podlokietnik-kruegers-10-cm\\\/#breadcrumb\",\"itemListElement\":[{\"@type\":\"ListItem\",\"position\":1,\"name\":\"Strona g\u0142\u00f3wna\",\"item\":\"https:\\\/\\\/armrelaxpad.com\\\/pl\\\/\"},{\"@type\":\"ListItem\",\"position\":2,\"name\":\"Nasze produkty\",\"item\":\"https:\\\/\\\/armrelaxpad.com\\\/shop\\\/\"},{\"@type\":\"ListItem\",\"position\":3,\"name\":\"Armrelaxpad, 10 cm\"}]},{\"@type\":\"WebSite\",\"@id\":\"https:\\\/\\\/armrelaxpad.com\\\/pl\\\/#website\",\"url\":\"https:\\\/\\\/armrelaxpad.com\\\/pl\\\/\",\"name\":\"KDL GmbH\",\"description\":\"\",\"potentialAction\":[{\"@type\":\"SearchAction\",\"target\":{\"@type\":\"EntryPoint\",\"urlTemplate\":\"https:\\\/\\\/armrelaxpad.com\\\/pl\\\/?s={search_term_string}\"},\"query-input\":{\"@type\":\"PropertyValueSpecification\",\"valueRequired\":true,\"valueName\":\"search_term_string\"}}],\"inLanguage\":\"pl-PL\"}]}<\/script>\n<!-- \/ Yoast SEO plugin. -->","yoast_head_json":{"title":"Armrelaxpad, 10 cm - KDL GmbH","robots":{"index":"index","follow":"follow","max-snippet":"max-snippet:-1","max-image-preview":"max-image-preview:large","max-video-preview":"max-video-preview:-1"},"canonical":"https:\/\/armrelaxpad.com\/pl\/produkt\/podlokietnik-kruegers-10-cm\/","og_locale":"pl_PL","og_type":"article","og_title":"Armrelaxpad, 10 cm - KDL GmbH","og_description":"Podk\u0142adki pod ramiona drzwi kierowcy","og_url":"https:\/\/armrelaxpad.com\/pl\/produkt\/podlokietnik-kruegers-10-cm\/","og_site_name":"KDL GmbH","article_modified_time":"2025-02-26T10:59:46+00:00","og_image":[{"width":2215,"height":2215,"url":"https:\/\/armrelaxpad.com\/wp-content\/uploads\/armrelaxpad-pdp.jpg","type":"image\/jpeg"}],"twitter_card":"summary_large_image","twitter_misc":{"Szacowany czas czytania":"1 minuta"},"schema":{"@context":"https:\/\/schema.org","@graph":[{"@type":"WebPage","@id":"https:\/\/armrelaxpad.com\/pl\/produkt\/podlokietnik-kruegers-10-cm\/","url":"https:\/\/armrelaxpad.com\/pl\/produkt\/podlokietnik-kruegers-10-cm\/","name":"Armrelaxpad, 10 cm - KDL GmbH","isPartOf":{"@id":"https:\/\/armrelaxpad.com\/pl\/#website"},"primaryImageOfPage":{"@id":"https:\/\/armrelaxpad.com\/pl\/produkt\/podlokietnik-kruegers-10-cm\/#primaryimage"},"image":{"@id":"https:\/\/armrelaxpad.com\/pl\/produkt\/podlokietnik-kruegers-10-cm\/#primaryimage"},"thumbnailUrl":"https:\/\/armrelaxpad.com\/wp-content\/uploads\/armrelaxpad-pdp.jpg","datePublished":"2013-06-07T09:36:34+00:00","dateModified":"2025-02-26T10:59:46+00:00","breadcrumb":{"@id":"https:\/\/armrelaxpad.com\/pl\/produkt\/podlokietnik-kruegers-10-cm\/#breadcrumb"},"inLanguage":"pl-PL","potentialAction":[{"@type":"ReadAction","target":["https:\/\/armrelaxpad.com\/pl\/produkt\/podlokietnik-kruegers-10-cm\/"]}]},{"@type":"ImageObject","inLanguage":"pl-PL","@id":"https:\/\/armrelaxpad.com\/pl\/produkt\/podlokietnik-kruegers-10-cm\/#primaryimage","url":"https:\/\/armrelaxpad.com\/wp-content\/uploads\/armrelaxpad-pdp.jpg","contentUrl":"https:\/\/armrelaxpad.com\/wp-content\/uploads\/armrelaxpad-pdp.jpg","width":2215,"height":2215},{"@type":"BreadcrumbList","@id":"https:\/\/armrelaxpad.com\/pl\/produkt\/podlokietnik-kruegers-10-cm\/#breadcrumb","itemListElement":[{"@type":"ListItem","position":1,"name":"Strona g\u0142\u00f3wna","item":"https:\/\/armrelaxpad.com\/pl\/"},{"@type":"ListItem","position":2,"name":"Nasze produkty","item":"https:\/\/armrelaxpad.com\/shop\/"},{"@type":"ListItem","position":3,"name":"Armrelaxpad, 10 cm"}]},{"@type":"WebSite","@id":"https:\/\/armrelaxpad.com\/pl\/#website","url":"https:\/\/armrelaxpad.com\/pl\/","name":"KDL GmbH","description":"","potentialAction":[{"@type":"SearchAction","target":{"@type":"EntryPoint","urlTemplate":"https:\/\/armrelaxpad.com\/pl\/?s={search_term_string}"},"query-input":{"@type":"PropertyValueSpecification","valueRequired":true,"valueName":"search_term_string"}}],"inLanguage":"pl-PL"}]}},"jetpack_sharing_enabled":true,"_links":{"self":[{"href":"https:\/\/armrelaxpad.com\/pl\/wp-json\/wp\/v2\/product\/9051","targetHints":{"allow":["GET"]}}],"collection":[{"href":"https:\/\/armrelaxpad.com\/pl\/wp-json\/wp\/v2\/product"}],"about":[{"href":"https:\/\/armrelaxpad.com\/pl\/wp-json\/wp\/v2\/types\/product"}],"replies":[{"embeddable":true,"href":"https:\/\/armrelaxpad.com\/pl\/wp-json\/wp\/v2\/comments?post=9051"}],"wp:featuredmedia":[{"embeddable":true,"href":"https:\/\/armrelaxpad.com\/pl\/wp-json\/wp\/v2\/media\/10577"}],"wp:attachment":[{"href":"https:\/\/armrelaxpad.com\/pl\/wp-json\/wp\/v2\/media?parent=9051"}],"wp:term":[{"taxonomy":"product_brand","embeddable":true,"href":"https:\/\/armrelaxpad.com\/pl\/wp-json\/wp\/v2\/product_brand?post=9051"},{"taxonomy":"product_cat","embeddable":true,"href":"https:\/\/armrelaxpad.com\/pl\/wp-json\/wp\/v2\/product_cat?post=9051"},{"taxonomy":"product_tag","embeddable":true,"href":"https:\/\/armrelaxpad.com\/pl\/wp-json\/wp\/v2\/product_tag?post=9051"}],"curies":[{"name":"wp","href":"https:\/\/api.w.org\/{rel}","templated":true}]}}